{"id":12840,"date":"2026-03-07T12:41:59","date_gmt":"2026-03-07T12:41:59","guid":{"rendered":"https:\/\/moroccodreamvoyage.com\/?post_type=product&#038;p=12840"},"modified":"2026-03-07T13:14:42","modified_gmt":"2026-03-07T13:14:42","slug":"14-days-imperial-cities-desert-tour-morocco","status":"publish","type":"product","link":"https:\/\/moroccodreamvoyage.com\/tours\/14-days-imperial-cities-desert-tour-morocco","title":{"rendered":"14-Daagse Rondreis door de Keizerlijke Steden van Marokko &amp; Sahara Avontuur"},"content":{"rendered":"<section class=\"elementor-section elementor-top-section elementor-element elementor-element-d64cade elementor-section-boxed elementor-section-height-default elementor-section-height-default jet-parallax-section\" data-id=\"d64cade\" data-element_type=\"section\" data-settings=\"{&quot;jet_parallax_layout_list&quot;:[{&quot;jet_parallax_layout_image&quot;:{&quot;url&quot;:&quot;&quot;,&quot;id&quot;:&quot;&quot;,&quot;size&quot;:&quot;&quot;},&quot;_id&quot;:&quot;3d39d3e&quot;,&quot;jet_parallax_layout_speed&quot;:{&quot;unit&quot;:&quot;%&quot;,&quot;size&quot;:&quot;50&quot;,&quot;sizes&quot;:[]},&quot;jet_parallax_layout_bg_x&quot;:&quot;50&quot;,&quot;jet_parallax_layout_bg_y&quot;:&quot;50&quot;,&quot;jet_parallax_layout_image_tablet&quot;:{&quot;url&quot;:&quot;&quot;,&quot;id&quot;:&quot;&quot;,&quot;size&quot;:&quot;&quot;},&quot;jet_parallax_layout_image_mobile&quot;:{&quot;url&quot;:&quot;&quot;,&quot;id&quot;:&quot;&quot;,&quot;size&quot;:&quot;&quot;},&quot;jet_parallax_layout_type&quot;:&quot;scroll&quot;,&quot;jet_parallax_layout_direction&quot;:&quot;1&quot;,&quot;jet_parallax_layout_fx_direction&quot;:null,&quot;jet_parallax_layout_z_index&quot;:&quot;&quot;,&quot;jet_parallax_layout_bg_x_tablet&quot;:&quot;&quot;,&quot;jet_parallax_layout_bg_x_mobile&quot;:&quot;&quot;,&quot;jet_parallax_layout_bg_y_tablet&quot;:&quot;&quot;,&quot;jet_parallax_layout_bg_y_mobile&quot;:&quot;&quot;,&quot;jet_parallax_layout_bg_size&quot;:&quot;auto&quot;,&quot;jet_parallax_layout_bg_size_tablet&quot;:&quot;&quot;,&quot;jet_parallax_layout_bg_size_mobile&quot;:&quot;&quot;,&quot;jet_parallax_layout_animation_prop&quot;:&quot;transform&quot;,&quot;jet_parallax_layout_on&quot;:[&quot;desktop&quot;,&quot;tablet&quot;]}]}\">\n<div class=\"elementor-container elementor-column-gap-default\">\n<div class=\"elementor-column elementor-col-100 elementor-top-column elementor-element elementor-element-1627d9e\" data-id=\"1627d9e\" data-element_type=\"column\">\n<div class=\"elementor-widget-wrap elementor-element-populated\">\n<div class=\"elementor-element elementor-element-6642e14 elementor-widget elementor-widget-text-editor\" data-id=\"6642e14\" data-element_type=\"widget\" data-widget_type=\"text-editor.default\">\n<div class=\"elementor-widget-container\">\n<p data-start=\"306\" data-end=\"524\">Ontdek de magie van Marokko tijdens een 14-daagse reis door de beroemde keizerlijke steden, de Sahara woestijn, het Atlasgebergte en de Atlantische kust. Deze complete rondreis combineert cultuur, geschiedenis, adembenemende landschappen en authentieke Marokkaanse ervaringen.<\/p>\n<p data-start=\"526\" data-end=\"940\">Tijdens deze reis bezoek je de historische keizerlijke hoofdsteden <span class=\"hover:entity-accent entity-underline inline cursor-pointer align-baseline\"><span class=\"whitespace-normal\">Marrakesch<\/span><\/span>, <span class=\"hover:entity-accent entity-underline inline cursor-pointer align-baseline\"><span class=\"whitespace-normal\">F\u00e8s<\/span><\/span>, <span class=\"hover:entity-accent entity-underline inline cursor-pointer align-baseline\"><span class=\"whitespace-normal\">Mekn\u00e8s<\/span><\/span>und <span class=\"hover:entity-accent entity-underline inline cursor-pointer align-baseline\"><span class=\"whitespace-normal\">Rabat<\/span><\/span>,samen met de beroemde blauwe stad <span class=\"hover:entity-accent entity-underline inline cursor-pointer align-baseline\"><span class=\"whitespace-normal\">Chefchaouen<\/span><\/span>,  de Sahara van <span class=\"hover:entity-accent entity-underline inline cursor-pointer align-baseline\"><span class=\"whitespace-normal\">Merzouga Desert<\/span><\/span>,en de charmante kuststad <span class=\"hover:entity-accent entity-underline inline cursor-pointer align-baseline\"><span class=\"whitespace-normal\">Essaouira<\/span><\/span>.<\/p>\n<p data-start=\"942\" data-end=\"1037\">Deze tour is ideaal voor reizigers die het beste van Marokko willen ontdekken in \u00e9\u00e9n onvergetelijke reis.<\/p>\n<\/div>\n<\/div>\n<\/div>\n<\/div>\n<\/div>\n<\/section>\n<section class=\"elementor-section elementor-top-section elementor-element elementor-element-f3d9404 elementor-hidden-mobile elementor-section-boxed elementor-section-height-default elementor-section-height-default jet-parallax-section\" data-id=\"f3d9404\" data-element_type=\"section\" data-settings=\"{&quot;jet_parallax_layout_list&quot;:[{&quot;jet_parallax_layout_image&quot;:{&quot;url&quot;:&quot;&quot;,&quot;id&quot;:&quot;&quot;,&quot;size&quot;:&quot;&quot;},&quot;_id&quot;:&quot;0790f04&quot;,&quot;jet_parallax_layout_image_tablet&quot;:{&quot;url&quot;:&quot;&quot;,&quot;id&quot;:&quot;&quot;,&quot;size&quot;:&quot;&quot;},&quot;jet_parallax_layout_image_mobile&quot;:{&quot;url&quot;:&quot;&quot;,&quot;id&quot;:&quot;&quot;,&quot;size&quot;:&quot;&quot;},&quot;jet_parallax_layout_speed&quot;:{&quot;unit&quot;:&quot;%&quot;,&quot;size&quot;:50,&quot;sizes&quot;:[]},&quot;jet_parallax_layout_type&quot;:&quot;scroll&quot;,&quot;jet_parallax_layout_direction&quot;:&quot;1&quot;,&quot;jet_parallax_layout_fx_direction&quot;:null,&quot;jet_parallax_layout_z_index&quot;:&quot;&quot;,&quot;jet_parallax_layout_bg_x&quot;:50,&quot;jet_parallax_layout_bg_x_tablet&quot;:&quot;&quot;,&quot;jet_parallax_layout_bg_x_mobile&quot;:&quot;&quot;,&quot;jet_parallax_layout_bg_y&quot;:50,&quot;jet_parallax_layout_bg_y_tablet&quot;:&quot;&quot;,&quot;jet_parallax_layout_bg_y_mobile&quot;:&quot;&quot;,&quot;jet_parallax_layout_bg_size&quot;:&quot;auto&quot;,&quot;jet_parallax_layout_bg_size_tablet&quot;:&quot;&quot;,&quot;jet_parallax_layout_bg_size_mobile&quot;:&quot;&quot;,&quot;jet_parallax_layout_animation_prop&quot;:&quot;transform&quot;,&quot;jet_parallax_layout_on&quot;:[&quot;desktop&quot;,&quot;tablet&quot;]}],&quot;background_background&quot;:&quot;classic&quot;}\">\n<div class=\"jet-parallax-section__layout elementor-repeater-item-0790f04 jet-parallax-section__scroll-layout\"><\/div>\n<\/section>\n<hr data-start=\"914\" data-end=\"917\" \/>\n<h1 data-section-id=\"14bwmx\" data-start=\"1044\" data-end=\"1061\">Hoogtepunten van de Reis<\/h1>\n<p data-start=\"1062\" data-end=\"1354\">\u2728 Bezoek de vier keizerlijke steden van Marokko<br data-start=\"1102\" data-end=\"1105\" \/>\ud83d\udc2a Kamelenrit in de Sahara woestijn<br data-start=\"1143\" data-end=\"1146\" \/>\ud83c\udfdc Overnachting in een luxe woestijnkamp<br data-start=\"1182\" data-end=\"1185\" \/>\ud83c\udfd4 Reis door het Atlasgebergte<br data-start=\"1221\" data-end=\"1224\" \/>\ud83c\udffa Ontdek oude kasbahs en UNESCO-werelderfgoed<br data-start=\"1265\" data-end=\"1268\" \/>\ud83c\udf0a Bezoek de Atlantische kust<br data-start=\"1304\" data-end=\"1307\" \/>\ud83c\udfa8 Verken traditionele souks en medina\u2019s<\/p>\n<h3 data-start=\"919\" data-end=\"935\"><strong data-start=\"923\" data-end=\"935\">Leistungen<\/strong><\/h3>\n<h4 data-start=\"937\" data-end=\"952\">\u2705 Inklusive<\/h4>\n<p data-start=\"953\" data-end=\"1369\">\u2705 Ma\u00dfgeschneiderter, handgefertigter Reiseplan<br data-start=\"985\" data-end=\"988\" \/>\u2705 Unterst\u00fctzung lokaler Gemeinschaften durch lokale Beschaffung<br data-start=\"1041\" data-end=\"1044\" \/>\u2705 Unterkunft in Ihrer bevorzugten Hotelkategorie<br data-start=\"1092\" data-end=\"1095\" \/>\u2705 Ausgew\u00e4hlte Mahlzeiten (je nach Reiseverlauf)<br data-start=\"1140\" data-end=\"1143\" \/>\u2705 Organisierte Transporte vor Ort (Fahrer, Mietwagen oder \u00f6ffentliche Verkehrsmittel)<br data-start=\"1218\" data-end=\"1221\" \/>\u2705 Ausfl\u00fcge und authentische Erlebnisse mit erfahrenen Guides<br data-start=\"1278\" data-end=\"1281\" \/>\u2705 Eintrittsgeb\u00fchren f\u00fcr ausgew\u00e4hlte Sehensw\u00fcrdigkeiten<br data-start=\"1332\" data-end=\"1335\" \/>\u2705 24\/7 Betreuung und Unterst\u00fctzung vor Ort<\/p>\n<h4 data-start=\"1371\" data-end=\"1386\">\u274c Nicht inklusive<\/h4>\n<p data-start=\"1387\" data-end=\"1494\">\u274c Internationale Fl\u00fcge<br data-start=\"1410\" data-end=\"1413\" \/>\u274c Reiseversicherung<br data-start=\"1431\" data-end=\"1434\" \/>\u274c Visageb\u00fchren<br data-start=\"1448\" data-end=\"1451\" \/>\u274c Trinkgelder<br data-start=\"1470\" data-end=\"1473\" \/>\u274c Pers\u00f6nliche Ausgaben<\/p>\n<h4 data-start=\"1496\" data-end=\"1511\">\u2b50 Optional<\/h4>\n<p data-start=\"1512\" data-end=\"1605\">\u2b50 Sprechen Sie mit Ihrem lokalen Experten, wenn Sie ein besonderes Erlebnis zu Ihrer Reise hinzuf\u00fcgen m\u00f6chten.<\/p>\n<p data-start=\"2072\" data-end=\"2113\">","protected":false},"excerpt":{"rendered":"<p>Explore <strong>marokkanischen K\u00f6nigsst\u00e4dte<\/strong> on an unforgettable <strong>14-day journey<\/strong> from <strong>Marrakesch<\/strong> nach <strong>Rabat<\/strong>, <strong>F\u00e8s<\/strong>, <strong>Mekn\u00e8s<\/strong>und <strong>Casablanca<\/strong>&#8230;. Discover maze-like souks, UNESCO treasures, and the <strong>Ruinen von Volubilis<\/strong>, experience traditional crafts like <strong>leather-making in Fes<\/strong>, admire <strong>Bab-Mansour-Tores<\/strong>, and visit the iconic <strong>Hassan-II.-Moschee<\/strong>. With curated stays, guided experiences, and time to enjoy palaces, gardens, and hammams, this tour blends culture, history, and unforgettable Moroccan atmosphere.<\/p>","protected":false},"featured_media":12845,"comment_status":"open","ping_status":"closed","template":"","meta":[],"product_brand":[],"product_cat":[],"product_tag":[],"class_list":{"0":"post-12840","1":"product","2":"type-product","3":"status-publish","4":"has-post-thumbnail","6":"tour_phys-adventure-tours","7":"tour_phys-beach-holidays","8":"pa_destination-casablanca","9":"pa_destination-chefchaouen","10":"pa_destination-fez","11":"pa_destination-marrakech","12":"pa_destination-rabat","13":"pa_destination-tangier","15":"first","16":"instock","17":"featured","18":"shipping-taxable","19":"purchasable","20":"product-type-tour_phys"},"_links":{"self":[{"href":"https:\/\/moroccodreamvoyage.com\/deutsh\/wp-json\/wp\/v2\/product\/12840","targetHints":{"allow":["GET"]}}],"collection":[{"href":"https:\/\/moroccodreamvoyage.com\/deutsh\/wp-json\/wp\/v2\/product"}],"about":[{"href":"https:\/\/moroccodreamvoyage.com\/deutsh\/wp-json\/wp\/v2\/types\/product"}],"replies":[{"embeddable":true,"href":"https:\/\/moroccodreamvoyage.com\/deutsh\/wp-json\/wp\/v2\/comments?post=12840"}],"wp:featuredmedia":[{"embeddable":true,"href":"https:\/\/moroccodreamvoyage.com\/deutsh\/wp-json\/wp\/v2\/media\/12845"}],"wp:attachment":[{"href":"https:\/\/moroccodreamvoyage.com\/deutsh\/wp-json\/wp\/v2\/media?parent=12840"}],"wp:term":[{"taxonomy":"product_brand","embeddable":true,"href":"https:\/\/moroccodreamvoyage.com\/deutsh\/wp-json\/wp\/v2\/product_brand?post=12840"},{"taxonomy":"product_cat","embeddable":true,"href":"https:\/\/moroccodreamvoyage.com\/deutsh\/wp-json\/wp\/v2\/product_cat?post=12840"},{"taxonomy":"product_tag","embeddable":true,"href":"https:\/\/moroccodreamvoyage.com\/deutsh\/wp-json\/wp\/v2\/product_tag?post=12840"}],"curies":[{"name":"wp","href":"https:\/\/api.w.org\/{rel}","templated":true}]}}