{"id":12838,"date":"2026-03-01T15:41:28","date_gmt":"2026-03-01T15:41:28","guid":{"rendered":"https:\/\/moroccodreamvoyage.com\/?post_type=product&#038;p=12838"},"modified":"2026-03-01T16:46:29","modified_gmt":"2026-03-01T16:46:29","slug":"moroccos-imperial-cities-8-day-cultural-journey","status":"publish","type":"product","link":"https:\/\/moroccodreamvoyage.com\/tours\/moroccos-imperial-cities-8-day-cultural-journey","title":{"rendered":"Marokkos K\u00f6nigsst\u00e4dte: 8-t\u00e4gige Kulturreise"},"content":{"rendered":"<p data-start=\"104\" data-end=\"573\">Entdecken Sie die Magie der <strong data-start=\"125\" data-end=\"154\">marokkanischen K\u00f6nigsst\u00e4dte<\/strong> auf dieser unvergesslichen <strong data-start=\"177\" data-end=\"196\">8-t\u00e4gigen Reise voller<\/strong> Geschichte, Aromen und ikonischer Architektur. Tauchen Sie ein in die labyrinthartigen Souks und die unwiderstehliche K\u00fcche <strong data-start=\"310\" data-end=\"323\">Marrakesch<\/strong>, bevor Sie die ruhigen G\u00e4rten und die historische Eleganz <strong data-start=\"381\" data-end=\"390\">Rabat<\/strong>kennenlernen. Weiter geht es \u00fcber die beeindruckenden r\u00f6mischen <strong data-start=\"425\" data-end=\"453\">Ruinen von Volubilis<\/strong> nach <strong data-start=\"457\" data-end=\"464\">F\u00e8s<\/strong>, wo die alte Medina, traditionelle Lederherstellung und kr\u00e4ftige lokale Geschm\u00e4cker eine einzigartige Atmosph\u00e4re schaffen.<\/p>\n<p data-start=\"575\" data-end=\"912\">Weiterfahrt nach <strong data-start=\"587\" data-end=\"597\">Mekn\u00e8s<\/strong> , um die Pracht des <strong data-start=\"624\" data-end=\"644\">Bab-Mansour-Tores<\/strong> und der Medina zu bewundern, und erleben <strong data-start=\"684\" data-end=\"698\">Casablanca<\/strong> mit einem Besuch der majest\u00e4tischen <strong data-start=\"728\" data-end=\"748\">Hassan-II.-Moschee<\/strong>. Zum Abschluss kehren Sie nach Marrakesch zur\u00fcck \u2013 mit Pal\u00e4sten, G\u00e4rten und traditionellen Hammams als entspanntem Finale. Kultur, Erbe und atemberaubende Landschaften erwarten Sie auf jedem Schritt.<\/p>\n<hr data-start=\"914\" data-end=\"917\" \/>\n<h3 data-start=\"919\" data-end=\"935\"><strong data-start=\"923\" data-end=\"935\">Leistungen<\/strong><\/h3>\n<h4 data-start=\"937\" data-end=\"952\">\u2705 Inklusive<\/h4>\n<p data-start=\"953\" data-end=\"1369\">\u2705 Ma\u00dfgeschneiderter, handgefertigter Reiseplan<br data-start=\"985\" data-end=\"988\" \/>\u2705 Unterst\u00fctzung lokaler Gemeinschaften durch lokale Beschaffung<br data-start=\"1041\" data-end=\"1044\" \/>\u2705 Unterkunft in Ihrer bevorzugten Hotelkategorie<br data-start=\"1092\" data-end=\"1095\" \/>\u2705 Ausgew\u00e4hlte Mahlzeiten (je nach Reiseverlauf)<br data-start=\"1140\" data-end=\"1143\" \/>\u2705 Organisierte Transporte vor Ort (Fahrer, Mietwagen oder \u00f6ffentliche Verkehrsmittel)<br data-start=\"1218\" data-end=\"1221\" \/>\u2705 Ausfl\u00fcge und authentische Erlebnisse mit erfahrenen Guides<br data-start=\"1278\" data-end=\"1281\" \/>\u2705 Eintrittsgeb\u00fchren f\u00fcr ausgew\u00e4hlte Sehensw\u00fcrdigkeiten<br data-start=\"1332\" data-end=\"1335\" \/>\u2705 24\/7 Betreuung und Unterst\u00fctzung vor Ort<\/p>\n<h4 data-start=\"1371\" data-end=\"1386\">\u274c Nicht inklusive<\/h4>\n<p data-start=\"1387\" data-end=\"1494\">\u274c Internationale Fl\u00fcge<br data-start=\"1410\" data-end=\"1413\" \/>\u274c Reiseversicherung<br data-start=\"1431\" data-end=\"1434\" \/>\u274c Visageb\u00fchren<br data-start=\"1448\" data-end=\"1451\" \/>\u274c Trinkgelder<br data-start=\"1470\" data-end=\"1473\" \/>\u274c Pers\u00f6nliche Ausgaben<\/p>\n<h4 data-start=\"1496\" data-end=\"1511\">\u2b50 Optional<\/h4>\n<p data-start=\"1512\" data-end=\"1605\">\u2b50 Sprechen Sie mit Ihrem lokalen Experten, wenn Sie ein besonderes Erlebnis zu Ihrer Reise hinzuf\u00fcgen m\u00f6chten.<\/p>\n<hr data-start=\"1607\" data-end=\"1610\" \/>\n<h3 data-start=\"1612\" data-end=\"1641\"><strong data-start=\"1616\" data-end=\"1641\">Reiseverlauf auf einen Blick<\/strong><\/h3>\n<ul data-start=\"1642\" data-end=\"2113\">\n<li data-start=\"1642\" data-end=\"1699\">\n<p data-start=\"1644\" data-end=\"1699\"><strong data-start=\"1644\" data-end=\"1654\">Tag 1:<\/strong> Marrakesch \u2014 Willkommen im lebhaften Marrakesch!<\/p>\n<\/li>\n<li data-start=\"1700\" data-end=\"1762\">\n<p data-start=\"1702\" data-end=\"1762\"><strong data-start=\"1702\" data-end=\"1712\">Tag 2:<\/strong> Marrakesch \u2192 Rabat \u2014 Geschichte &amp; Ruhe in Rabat<\/p>\n<\/li>\n<li data-start=\"1763\" data-end=\"1818\">\n<p data-start=\"1765\" data-end=\"1818\"><strong data-start=\"1765\" data-end=\"1775\">Tag 3:<\/strong> Rabat \u2192 Volubilis \u2192 F\u00e8s \u2014 Weiterreise nach F\u00e8s<\/p>\n<\/li>\n<li data-start=\"1819\" data-end=\"1877\">\n<p data-start=\"1821\" data-end=\"1877\"><strong data-start=\"1821\" data-end=\"1831\">Tag 4:<\/strong> F\u00e8s \u2014 Lernen Sie jahrhundertealte Traditionen in F\u00e8s kennen<\/p>\n<\/li>\n<li data-start=\"1878\" data-end=\"1957\">\n<p data-start=\"1880\" data-end=\"1957\"><strong data-start=\"1880\" data-end=\"1890\">Tag 5:<\/strong> F\u00e8s \u2192 Mekn\u00e8s \u2192 Casablanca \u2014 Architektonische Highlights in Mekn\u00e8s<\/p>\n<\/li>\n<li data-start=\"1958\" data-end=\"2018\">\n<p data-start=\"1960\" data-end=\"2018\"><strong data-start=\"1960\" data-end=\"1970\">Tag 6:<\/strong> Casablanca \u2192 Marrakesch \u2014 R\u00fcckkehr nach Marrakesch!<\/p>\n<\/li>\n<li data-start=\"2019\" data-end=\"2069\">\n<p data-start=\"2021\" data-end=\"2069\"><strong data-start=\"2021\" data-end=\"2031\">Tag 7:<\/strong> Marrakesch \u2014 Ein letzter Tag in Marrakesch<\/p>\n<\/li>\n<li data-start=\"2070\" data-end=\"2113\">\n<p data-start=\"2072\" data-end=\"2113\"><strong data-start=\"2072\" data-end=\"2082\">Tag 8:<\/strong> Marrakesch \u2014 Auf Wiedersehen, Marokko<\/p>\n<\/li>\n<\/ul>","protected":false},"excerpt":{"rendered":"<p>Explore <strong>marokkanischen K\u00f6nigsst\u00e4dte<\/strong> on an unforgettable <strong>8-day journey<\/strong> from <strong>Marrakesch<\/strong> nach <strong>Rabat<\/strong>, <strong>F\u00e8s<\/strong>, <strong>Mekn\u00e8s<\/strong>und <strong>Casablanca<\/strong>. Discover maze-like souks, UNESCO treasures, and the <strong>Ruinen von Volubilis<\/strong>, experience traditional crafts like <strong>leather-making in Fes<\/strong>, admire <strong>Bab-Mansour-Tores<\/strong>, and visit the iconic <strong>Hassan-II.-Moschee<\/strong>. With curated stays, guided experiences, and time to enjoy palaces, gardens, and hammams, this tour blends culture, history, and unforgettable Moroccan atmosphere.<\/p>","protected":false},"featured_media":12439,"comment_status":"open","ping_status":"closed","template":"","meta":[],"product_brand":[],"product_cat":[],"product_tag":[],"class_list":{"0":"post-12838","1":"product","2":"type-product","3":"status-publish","4":"has-post-thumbnail","6":"tour_phys-river-cruise","7":"pa_destination-casablanca","8":"pa_destination-fez","9":"pa_destination-marrakech","10":"pa_destination-rabat","12":"first","13":"instock","14":"featured","15":"shipping-taxable","16":"purchasable","17":"product-type-tour_phys"},"_links":{"self":[{"href":"https:\/\/moroccodreamvoyage.com\/deutsh\/wp-json\/wp\/v2\/product\/12838","targetHints":{"allow":["GET"]}}],"collection":[{"href":"https:\/\/moroccodreamvoyage.com\/deutsh\/wp-json\/wp\/v2\/product"}],"about":[{"href":"https:\/\/moroccodreamvoyage.com\/deutsh\/wp-json\/wp\/v2\/types\/product"}],"replies":[{"embeddable":true,"href":"https:\/\/moroccodreamvoyage.com\/deutsh\/wp-json\/wp\/v2\/comments?post=12838"}],"wp:featuredmedia":[{"embeddable":true,"href":"https:\/\/moroccodreamvoyage.com\/deutsh\/wp-json\/wp\/v2\/media\/12439"}],"wp:attachment":[{"href":"https:\/\/moroccodreamvoyage.com\/deutsh\/wp-json\/wp\/v2\/media?parent=12838"}],"wp:term":[{"taxonomy":"product_brand","embeddable":true,"href":"https:\/\/moroccodreamvoyage.com\/deutsh\/wp-json\/wp\/v2\/product_brand?post=12838"},{"taxonomy":"product_cat","embeddable":true,"href":"https:\/\/moroccodreamvoyage.com\/deutsh\/wp-json\/wp\/v2\/product_cat?post=12838"},{"taxonomy":"product_tag","embeddable":true,"href":"https:\/\/moroccodreamvoyage.com\/deutsh\/wp-json\/wp\/v2\/product_tag?post=12838"}],"curies":[{"name":"wp","href":"https:\/\/api.w.org\/{rel}","templated":true}]}}