{"id":12463,"date":"2025-11-23T12:51:05","date_gmt":"2025-11-23T12:51:05","guid":{"rendered":"https:\/\/moroccodreamvoyage.com\/?post_type=product&#038;p=12463"},"modified":"2026-01-23T20:08:24","modified_gmt":"2026-01-23T20:08:24","slug":"marrakech-atlas-mountains-day-trip-with-camel-ride","status":"publish","type":"product","link":"https:\/\/moroccodreamvoyage.com\/tours\/marrakech-atlas-mountains-day-trip-with-camel-ride","title":{"rendered":"Atlasgebirge Tagesausflug ab Marrakesch mit Kamelritt"},"content":{"rendered":"<p data-start=\"405\" data-end=\"717\">Entdecken Sie die spektakul\u00e4re Natur des <strong data-start=\"491\" data-end=\"515\">Hohen Atlasgebirges<\/strong> und das charmante Dorf <strong data-start=\"547\" data-end=\"556\">Imlil<\/strong>Erleben Sie Berberkultur, schneebedeckte Gipfel, Terrassenfelder und einen unvergesslichen <strong data-start=\"671\" data-end=\"685\">Kamelritt<\/strong> in den Bergen. \ud83c\udfd4\ufe0f\ud83d\udc2a<\/p>\n<hr data-start=\"719\" data-end=\"722\" \/>\n<h3 data-start=\"724\" data-end=\"753\"><strong data-start=\"728\" data-end=\"753\">\u00dcber dieses Erlebnis<\/strong><\/h3>\n<p data-start=\"755\" data-end=\"1198\"><strong data-start=\"755\" data-end=\"779\">\u274c Kostenlose Stornierung:<\/strong> Bis zu 24 Stunden im Voraus f\u00fcr eine vollst\u00e4ndige R\u00fcckerstattung.<br data-start=\"831\" data-end=\"834\" \/><strong data-start=\"834\" data-end=\"861\">\ud83d\udcb3 Jetzt buchen, sp\u00e4ter zahlen<\/strong> Reservieren Sie Ihren Platz heute, ohne sofort zu bezahlen.<br data-start=\"913\" data-end=\"916\" \/><strong data-start=\"916\" data-end=\"932\">\ud83d\udd52 Dauer:<\/strong> 8 Stunden<br data-start=\"940\" data-end=\"943\" \/><strong data-start=\"943\" data-end=\"971\">\ud83d\udde3\ufe0f Verf\u00fcgbare Sprachen:<\/strong> English, French, German, Arabic, Spanish, Italian<br data-start=\"1021\" data-end=\"1024\" \/><strong data-start=\"1024\" data-end=\"1047\">\ud83d\ude90 Abholung inklusive:<\/strong> From your hotel or riad in Marrakech (for inaccessible riads, a nearby meeting point will be arranged).<br data-start=\"1151\" data-end=\"1154\" \/><strong data-start=\"1154\" data-end=\"1172\">\ud83d\udc65<\/strong> Maximum 14 participants<\/p>\n<hr data-start=\"1200\" data-end=\"1203\" \/>\n<h3 data-start=\"1205\" data-end=\"1223\"><strong data-start=\"1209\" data-end=\"1223\">H\u00f6hepunkte<\/strong><\/h3>\n<p data-start=\"1225\" data-end=\"1629\">\u2705 Erkundung <strong data-start=\"1239\" data-end=\"1255\">des Imlil-Tals<\/strong> mit einem erfahrenen lokalen Guide.<br data-start=\"1289\" data-end=\"1292\" \/>\u2705 Besuch eines traditionellen Berberdorfes und <strong data-start=\"1339\" data-end=\"1351\">Minztee<\/strong> einheimischen Familie.<br data-start=\"1372\" data-end=\"1375\" \/>\u2705 Bewundern <strong data-start=\"1384\" data-end=\"1401\">Sie den Berg Toubkal<\/strong>\u2013 mit 4.167 m der h\u00f6chste Gipfel Nordafrikas.<br data-start=\"1454\" data-end=\"1457\" \/>\u2705 Panoramablicke auf terrassierte Felder, Kirschplantagen und T\u00e4ler.<br data-start=\"1525\" data-end=\"1528\" \/>\u2705 Kamelritt <strong data-start=\"1543\" data-end=\"1557\">Kamelritt<\/strong> Bergen.<br data-start=\"1575\" data-end=\"1578\" \/>\u2705 Traditionelles Berber-Mittagessen in einem lokalen G\u00e4stehaus.<\/p>\n<hr data-start=\"1631\" data-end=\"1634\" \/>\n<h3 data-start=\"1636\" data-end=\"1660\"><strong data-start=\"1640\" data-end=\"1660\">Vollst\u00e4ndige Beschreibung<\/strong><\/h3>\n<p data-start=\"1662\" data-end=\"1922\">Beginnen Sie Ihren Tag mit der Abholung von Ihrem Hotel oder Riad in Marrakesch. Die Fahrt f\u00fchrt Sie in <strong data-start=\"1741\" data-end=\"1750\">Imlil<\/strong>, vorbei an Tahannaout <strong data-start=\"1768\" data-end=\"1782\">mit herrlichen<\/strong> Ausblicken entlang der Strecke. Unterwegs besuchen Sie eine lokale <strong data-start=\"1840\" data-end=\"1865\">Argan\u00f6l-Kooperative<\/strong> und erfahren, wie Berberfrauen die ber\u00fchmten Arganprodukte herstellen.<\/p>\n<p data-start=\"1924\" data-end=\"2151\">Weiterfahrt nach <strong data-start=\"1936\" data-end=\"1944\">Asni<\/strong>, wo Sie samstags einen traditionellen Berbermarkt besuchen k\u00f6nnen. Nach der Ankunft in <strong data-start=\"2028\" data-end=\"2037\">Imlil<\/strong>, werden Sie mit <strong data-start=\"2065\" data-end=\"2077\">Minztee<\/strong> empfangen und treffen Ihren Guide, bevor Sie das gr\u00f6\u00dfte Dorf des Tals erkunden.<\/p>\n<p data-start=\"2153\" data-end=\"2362\">Auf dem Weg passieren Sie Wasserf\u00e4lle und kleine Weiler wie <strong data-start=\"2212\" data-end=\"2244\">Ait Mizan, Targa und Imoula<\/strong>. In <strong data-start=\"2254\" data-end=\"2266\">Tamatert<\/strong> halten Sie an, um die Terrassen mit Gerste, Mais und Gem\u00fcse zu bewundern, umgeben von Kirsch- und Walnussb\u00e4umen.<\/p>\n<p data-start=\"2364\" data-end=\"2553\">W\u00e4hrend der gesamten Tour erhalten Sie spannende Einblicke in die Berberkultur und -traditionen. Weiter geht es durch <strong data-start=\"2469\" data-end=\"2482\">Ait Souka<\/strong>, bevor Sie ein <strong data-start=\"2497\" data-end=\"2527\">traditionelles marokkanisches Mittagessen<\/strong> in einem Berber-G\u00e4stehaus genie\u00dfen.<\/p>\n<p data-start=\"2555\" data-end=\"2777\">Nach dem Mittagessen \u00fcberqueren Sie das Tal in Richtung <strong data-start=\"2596\" data-end=\"2608\">Taourirt<\/strong> und unternehmen einen <strong data-start=\"2625\" data-end=\"2639\">Kamelritt<\/strong> wundersch\u00f6ne Berglandschaft. Am sp\u00e4ten Nachmittag R\u00fcckfahrt nach Marrakesch und Absetzung an Ihrem Hotel.<\/p>\n<hr data-start=\"2779\" data-end=\"2782\" \/>\n<h3 data-start=\"2784\" data-end=\"2800\"><strong data-start=\"2788\" data-end=\"2800\">Inbegriffen<\/strong><\/h3>\n<p data-start=\"2802\" data-end=\"2960\">\u2705 Hin- und R\u00fccktransport ab Marrakesch<br data-start=\"2844\" data-end=\"2847\" \/>\u2705 Professioneller lokaler Guide (mehrsprachig)<br data-start=\"2888\" data-end=\"2891\" \/>\u2705 Traditionelles marokkanisches Mittagessen<br data-start=\"2919\" data-end=\"2922\" \/>\u2705 Minztee und Kaffee<br data-start=\"2943\" data-end=\"2946\" \/>\u2705 Kamelritt<\/p>\n<p data-start=\"2962\" data-end=\"3059\"><strong data-start=\"2962\" data-end=\"2979\">Nicht enthalten:<\/strong><br data-start=\"2979\" data-end=\"2982\" \/>\u274c Pers\u00f6nliche Ausgaben<br data-start=\"3001\" data-end=\"3004\" \/>\u274c Trinkgelder<br data-start=\"3010\" data-end=\"3013\" \/><strong data-start=\"3013\" data-end=\"3034\">Nicht geeignet f\u00fcr<\/strong><br data-start=\"3034\" data-end=\"3037\" \/>\u274c Schwangere Reisende<\/p>\n<hr data-start=\"3061\" data-end=\"3064\" \/>\n<h3 data-start=\"3066\" data-end=\"3095\"><strong data-start=\"3070\" data-end=\"3095\">Wichtige Informationen<\/strong><\/h3>\n<p data-start=\"3097\" data-end=\"3301\"><strong data-start=\"3097\" data-end=\"3107\">Mitbringen:<\/strong> Warme Kleidung, Hut, Sonnenbrille, Kamera, Sonnencreme, festes Schuhwerk.<br data-start=\"3171\" data-end=\"3174\" \/><strong data-start=\"3174\" data-end=\"3183\">Hinweis:<\/strong> Bei Ern\u00e4hrungseinschr\u00e4nkungen oder eingeschr\u00e4nkter Mobilit\u00e4t informieren Sie den Veranstalter bitte im Voraus, damit alternative L\u00f6sungen organisiert werden k\u00f6nnen.<\/p>","protected":false},"excerpt":{"rendered":"<p>Escape the city of <strong>Marrakesch<\/strong> and explore the stunning <strong>Hohen Atlasgebirges<\/strong> on this full-day excursion. Visit a <strong>Berber Argan oil cooperative<\/strong>, enjoy <strong>Minztee<\/strong> with local families, hike through the scenic <strong>des Imlil-Tals<\/strong>, and experience a <strong>Kamelritt<\/strong> across breathtaking mountain landscapes. A traditional Moroccan lunch and round-trip <strong>hotel transport<\/strong> make this a complete, stress-free adventure.<\/p>","protected":false},"featured_media":12464,"comment_status":"open","ping_status":"closed","template":"","meta":[],"product_brand":[],"product_cat":[],"product_tag":[],"class_list":{"0":"post-12463","1":"product","2":"type-product","3":"status-publish","4":"has-post-thumbnail","6":"tour_phys-river-cruise","7":"pa_destination-marrakech","9":"first","10":"instock","11":"featured","12":"shipping-taxable","13":"purchasable","14":"product-type-tour_phys"},"_links":{"self":[{"href":"https:\/\/moroccodreamvoyage.com\/deutsh\/wp-json\/wp\/v2\/product\/12463","targetHints":{"allow":["GET"]}}],"collection":[{"href":"https:\/\/moroccodreamvoyage.com\/deutsh\/wp-json\/wp\/v2\/product"}],"about":[{"href":"https:\/\/moroccodreamvoyage.com\/deutsh\/wp-json\/wp\/v2\/types\/product"}],"replies":[{"embeddable":true,"href":"https:\/\/moroccodreamvoyage.com\/deutsh\/wp-json\/wp\/v2\/comments?post=12463"}],"wp:featuredmedia":[{"embeddable":true,"href":"https:\/\/moroccodreamvoyage.com\/deutsh\/wp-json\/wp\/v2\/media\/12464"}],"wp:attachment":[{"href":"https:\/\/moroccodreamvoyage.com\/deutsh\/wp-json\/wp\/v2\/media?parent=12463"}],"wp:term":[{"taxonomy":"product_brand","embeddable":true,"href":"https:\/\/moroccodreamvoyage.com\/deutsh\/wp-json\/wp\/v2\/product_brand?post=12463"},{"taxonomy":"product_cat","embeddable":true,"href":"https:\/\/moroccodreamvoyage.com\/deutsh\/wp-json\/wp\/v2\/product_cat?post=12463"},{"taxonomy":"product_tag","embeddable":true,"href":"https:\/\/moroccodreamvoyage.com\/deutsh\/wp-json\/wp\/v2\/product_tag?post=12463"}],"curies":[{"name":"wp","href":"https:\/\/api.w.org\/{rel}","templated":true}]}}