{"id":12453,"date":"2025-11-23T12:31:14","date_gmt":"2025-11-23T12:31:14","guid":{"rendered":"https:\/\/moroccodreamvoyage.com\/?post_type=product&#038;p=12453"},"modified":"2026-02-06T21:33:46","modified_gmt":"2026-02-06T21:33:46","slug":"marrakech-day-trip-to-essaouira-with-argan-oil-cooperative-visit","status":"publish","type":"product","link":"https:\/\/moroccodreamvoyage.com\/tours\/marrakech-day-trip-to-essaouira-with-argan-oil-cooperative-visit","title":{"rendered":"Essaouira: Tagesausflug von Marrakesch mit Argan\u00f6l-Besuch"},"content":{"rendered":"<p data-start=\"402\" data-end=\"787\">Unternehmen Sie einen ganzt\u00e4gigen Ausflug von Marrakesch in die Atlantik-K\u00fcstenstadt <strong data-start=\"480\" data-end=\"493\">Essaouira<\/strong>. Unterwegs halten Sie in <strong data-start=\"518\" data-end=\"531\">Chichaoua<\/strong> und besuchen eine lokale <strong data-start=\"550\" data-end=\"575\">Argan\u00f6l-Kooperative<\/strong>, wo Berberfrauen traditionelle Kosmetikprodukte herstellen. Erkunden Sie die historische Medina von Essaouira, genie\u00dfen Sie frische Meeresfr\u00fcchte im Hafen und lassen Sie die malerische K\u00fcste auf sich wirken. \ud83c\udf0a\ud83c\udff0<\/p>\n<hr data-start=\"789\" data-end=\"792\" \/>\n<h3 data-start=\"794\" data-end=\"823\"><strong data-start=\"798\" data-end=\"823\">\u00dcber dieses Erlebnis<\/strong><\/h3>\n<p data-start=\"825\" data-end=\"1142\"><strong data-start=\"825\" data-end=\"849\">\u274c Kostenlose Stornierung:<\/strong> Bis zu 24 Stunden im Voraus f\u00fcr eine vollst\u00e4ndige R\u00fcckerstattung.<br data-start=\"901\" data-end=\"904\" \/><strong data-start=\"904\" data-end=\"931\">\ud83d\udcb3 Jetzt buchen, sp\u00e4ter zahlen<\/strong> Reservieren Sie Ihren Platz heute, ohne sofort zu bezahlen.<br data-start=\"983\" data-end=\"986\" \/><strong data-start=\"986\" data-end=\"1002\">\ud83d\udd52 Dauer:<\/strong> 8 Stunden<br data-start=\"1010\" data-end=\"1013\" \/><strong data-start=\"1013\" data-end=\"1041\">\ud83d\udde3\ufe0f Verf\u00fcgbare Sprachen:<\/strong> Arabisch, Englisch, Franz\u00f6sisch, Spanisch<br data-start=\"1074\" data-end=\"1077\" \/><strong data-start=\"1077\" data-end=\"1100\">\ud83d\ude90 Abholung inklusive:<\/strong> Von Ihrem Hotel (oder Riad) in Marrakesch.<\/p>\n<hr data-start=\"1144\" data-end=\"1147\" \/>\n<h3 data-start=\"1149\" data-end=\"1167\"><strong data-start=\"1153\" data-end=\"1167\">H\u00f6hepunkte<\/strong><\/h3>\n<p data-start=\"1169\" data-end=\"1516\">\u2705 Spazieren Sie durch die engen, verwinkelten Gassen der UNESCO-gesch\u00fctzten Medina von Essaouira.<br data-start=\"1242\" data-end=\"1245\" \/>\u2705 Halt an einer lokalen Argan\u00f6l-Kooperative und Einblick in die Herstellung.<br data-start=\"1316\" data-end=\"1319\" \/>\u2705 Erkunden Sie den alten Hafen, portugiesische Festungsanlagen und historische Au\u00dfenposten.<br data-start=\"1402\" data-end=\"1405\" \/>\u2705 Genie\u00dfen Sie ein Meeresfr\u00fcchte-Mittagessen in einem lokalen Restaurant.<br data-start=\"1451\" data-end=\"1454\" \/>\u2705 Freizeit zum Einkaufen, Strandspaziergang oder Bewundern des Sonnenuntergangs.<\/p>\n<hr data-start=\"1518\" data-end=\"1521\" \/>\n<h3 data-start=\"1523\" data-end=\"1547\"><strong data-start=\"1527\" data-end=\"1547\">Vollst\u00e4ndige Beschreibung<\/strong><\/h3>\n<p data-start=\"1549\" data-end=\"1827\">Ihr Tag beginnt mit der Abholung von Ihrem Hotel oder Riad in Marrakesch in einem komfortablen, klimatisierten Fahrzeug. Fahrt durch die Haouz-Ebene vorbei an traditionellen Berberd\u00f6rfern bis nach Chichaoua. Kurze Kaffeepause und Einblick in das l\u00e4ndliche Leben Marokkos.<\/p>\n<p data-start=\"1829\" data-end=\"2027\">Halten Sie Ausschau nach Ziegen, die auf Arganb\u00e4umen klettern, und machen Sie Fotos, bevor Sie eine lokale Frauenkooperative besuchen. Erfahren Sie mehr \u00fcber die traditionelle Herstellung von Argan\u00f6l und entdecken Sie nat\u00fcrliche Kosmetikprodukte.<\/p>\n<p data-start=\"2029\" data-end=\"2333\">Anschlie\u00dfend Weiterfahrt nach <strong data-start=\"2047\" data-end=\"2060\">Essaouira<\/strong>, wo Ihnen etwa vier Stunden Freizeit zur Verf\u00fcgung stehen. Schlendern Sie durch die schachbrettartig angelegten Gassen der Medina, erkunden Sie den Hafen oder besichtigen Sie die portugiesischen Befestigungsanlagen und historischen Kanonenstellungen. St\u00f6bern Sie in Kunsthandwerksl\u00e4den und lebhaften Souks mit Gew\u00fcrzen, Handarbeiten und Souvenirs.<\/p>\n<p data-start=\"2335\" data-end=\"2613\">Bei Hunger genie\u00dfen Sie frische Meeresfr\u00fcchte am gesch\u00e4ftigen Hafen mit Blick auf die ber\u00fchmten blauen Boote und die Atlantikk\u00fcste. Nach Ihrem Aufenthalt in Essaouira treffen Sie Ihren Fahrer zur R\u00fcckfahrt nach Marrakesch und beenden Ihr ganzt\u00e4giges marokkanisches Abenteuer.<\/p>\n<hr data-start=\"2615\" data-end=\"2618\" \/>\n<h3 data-start=\"2620\" data-end=\"2636\"><strong data-start=\"2624\" data-end=\"2636\">Inbegriffen<\/strong><\/h3>\n<p data-start=\"2638\" data-end=\"2791\">\u2705 Hin- und R\u00fccktransport im klimatisierten Fahrzeug<br data-start=\"2695\" data-end=\"2698\" \/>\u2705 Professioneller Fahrer<br data-start=\"2719\" data-end=\"2722\" \/>\u2705 Besuch einer Argan\u00f6l-Kooperative<br data-start=\"2754\" data-end=\"2757\" \/>\u2705 Freizeit zur Erkundung von Essaouira<\/p>\n<p data-start=\"2793\" data-end=\"2887\"><strong data-start=\"2793\" data-end=\"2810\">Nicht enthalten:<\/strong><br data-start=\"2810\" data-end=\"2813\" \/>\u274c Mahlzeiten und Getr\u00e4nke (au\u00dfer Verkostung in der Kooperative)<br data-start=\"2867\" data-end=\"2870\" \/>\u274c Optionale Trinkgelder<\/p>\n<p data-start=\"2889\" data-end=\"2968\"><strong data-start=\"2889\" data-end=\"2910\">Nicht geeignet f\u00fcr<\/strong><br data-start=\"2910\" data-end=\"2913\" \/>\u274c Reisende mit eingeschr\u00e4nkter Mobilit\u00e4t oder Rollstuhlfahrer<\/p>\n<hr data-start=\"2970\" data-end=\"2973\" \/>\n<h3 data-start=\"2975\" data-end=\"2996\"><strong data-start=\"2979\" data-end=\"2996\">Treffpunkt<\/strong><\/h3>\n<p data-start=\"2998\" data-end=\"3080\">\ud83d\udccd Warten Sie auf Ihren Guide vor dem Hotel Islane, Avenue Mohammed V, Marrakesch.<\/p>\n<hr data-start=\"3082\" data-end=\"3085\" \/>\n<h3 data-start=\"3087\" data-end=\"3116\"><strong data-start=\"3091\" data-end=\"3116\">Wichtige Informationen<\/strong><\/h3>\n<p data-start=\"3118\" data-end=\"3390\"><strong data-start=\"3118\" data-end=\"3128\">Mitbringen:<\/strong> Bequeme Schuhe, Sonnenbrille, Hut, Kamera, Wasser.<br data-start=\"3179\" data-end=\"3182\" \/><strong data-start=\"3182\" data-end=\"3191\">Hinweis:<\/strong> Bitte Bargeld f\u00fcr pers\u00f6nliche Ausgaben mitbringen, da nicht \u00fcberall Kartenzahlung m\u00f6glich ist. Ein gewisses Ma\u00df an Gehstrecken ist erforderlich. Guides k\u00f6nnen in Essaouira auf Wunsch organisiert werden.<br data-start=\"3340\" data-end=\"3343\" \/><strong data-start=\"3343\" data-end=\"3358\">Nicht erlaubt:<\/strong> Haustiere, Rauchen im Fahrzeug.<\/p>","protected":false},"excerpt":{"rendered":"<p>Discover the Atlantic charm of <strong>Essaouira<\/strong> on a full-day excursion from <strong>Marrakesch<\/strong>. Visit a <strong>Berber Argan oil cooperative<\/strong> in Chichaoua, explore the historic medina and port of Essaouira, enjoy a scenic walk along the beach, and experience local artisan shops. Round-trip <strong>hotel transport<\/strong> and a professional driver make this an easy and stress-free journey, leaving you with unforgettable Moroccan memories.<\/p>","protected":false},"featured_media":12462,"comment_status":"open","ping_status":"closed","template":"","meta":[],"product_brand":[],"product_cat":[],"product_tag":[],"class_list":{"0":"post-12453","1":"product","2":"type-product","3":"status-publish","4":"has-post-thumbnail","6":"tour_phys-river-cruise","7":"pa_destination-essaouira","9":"first","10":"instock","11":"featured","12":"shipping-taxable","13":"purchasable","14":"product-type-tour_phys"},"_links":{"self":[{"href":"https:\/\/moroccodreamvoyage.com\/deutsh\/wp-json\/wp\/v2\/product\/12453","targetHints":{"allow":["GET"]}}],"collection":[{"href":"https:\/\/moroccodreamvoyage.com\/deutsh\/wp-json\/wp\/v2\/product"}],"about":[{"href":"https:\/\/moroccodreamvoyage.com\/deutsh\/wp-json\/wp\/v2\/types\/product"}],"replies":[{"embeddable":true,"href":"https:\/\/moroccodreamvoyage.com\/deutsh\/wp-json\/wp\/v2\/comments?post=12453"}],"wp:featuredmedia":[{"embeddable":true,"href":"https:\/\/moroccodreamvoyage.com\/deutsh\/wp-json\/wp\/v2\/media\/12462"}],"wp:attachment":[{"href":"https:\/\/moroccodreamvoyage.com\/deutsh\/wp-json\/wp\/v2\/media?parent=12453"}],"wp:term":[{"taxonomy":"product_brand","embeddable":true,"href":"https:\/\/moroccodreamvoyage.com\/deutsh\/wp-json\/wp\/v2\/product_brand?post=12453"},{"taxonomy":"product_cat","embeddable":true,"href":"https:\/\/moroccodreamvoyage.com\/deutsh\/wp-json\/wp\/v2\/product_cat?post=12453"},{"taxonomy":"product_tag","embeddable":true,"href":"https:\/\/moroccodreamvoyage.com\/deutsh\/wp-json\/wp\/v2\/product_tag?post=12453"}],"curies":[{"name":"wp","href":"https:\/\/api.w.org\/{rel}","templated":true}]}}