{"id":12421,"date":"2025-11-16T10:19:29","date_gmt":"2025-11-16T10:19:29","guid":{"rendered":"https:\/\/moroccodreamvoyage.com\/?post_type=product&#038;p=12421"},"modified":"2025-11-16T11:31:08","modified_gmt":"2025-11-16T11:31:08","slug":"merzouga-full-day-desert-tour","status":"publish","type":"product","link":"https:\/\/moroccodreamvoyage.com\/tours\/merzouga-full-day-desert-tour","title":{"rendered":"Ganztagesausflug Merzouga \u2013 W\u00fcste"},"content":{"rendered":"<p data-start=\"3274\" data-end=\"3474\">Your day begins with a pickup from your hotel in Merzouga. The adventure starts with a panoramic view of <strong data-start=\"3379\" data-end=\"3393\">Erg Chebbi<\/strong>, followed by a visit to <strong data-start=\"3418\" data-end=\"3429\">Khamlia<\/strong>, where you\u2019ll enjoy traditional Gnawa music.<\/p>\n<p data-start=\"3476\" data-end=\"3709\">Continue to the <strong data-start=\"3492\" data-end=\"3507\">Mifis Mines<\/strong>, a historical site with impressive desert views, before heading into the heart of the Sahara to meet a <strong data-start=\"3611\" data-end=\"3629\">nomadic family<\/strong>. You\u2019ll share tea inside their handmade tent and learn about Berber traditions.<\/p>\n<p data-start=\"3711\" data-end=\"3850\">Next, explore the <strong data-start=\"3729\" data-end=\"3745\">Black Desert<\/strong>, known for its volcanic stones and striking landscapes, then stop for lunch in a traditional restaurant.<\/p>\n<p data-start=\"3852\" data-end=\"3970\">Visit a <strong data-start=\"3860\" data-end=\"3879\">fossil workshop<\/strong>, where local experts will explain the region\u2019s unique geology and prehistoric discoveries.<\/p>\n<p data-start=\"3972\" data-end=\"4076\">End your experience with an optional camel ride or sunset over the dunes before returning to your hotel.<\/p>\n<hr data-start=\"810\" data-end=\"813\" \/>\n<h3 data-start=\"815\" data-end=\"844\"><strong data-start=\"819\" data-end=\"844\">\u00dcber dieses Erlebnis<\/strong><\/h3>\n<ul>\n<li data-start=\"397\" data-end=\"476\">\n<p data-start=\"399\" data-end=\"476\"><strong data-start=\"399\" data-end=\"420\">Free cancellation<\/strong><br data-start=\"420\" data-end=\"423\" \/>Bis zu 24 Stunden im Voraus f\u00fcr eine vollst\u00e4ndige R\u00fcckerstattung.<\/p>\n<\/li>\n<li data-start=\"477\" data-end=\"565\">\n<p data-start=\"479\" data-end=\"565\"><strong data-start=\"479\" data-end=\"506\">Reserve now &amp; pay later<\/strong><br data-start=\"506\" data-end=\"509\" \/>Keep your travel plans flexible \u2014 book now, pay later.<\/p>\n<\/li>\n<li data-start=\"566\" data-end=\"595\">\n<p data-start=\"568\" data-end=\"595\"><strong data-start=\"568\" data-end=\"581\">Dauer:<\/strong> <strong data-start=\"582\" data-end=\"595\">7\u20138 hours<\/strong><\/p>\n<\/li>\n<li data-start=\"596\" data-end=\"640\">\n<p data-start=\"598\" data-end=\"640\"><strong data-start=\"598\" data-end=\"620\">Check availability<\/strong> for starting times.<\/p>\n<\/li>\n<li data-start=\"641\" data-end=\"698\">\n<p data-start=\"643\" data-end=\"698\"><strong data-start=\"643\" data-end=\"663\">Live tour guide:<\/strong> Arabic, French, English, Spanish<\/p>\n<\/li>\n<li data-start=\"699\" data-end=\"730\">\n<p data-start=\"701\" data-end=\"730\"><strong data-start=\"701\" data-end=\"728\">Private group available<\/strong><\/p>\n<\/li>\n<\/ul>\n<hr data-start=\"1244\" data-end=\"1247\" \/>\n<h3 data-start=\"1249\" data-end=\"1269\">\u00a0<strong data-start=\"1255\" data-end=\"1269\">H\u00f6hepunkte<\/strong><\/h3>\n<ul>\n<li data-start=\"2811\" data-end=\"2866\">\n<p data-start=\"2813\" data-end=\"2866\">Erkunden Sie <strong data-start=\"2825\" data-end=\"2853\">highest dunes in Morocco<\/strong>: Erg Chebbi.<\/p>\n<\/li>\n<li data-start=\"2867\" data-end=\"2915\">\n<p data-start=\"2869\" data-end=\"2915\">Bezoek de <strong data-start=\"2886\" data-end=\"2903\">Gnawa village<\/strong> of Khamlia.<\/p>\n<\/li>\n<li data-start=\"2916\" data-end=\"2975\">\n<p data-start=\"2918\" data-end=\"2975\">Meet a <strong data-start=\"2925\" data-end=\"2955\">traditional nomadic family<\/strong> and enjoy mint tea.<\/p>\n<\/li>\n<li data-start=\"2976\" data-end=\"3042\">\n<p data-start=\"2978\" data-end=\"3042\">Discover the <strong data-start=\"2991\" data-end=\"3007\">Black Desert<\/strong>, volcanic rocks &amp; desert plateaus.<\/p>\n<\/li>\n<li data-start=\"3043\" data-end=\"3086\">\n<p data-start=\"3045\" data-end=\"3086\">Explore former <strong data-start=\"3060\" data-end=\"3076\">French mines<\/strong> at Mifis.<\/p>\n<\/li>\n<li data-start=\"3087\" data-end=\"3154\">\n<p data-start=\"3089\" data-end=\"3154\">Visit a <strong data-start=\"3097\" data-end=\"3116\">fossil workshop<\/strong> and learn about the region&#8217;s geology.<\/p>\n<\/li>\n<li data-start=\"3155\" data-end=\"3199\">\n<p data-start=\"3157\" data-end=\"3199\">Optional camel ride &amp; sunset in the dunes.<\/p>\n<\/li>\n<li data-start=\"3200\" data-end=\"3244\">\n<p data-start=\"3202\" data-end=\"3244\">Comfortable 4&#215;4 vehicle with hotel pickup.<\/p>\n<\/li>\n<\/ul>\n<h3 data-start=\"3366\" data-end=\"3384\">\u2705 <strong data-start=\"3372\" data-end=\"3384\">Inbegriffen<\/strong><\/h3>\n<ul>\n<li data-start=\"4098\" data-end=\"4125\">\n<p data-start=\"4100\" data-end=\"4125\">Hotel pickup &amp; drop-off<\/p>\n<\/li>\n<li data-start=\"4126\" data-end=\"4177\">\n<p data-start=\"4128\" data-end=\"4177\">Transportation in a 4&#215;4 air-conditioned vehicle<\/p>\n<\/li>\n<li data-start=\"4178\" data-end=\"4206\">\n<p data-start=\"4180\" data-end=\"4206\">Erfahrener lokaler Guide<\/p>\n<\/li>\n<li data-start=\"4207\" data-end=\"4224\">\n<p data-start=\"4209\" data-end=\"4224\">Flaschenwasser<\/p>\n<\/li>\n<li data-start=\"4225\" data-end=\"4271\">\n<p data-start=\"4227\" data-end=\"4271\">Visit to Khamlia (traditional Gnawa music)<\/p>\n<\/li>\n<li data-start=\"4272\" data-end=\"4296\">\n<p data-start=\"4274\" data-end=\"4296\">Visit to Mifis Mines<\/p>\n<\/li>\n<li data-start=\"4297\" data-end=\"4324\">\n<p data-start=\"4299\" data-end=\"4324\">Nomadic family tea stop<\/p>\n<\/li>\n<li data-start=\"4325\" data-end=\"4351\">\n<p data-start=\"4327\" data-end=\"4351\">Visit to fossil museum<\/p>\n<\/li>\n<li data-start=\"4352\" data-end=\"4376\">\n<p data-start=\"4354\" data-end=\"4376\">Panoramic viewpoints<\/p>\n<\/li>\n<li data-start=\"4377\" data-end=\"4397\">\n<p data-start=\"4379\" data-end=\"4397\">Travel insurance<\/p>\n<\/li>\n<li data-start=\"4398\" data-end=\"4431\">\n<p data-start=\"4400\" data-end=\"4431\">Optional camel ride (if chosen)<\/p>\n<\/li>\n<\/ul>\n<h3 data-start=\"3670\" data-end=\"3692\">\u274c <strong data-start=\"3676\" data-end=\"3692\">Nicht enthalten<\/strong><\/h3>\n<ul data-start=\"3693\" data-end=\"3711\">\n<li data-start=\"3693\" data-end=\"3711\">\n<p data-start=\"3695\" data-end=\"3711\">Food or snacks<\/p>\n<\/li>\n<\/ul>\n<p data-start=\"3934\" data-end=\"3983\">","protected":false},"excerpt":{"rendered":"<p>Explore the golden dunes of Erg Chebbi, Berber villages, panoramic viewpoints, fossil sites, and nomadic life \u2014 all in one unforgettable day.<\/p>","protected":false},"featured_media":12425,"comment_status":"open","ping_status":"closed","template":"","meta":[],"product_brand":[],"product_cat":[],"product_tag":[],"class_list":{"0":"post-12421","1":"product","2":"type-product","3":"status-publish","4":"has-post-thumbnail","6":"tour_phys-river-cruise","7":"tour_phys-round-trips","8":"pa_destination-dakhla","10":"first","11":"instock","12":"featured","13":"shipping-taxable","14":"purchasable","15":"product-type-tour_phys"},"_links":{"self":[{"href":"https:\/\/moroccodreamvoyage.com\/deutsh\/wp-json\/wp\/v2\/product\/12421","targetHints":{"allow":["GET"]}}],"collection":[{"href":"https:\/\/moroccodreamvoyage.com\/deutsh\/wp-json\/wp\/v2\/product"}],"about":[{"href":"https:\/\/moroccodreamvoyage.com\/deutsh\/wp-json\/wp\/v2\/types\/product"}],"replies":[{"embeddable":true,"href":"https:\/\/moroccodreamvoyage.com\/deutsh\/wp-json\/wp\/v2\/comments?post=12421"}],"wp:featuredmedia":[{"embeddable":true,"href":"https:\/\/moroccodreamvoyage.com\/deutsh\/wp-json\/wp\/v2\/media\/12425"}],"wp:attachment":[{"href":"https:\/\/moroccodreamvoyage.com\/deutsh\/wp-json\/wp\/v2\/media?parent=12421"}],"wp:term":[{"taxonomy":"product_brand","embeddable":true,"href":"https:\/\/moroccodreamvoyage.com\/deutsh\/wp-json\/wp\/v2\/product_brand?post=12421"},{"taxonomy":"product_cat","embeddable":true,"href":"https:\/\/moroccodreamvoyage.com\/deutsh\/wp-json\/wp\/v2\/product_cat?post=12421"},{"taxonomy":"product_tag","embeddable":true,"href":"https:\/\/moroccodreamvoyage.com\/deutsh\/wp-json\/wp\/v2\/product_tag?post=12421"}],"curies":[{"name":"wp","href":"https:\/\/api.w.org\/{rel}","templated":true}]}}