{"id":12385,"date":"2025-11-11T21:02:33","date_gmt":"2025-11-11T21:02:33","guid":{"rendered":"https:\/\/moroccodreamvoyage.com\/?post_type=product&#038;p=12385"},"modified":"2026-02-09T20:19:36","modified_gmt":"2026-02-09T20:19:36","slug":"marrakech-day-trip-to-oualidia-safi-on-the-atlantic-coast","status":"publish","type":"product","link":"https:\/\/moroccodreamvoyage.com\/tours\/marrakech-day-trip-to-oualidia-safi-on-the-atlantic-coast","title":{"rendered":"Oualidia Tagesausflug \u2013 Lagune, Str\u00e4nde &amp; Austern-Erlebnis"},"content":{"rendered":"<p data-start=\"86\" data-end=\"473\">Entfliehen Sie in die ruhige K\u00fcstenstadt <strong data-start=\"481\" data-end=\"493\">Oualidia<\/strong>, ber\u00fchmt f\u00fcr ihre blaue Lagune, goldenen Str\u00e4nde, frischen Austern und entspannte Atmosph\u00e4re.<br data-start=\"572\" data-end=\"575\" \/>Dieser ganzt\u00e4gige Ausflug ist ideal f\u00fcr Reisende, die ein erholsames Erlebnis mit sch\u00f6nen Landschaften, Meeresfr\u00fcchten, Bootstouren und Vogelbeobachtung suchen.<\/p>\n<h4 data-start=\"475\" data-end=\"503\">\u00dcber dieses Erlebnis<\/h4>\n<p data-start=\"504\" data-end=\"990\">\ud83d\udd50 <strong data-start=\"507\" data-end=\"520\">Dauer:<\/strong> 1 ganzer Tag (ca. 13 Stunden)<br data-start=\"550\" data-end=\"553\" \/>\ud83d\udcb3 <strong data-start=\"556\" data-end=\"579\">Jetzt buchen, sp\u00e4ter zahlen<\/strong> \u2014 Sichern Sie sich Ihren Platz heute und zahlen Sie erst sp\u00e4ter.<br data-start=\"637\" data-end=\"640\" \/>\u274c <strong data-start=\"642\" data-end=\"664\">Kostenlose Stornierung:<\/strong> Bis zu 24 Stunden im Voraus f\u00fcr eine vollst\u00e4ndige R\u00fcckerstattung.<br data-start=\"716\" data-end=\"719\" \/>\ud83d\ude90 <strong data-start=\"722\" data-end=\"744\">Abholung &amp; R\u00fcckgabe:<\/strong> Inklusive Abholung von Ihrem Hotel, Riad oder einem nahegelegenen Treffpunkt in Marrakesch.<br data-start=\"826\" data-end=\"829\" \/>\u267f <strong data-start=\"831\" data-end=\"857\">Rollstuhlgerecht:<\/strong> F\u00fcr alle Reisenden geeignet.<br data-start=\"885\" data-end=\"888\" \/>\u2b50 <strong data-start=\"890\" data-end=\"901\">Bewertung:<\/strong> 4,5 \/ 5 Sterne \u2014 basierend auf 10 verifizierten Bewertungen.<br data-start=\"947\" data-end=\"950\" \/>\ud83c\udfe2 <strong data-start=\"953\" data-end=\"971\">Tourveranstalter:<\/strong> Click Excursions<\/p>\n<h4 data-start=\"992\" data-end=\"1009\">H\u00f6hepunkte<\/h4>\n<ul>\n<li data-start=\"2326\" data-end=\"2385\">\n<p data-start=\"2328\" data-end=\"2385\">\ud83c\udf0a Entdecken Sie Marokkos sch\u00f6nste nat\u00fcrliche Lagune<\/p>\n<\/li>\n<li data-start=\"2386\" data-end=\"2432\">\n<p data-start=\"2388\" data-end=\"2432\">\ud83d\udea4 Optionale Bootsfahrt mit lokalen Fischern<\/p>\n<\/li>\n<li data-start=\"2433\" data-end=\"2486\">\n<p data-start=\"2435\" data-end=\"2486\">\ud83e\uddaa Besuch von Austernfarmen &amp; Verkostung frischer Austern<\/p>\n<\/li>\n<li data-start=\"2487\" data-end=\"2524\">\n<p data-start=\"2489\" data-end=\"2524\">\ud83c\udfd6\ufe0f Entspannen an sauberen, ruhigen Str\u00e4nden<\/p>\n<\/li>\n<li data-start=\"2525\" data-end=\"2571\">\n<p data-start=\"2527\" data-end=\"2571\">\ud83d\udcf8 Perfekt f\u00fcr Fotografie- &amp; Naturliebhaber<\/p>\n<\/li>\n<li data-start=\"2572\" data-end=\"2623\">\n<p data-start=\"2574\" data-end=\"2623\">\ud83d\udc26 Vogelbeobachtung (Flamingos im Herbst &amp; Winter)<\/p>\n<\/li>\n<li data-start=\"2624\" data-end=\"2666\">\n<p data-start=\"2626\" data-end=\"2666\">\ud83d\ude90 Komfortable Hotelabholung &amp; R\u00fccktransfer<\/p>\n<\/li>\n<\/ul>\n<h4 data-start=\"1528\" data-end=\"1543\">Inklusive<\/h4>\n<p data-start=\"1544\" data-end=\"1764\">\u2705 Abholung und R\u00fccktransfer vom Hotel oder Riad<br data-start=\"1579\" data-end=\"1582\" \/>\u2705 Komfortabler, klimatisierter Transport<br data-start=\"1621\" data-end=\"1624\" \/>\u2705 Professioneller Fahrer-Guide<br data-start=\"1651\" data-end=\"1654\" \/>\u2705 Kostenloses WLAN an Bord<br data-start=\"1674\" data-end=\"1677\" \/>\u274c Mahlzeiten &amp; Getr\u00e4nke (vor Ort erh\u00e4ltlich)<br data-start=\"1720\" data-end=\"1723\" \/>\u274c Optionale Aktivit\u00e4ten &amp; Eintrittsgeb\u00fchren<\/p>\n<h4 data-start=\"1766\" data-end=\"1786\">Treffpunkt<\/h4>\n<p data-start=\"1787\" data-end=\"1848\">\ud83d\udccd Abholung ist von Ihrer Unterkunft in Marrakesch inklusive.<\/p>\n<ul data-start=\"1849\" data-end=\"2162\">\n<li data-start=\"1849\" data-end=\"1878\">\n<p data-start=\"1851\" data-end=\"1878\">Abholzeit: <strong data-start=\"1864\" data-end=\"1875\">07:00 Uhr<\/strong>.<\/p>\n<\/li>\n<li data-start=\"1879\" data-end=\"1985\">\n<p data-start=\"1881\" data-end=\"1985\">Sie erhalten die Best\u00e4tigung Ihrer Abholdetails am Abend vor der Tour per E-Mail oder WhatsApp.<\/p>\n<\/li>\n<li data-start=\"1986\" data-end=\"2069\">\n<p data-start=\"1988\" data-end=\"2069\">Falls Ihr Riad nicht mit dem Auto erreichbar ist, wird ein nahegelegener Treffpunkt organisiert.<\/p>\n<\/li>\n<li data-start=\"2070\" data-end=\"2162\">\n<p data-start=\"2072\" data-end=\"2162\">Die R\u00fcckkehr nach Marrakesch erfolgt gegen ca. <strong data-start=\"2115\" data-end=\"2126\">20:00 Uhr<\/strong>, abh\u00e4ngig von Verkehr oder Wetter.<\/p>\n<\/li>\n<\/ul>\n<h4 data-start=\"2164\" data-end=\"2192\">Wichtige Informationen<\/h4>\n<p data-start=\"2193\" data-end=\"2491\">\ud83d\udc55 Tragen Sie bequeme Kleidung und bringen Sie Sonnenbrille, Sonnencreme und eine Kopfbedeckung mit.<br data-start=\"2264\" data-end=\"2267\" \/>\ud83c\udf7d\ufe0f Bringen Sie Bargeld f\u00fcr optionale Mahlzeiten oder Souvenirs mit.<br data-start=\"2314\" data-end=\"2317\" \/>\ud83d\udcf8 Vergessen Sie Ihre Kamera nicht \u2014 es gibt viele Fotostopps unterwegs!<br data-start=\"2392\" data-end=\"2395\" \/>\ud83d\udd4a\ufe0f Eine entspannte und flexible Tour mit vielen Pausen f\u00fcr Erholung, Fotos und lokale Erlebnisse.<\/p>","protected":false},"excerpt":{"rendered":"<p data-start=\"100\" data-end=\"400\">Discover the beauty of Morocco\u2019s <strong data-start=\"120\" data-end=\"150\">Atlantic Coast<\/strong> on a private day trip from <strong data-start=\"160\" data-end=\"180\">Marrakesch<\/strong> to the seaside towns of <strong data-start=\"190\" data-end=\"210\">Oualidia<\/strong> . Enjoy a scenic drive, taste <strong data-start=\"240\" data-end=\"270\">fresh oysters and seafood<\/strong> by the lagoon, . A relaxing coastal experience combining culture, gastronomy, and nature \u2014 all in one unforgettable day! \ud83c\udf0a\ud83c\uddf2\ud83c\udde6<\/p>","protected":false},"featured_media":12386,"comment_status":"open","ping_status":"closed","template":"","meta":[],"product_brand":[],"product_cat":[],"product_tag":[],"class_list":{"0":"post-12385","1":"product","2":"type-product","3":"status-publish","4":"has-post-thumbnail","6":"tour_phys-river-cruise","7":"pa_destination-oualidia","9":"first","10":"instock","11":"featured","12":"shipping-taxable","13":"purchasable","14":"product-type-tour_phys"},"_links":{"self":[{"href":"https:\/\/moroccodreamvoyage.com\/deutsh\/wp-json\/wp\/v2\/product\/12385","targetHints":{"allow":["GET"]}}],"collection":[{"href":"https:\/\/moroccodreamvoyage.com\/deutsh\/wp-json\/wp\/v2\/product"}],"about":[{"href":"https:\/\/moroccodreamvoyage.com\/deutsh\/wp-json\/wp\/v2\/types\/product"}],"replies":[{"embeddable":true,"href":"https:\/\/moroccodreamvoyage.com\/deutsh\/wp-json\/wp\/v2\/comments?post=12385"}],"wp:featuredmedia":[{"embeddable":true,"href":"https:\/\/moroccodreamvoyage.com\/deutsh\/wp-json\/wp\/v2\/media\/12386"}],"wp:attachment":[{"href":"https:\/\/moroccodreamvoyage.com\/deutsh\/wp-json\/wp\/v2\/media?parent=12385"}],"wp:term":[{"taxonomy":"product_brand","embeddable":true,"href":"https:\/\/moroccodreamvoyage.com\/deutsh\/wp-json\/wp\/v2\/product_brand?post=12385"},{"taxonomy":"product_cat","embeddable":true,"href":"https:\/\/moroccodreamvoyage.com\/deutsh\/wp-json\/wp\/v2\/product_cat?post=12385"},{"taxonomy":"product_tag","embeddable":true,"href":"https:\/\/moroccodreamvoyage.com\/deutsh\/wp-json\/wp\/v2\/product_tag?post=12385"}],"curies":[{"name":"wp","href":"https:\/\/api.w.org\/{rel}","templated":true}]}}