{"id":12374,"date":"2025-11-09T16:01:46","date_gmt":"2025-11-09T16:01:46","guid":{"rendered":"https:\/\/moroccodreamvoyage.com\/?post_type=product&#038;p=12374"},"modified":"2026-02-14T14:43:40","modified_gmt":"2026-02-14T14:43:40","slug":"fes-volubilis-roman-ruins-moulay-idriss-meknes-full-day-excursion","status":"publish","type":"product","link":"https:\/\/moroccodreamvoyage.com\/tours\/fes-volubilis-roman-ruins-moulay-idriss-meknes-full-day-excursion","title":{"rendered":"F\u00e8s: Ganzt\u00e4giger Ausflug zu den r\u00f6mischen Ruinen von Volubilis, Moulay Idriss &amp; Mekn\u00e8s"},"content":{"rendered":"<div id=\"short-description-adp-container\" class=\"z-layout\" data-v-0b7c83c8=\"\">\n<p data-start=\"350\" data-end=\"627\">Machen Sie eine Zeitreise auf dieser faszinierenden Ganztagestour ab F\u00e8s! Besuchen Sie die antiken r\u00f6mischen Ruinen von Volubilis, bewundern Sie die heilige H\u00fcgelstadt Moulay Idriss und entdecken Sie die Kaiserstadt Mekn\u00e8s \u2014 alles an einem unvergesslichen Tag inklusive Abholung und R\u00fccktransfer. \ud83c\udfdb\ufe0f\ud83c\udf04<\/p>\n<p data-start=\"629\" data-end=\"1110\"><strong data-start=\"629\" data-end=\"654\">\u00dcber dieses Erlebnis<\/strong><br data-start=\"654\" data-end=\"657\" \/>\ud83d\udd50 <strong data-start=\"660\" data-end=\"673\">Dauer:<\/strong> 8 Stunden<br data-start=\"681\" data-end=\"684\" \/>\ud83d\udcb3 <strong data-start=\"687\" data-end=\"711\">Jetzt buchen, sp\u00e4ter zahlen<\/strong> Reservieren Sie Ihren Platz heute und zahlen Sie erst sp\u00e4ter.<br data-start=\"768\" data-end=\"771\" \/>\u274c <strong data-start=\"773\" data-end=\"795\">Kostenlose Stornierung:<\/strong> Bis zu 24 Stunden im Voraus f\u00fcr eine vollst\u00e4ndige R\u00fcckerstattung.<br data-start=\"847\" data-end=\"850\" \/>\ud83d\ude90 <strong data-start=\"853\" data-end=\"875\">Abholung &amp; R\u00fcckgabe:<\/strong> From your hotel, riad, or nearest accessible point in F\u00e8s.<br data-start=\"934\" data-end=\"937\" \/>\ud83d\udcac <strong data-start=\"940\" data-end=\"964\">Verf\u00fcgbare Sprachen:<\/strong> Arabisch, Englisch, Franz\u00f6sisch, Spanisch<br data-start=\"997\" data-end=\"1000\" \/>\u267f <strong data-start=\"1002\" data-end=\"1028\">Rollstuhlgerecht:<\/strong> Ja<br data-start=\"1032\" data-end=\"1035\" \/>\u2b50 <strong data-start=\"1037\" data-end=\"1054\">Sehr gut bewertet:<\/strong> 4.6 \/ 5 stars \u2014 based on over 1,900 verified reviews!<\/p>\n<p data-start=\"1112\" data-end=\"1130\"><strong data-start=\"1112\" data-end=\"1126\">H\u00f6hepunkte<\/strong> \u2705<\/p>\n<ul data-start=\"1131\" data-end=\"1591\">\n<li data-start=\"1131\" data-end=\"1221\">\n<p data-start=\"1133\" data-end=\"1221\">Erkunden Sie die antiken <strong data-start=\"1153\" data-end=\"1188\">r\u00f6misch-berberischen Ruinen von Volubilis<\/strong>(UNESCO-Weltkulturerbe).<\/p>\n<\/li>\n<li data-start=\"1222\" data-end=\"1318\">\n<p data-start=\"1224\" data-end=\"1318\">Bewundern Sie die gr\u00fcn gekachelten D\u00e4cher von <strong data-start=\"1259\" data-end=\"1276\">Moulay Idriss<\/strong>, Marokkos spirituellster H\u00fcgelstadt.<\/p>\n<\/li>\n<li data-start=\"1319\" data-end=\"1415\">\n<p data-start=\"1321\" data-end=\"1415\">Entdecken <strong data-start=\"1330\" data-end=\"1347\">Sie die Medina von Mekn\u00e8s<\/strong>mit ihrer hispano-maurischen Architektur und k\u00f6niglichen Wahrzeichen.<\/p>\n<\/li>\n<li data-start=\"1416\" data-end=\"1502\">\n<p data-start=\"1418\" data-end=\"1502\">Fotostopps mit Panoramablick im <strong data-start=\"1453\" data-end=\"1480\">Rif-Gebirge<\/strong> und in lokalen D\u00f6rfern.<\/p>\n<\/li>\n<li data-start=\"1503\" data-end=\"1591\">\n<p data-start=\"1505\" data-end=\"1591\">Bequeme <strong data-start=\"1530\" data-end=\"1559\">Hotelabholung und R\u00fccktransfer<\/strong> im klimatisierten Fahrzeug.<\/p>\n<\/li>\n<\/ul>\n<p data-start=\"1593\" data-end=\"1609\"><strong data-start=\"1593\" data-end=\"1605\">Inklusive<\/strong> \u2705<\/p>\n<ul data-start=\"1610\" data-end=\"1778\">\n<li data-start=\"1610\" data-end=\"1654\">\n<p data-start=\"1612\" data-end=\"1654\">Hotel- oder Riad-Abholung &amp; R\u00fccktransfer in F\u00e8s<\/p>\n<\/li>\n<li data-start=\"1655\" data-end=\"1697\">\n<p data-start=\"1657\" data-end=\"1697\">Klimatisierter Transport<\/p>\n<\/li>\n<li data-start=\"1698\" data-end=\"1721\">\n<p data-start=\"1700\" data-end=\"1721\">Professioneller Fahrer<\/p>\n<\/li>\n<li data-start=\"1722\" data-end=\"1737\">\n<p data-start=\"1724\" data-end=\"1737\">Lokaler Guide<\/p>\n<\/li>\n<li data-start=\"1738\" data-end=\"1778\">\n<p data-start=\"1740\" data-end=\"1778\">Eintrittsgeb\u00fchr f\u00fcr Volubilis (10 \u20ac)<\/p>\n<\/li>\n<\/ul>\n<p data-start=\"1780\" data-end=\"1800\"><strong data-start=\"1780\" data-end=\"1796\">Nicht enthalten<\/strong> \u274c<\/p>\n<ul data-start=\"1801\" data-end=\"1820\">\n<li data-start=\"1801\" data-end=\"1820\">\n<p data-start=\"1803\" data-end=\"1820\">Speisen und Getr\u00e4nke<\/p>\n<\/li>\n<\/ul>\n<p data-start=\"1822\" data-end=\"1852\"><strong data-start=\"1822\" data-end=\"1847\">Wichtige Informationen<\/strong> \ud83d\udc55<\/p>\n<ul data-start=\"1853\" data-end=\"2113\">\n<li data-start=\"1853\" data-end=\"1925\">\n<p data-start=\"1855\" data-end=\"1925\">er Eintritt nach Volubilis kostet <strong data-start=\"1883\" data-end=\"1904\">10 \u20ac pro Person<\/strong> (falls nicht inklusive).<\/p>\n<\/li>\n<li data-start=\"1926\" data-end=\"1973\">\n<p data-start=\"1928\" data-end=\"1973\">Tragen Sie bequeme Schuhe und bringen Sie Sonnenschutz mit.<\/p>\n<\/li>\n<li data-start=\"1974\" data-end=\"2039\">\n<p data-start=\"1976\" data-end=\"2039\">Die Tour kann schnell ausverkauft sein \u2014 fr\u00fchzeitige Buchung empfohlen.<\/p>\n<\/li>\n<li data-start=\"2040\" data-end=\"2113\">\n<p data-start=\"2042\" data-end=\"2113\">Abholdetails werden am Abend zuvor per WhatsApp oder E-Mail gesendet.<\/p>\n<\/li>\n<\/ul>\n<\/div>","protected":false},"excerpt":{"rendered":"<p data-start=\"100\" data-end=\"400\">Experience Morocco\u2019s imperial heritage and ancient history on this <strong data-start=\"120\" data-end=\"160\">day trip from F\u00e8s<\/strong> nach <strong data-start=\"165\" data-end=\"190\">Volubilis, Moulay Idriss, and Mekn\u00e8s<\/strong>. Explore the <strong data-start=\"195\" data-end=\"220\">Ruinen von Volubilis<\/strong>, wander through the <strong data-start=\"230\" data-end=\"250\">hilltop town of Moulay Idriss<\/strong>, and discover the <strong data-start=\"260\" data-end=\"280\">imperial architecture of Mekn\u00e8s<\/strong>. Enjoy scenic photo stops along the Rif Mountains and travel comfortably with <strong data-start=\"300\" data-end=\"330\">hotel pickup, air-conditioned transport, and a local guide<\/strong>. A perfect cultural journey for history lovers visiting F\u00e8s!<\/p>","protected":false},"featured_media":12375,"comment_status":"open","ping_status":"closed","template":"","meta":[],"product_brand":[],"product_cat":[],"product_tag":[],"class_list":{"0":"post-12374","1":"product","2":"type-product","3":"status-publish","4":"has-post-thumbnail","6":"tour_phys-river-cruise","7":"pa_destination-fez","9":"first","10":"instock","11":"featured","12":"shipping-taxable","13":"purchasable","14":"product-type-tour_phys"},"_links":{"self":[{"href":"https:\/\/moroccodreamvoyage.com\/deutsh\/wp-json\/wp\/v2\/product\/12374","targetHints":{"allow":["GET"]}}],"collection":[{"href":"https:\/\/moroccodreamvoyage.com\/deutsh\/wp-json\/wp\/v2\/product"}],"about":[{"href":"https:\/\/moroccodreamvoyage.com\/deutsh\/wp-json\/wp\/v2\/types\/product"}],"replies":[{"embeddable":true,"href":"https:\/\/moroccodreamvoyage.com\/deutsh\/wp-json\/wp\/v2\/comments?post=12374"}],"wp:featuredmedia":[{"embeddable":true,"href":"https:\/\/moroccodreamvoyage.com\/deutsh\/wp-json\/wp\/v2\/media\/12375"}],"wp:attachment":[{"href":"https:\/\/moroccodreamvoyage.com\/deutsh\/wp-json\/wp\/v2\/media?parent=12374"}],"wp:term":[{"taxonomy":"product_brand","embeddable":true,"href":"https:\/\/moroccodreamvoyage.com\/deutsh\/wp-json\/wp\/v2\/product_brand?post=12374"},{"taxonomy":"product_cat","embeddable":true,"href":"https:\/\/moroccodreamvoyage.com\/deutsh\/wp-json\/wp\/v2\/product_cat?post=12374"},{"taxonomy":"product_tag","embeddable":true,"href":"https:\/\/moroccodreamvoyage.com\/deutsh\/wp-json\/wp\/v2\/product_tag?post=12374"}],"curies":[{"name":"wp","href":"https:\/\/api.w.org\/{rel}","templated":true}]}}