{"id":12368,"date":"2025-11-09T13:32:00","date_gmt":"2025-11-09T13:32:00","guid":{"rendered":"https:\/\/moroccodreamvoyage.com\/?post_type=product&#038;p=12368"},"modified":"2025-11-09T13:34:29","modified_gmt":"2025-11-09T13:34:29","slug":"saidia-shore-excursion-blue-pearl-of-the-mediterranean","status":"publish","type":"product","link":"https:\/\/moroccodreamvoyage.com\/tours\/saidia-shore-excursion-blue-pearl-of-the-mediterranean","title":{"rendered":"Sa\u00efdia-Landausflug: Die blaue Perle des Mittelmeers"},"content":{"rendered":"<p>Erleben Sie die K\u00fcstensch\u00f6nheit und die entspannte Atmosph\u00e4re von <strong data-start=\"480\" data-end=\"490\">Sa\u00efdia<\/strong>, Marokkos mediterranes Juwel. Bekannt f\u00fcr seine <strong data-start=\"537\" data-end=\"555\">goldene Str\u00e4nde<\/strong>, <strong data-start=\"557\" data-end=\"573\">klares Wasser<\/strong>und <strong data-start=\"579\" data-end=\"596\">die Marina von Sa\u00efdia,<\/strong>, Sa\u00efdia offers the perfect balance of nature, culture, and leisure.<br data-start=\"664\" data-end=\"667\" \/>Genie\u00dfen Sie eine gef\u00fchrte Stadtrundfahrt, die direkt von Ihrem <strong data-start=\"717\" data-end=\"726\">hotel<\/strong>, mit Besuchen der sch\u00f6nsten landschaftlichen und kulturellen Sehensw\u00fcrdigkeiten der Region.<\/p>\n<p>&nbsp;<\/p>","protected":false},"excerpt":{"rendered":"<p>Erleben Sie die K\u00fcstensch\u00f6nheit und die entspannte Atmosph\u00e4re von Sa\u00efdia, Marokkos mediterranem Juwel. Bekannt f\u00fcr ihre goldenen Str\u00e4nde, das klare Wasser und die moderne Marina bietet Sa\u00efdia die perfekte Balance zwischen Natur und Kultur. <\/p>","protected":false},"featured_media":12369,"comment_status":"open","ping_status":"closed","template":"","meta":[],"product_brand":[],"product_cat":[],"product_tag":[],"class_list":{"0":"post-12368","1":"product","2":"type-product","3":"status-publish","4":"has-post-thumbnail","6":"tour_phys-river-cruise","7":"tour_phys-round-trips","8":"tour_phys-tour-cruise","9":"pa_destination-saidia","11":"first","12":"instock","13":"featured","14":"shipping-taxable","15":"purchasable","16":"product-type-tour_phys"},"_links":{"self":[{"href":"https:\/\/moroccodreamvoyage.com\/deutsh\/wp-json\/wp\/v2\/product\/12368","targetHints":{"allow":["GET"]}}],"collection":[{"href":"https:\/\/moroccodreamvoyage.com\/deutsh\/wp-json\/wp\/v2\/product"}],"about":[{"href":"https:\/\/moroccodreamvoyage.com\/deutsh\/wp-json\/wp\/v2\/types\/product"}],"replies":[{"embeddable":true,"href":"https:\/\/moroccodreamvoyage.com\/deutsh\/wp-json\/wp\/v2\/comments?post=12368"}],"wp:featuredmedia":[{"embeddable":true,"href":"https:\/\/moroccodreamvoyage.com\/deutsh\/wp-json\/wp\/v2\/media\/12369"}],"wp:attachment":[{"href":"https:\/\/moroccodreamvoyage.com\/deutsh\/wp-json\/wp\/v2\/media?parent=12368"}],"wp:term":[{"taxonomy":"product_brand","embeddable":true,"href":"https:\/\/moroccodreamvoyage.com\/deutsh\/wp-json\/wp\/v2\/product_brand?post=12368"},{"taxonomy":"product_cat","embeddable":true,"href":"https:\/\/moroccodreamvoyage.com\/deutsh\/wp-json\/wp\/v2\/product_cat?post=12368"},{"taxonomy":"product_tag","embeddable":true,"href":"https:\/\/moroccodreamvoyage.com\/deutsh\/wp-json\/wp\/v2\/product_tag?post=12368"}],"curies":[{"name":"wp","href":"https:\/\/api.w.org\/{rel}","templated":true}]}}