{"id":12351,"date":"2025-11-07T21:25:20","date_gmt":"2025-11-07T21:25:20","guid":{"rendered":"https:\/\/moroccodreamvoyage.com\/?post_type=product&#038;p=12351"},"modified":"2026-02-06T21:48:40","modified_gmt":"2026-02-06T21:48:40","slug":"marrakech-full-day-essaouira-skala-small-group-tour","status":"publish","type":"product","link":"https:\/\/moroccodreamvoyage.com\/tours\/marrakech-full-day-essaouira-skala-small-group-tour","title":{"rendered":"Essaouira &amp; Skala: Ganzt\u00e4gige Tour ab Marrakesch"},"content":{"rendered":"<div id=\"short-description-adp-container\" class=\"z-layout\" data-v-0b7c83c8=\"\">\n<p data-start=\"275\" data-end=\"514\">Entfliehen Sie an die Atlantikk\u00fcste mit dieser ganzt\u00e4gigen Kleingruppentour ab Marrakesch! Erkunden Sie die charmante Medina von Essaouira, schlendern Sie entlang des historischen Hafens und genie\u00dfen Sie die frische Meeresbrise an den Str\u00e4nden \u2013 eine perfekte Mischung aus Kultur, Meer und Entspannung. \ud83c\udf0a\ud83c\udff0<\/p>\n<p data-start=\"516\" data-end=\"1120\"><strong data-start=\"516\" data-end=\"541\">\u00dcber dieses Erlebnis<\/strong><br data-start=\"541\" data-end=\"544\" \/>\ud83d\udd50 <strong data-start=\"547\" data-end=\"560\">Dauer:<\/strong> 11,5 Stunden<br data-start=\"571\" data-end=\"574\" \/>\ud83d\udcb3 <strong data-start=\"577\" data-end=\"601\">Jetzt buchen, sp\u00e4ter zahlen<\/strong> Reservieren Sie Ihren Platz heute und zahlen Sie erst sp\u00e4ter.<br data-start=\"658\" data-end=\"661\" \/>\u274c <strong data-start=\"663\" data-end=\"685\">Kostenlose Stornierung:<\/strong> Bis zu 24 Stunden im Voraus f\u00fcr eine vollst\u00e4ndige R\u00fcckerstattung.<br data-start=\"737\" data-end=\"740\" \/>\ud83d\ude90 <strong data-start=\"743\" data-end=\"765\">Abholung &amp; R\u00fcckgabe:<\/strong> Von Ihrem Hotel, Riad oder dem n\u00e4chstgelegenen Treffpunkt in Marrakesch. Details werden am Vorabend per WhatsApp oder E-Mail best\u00e4tigt.<br data-start=\"896\" data-end=\"899\" \/>\ud83d\udcac <strong data-start=\"902\" data-end=\"926\">Verf\u00fcgbare Sprachen:<\/strong> Arabisch, Englisch, Franz\u00f6sisch, Spanisch<br data-start=\"959\" data-end=\"962\" \/>\u267f <strong data-start=\"964\" data-end=\"990\">Rollstuhlgerecht:<\/strong> Ja<br data-start=\"994\" data-end=\"997\" \/>\ud83d\udc65 <strong data-start=\"1000\" data-end=\"1042\">Kleine Gruppen &amp; private Touren verf\u00fcgbar<\/strong><br data-start=\"1042\" data-end=\"1045\" \/>\u2b50 <strong data-start=\"1047\" data-end=\"1064\">Sehr gut bewertet:<\/strong> 4,9 \/ 5 Sterne \u2013 basierend auf \u00fcber 3.500 verifizierten Bewertungen!<\/p>\n<p data-start=\"1122\" data-end=\"1140\"><strong data-start=\"1122\" data-end=\"1136\">H\u00f6hepunkte<\/strong> \u2705<\/p>\n<ul data-start=\"1141\" data-end=\"1542\">\n<li data-start=\"1141\" data-end=\"1212\">\n<p data-start=\"1143\" data-end=\"1212\">Ganzt\u00e4giger Ausflug von Marrakesch in die K\u00fcstenstadt Essaouira.<\/p>\n<\/li>\n<li data-start=\"1213\" data-end=\"1291\">\n<p data-start=\"1215\" data-end=\"1291\">Erkunden Sie die UNESCO-gesch\u00fctzte Medina, farbenfrohe Souks und den lebhaften Hafen von Essaouira.<\/p>\n<\/li>\n<li data-start=\"1292\" data-end=\"1380\">\n<p data-start=\"1294\" data-end=\"1380\">Besuch von Argan\u00f6l-Kooperativen entlang der Route und Einblick in traditionelle Herstellungsverfahren.<\/p>\n<\/li>\n<li data-start=\"1381\" data-end=\"1467\">\n<p data-start=\"1383\" data-end=\"1467\">Freizeit f\u00fcr Strandspazierg\u00e4nge, individuelle Erkundungen oder das Probieren lokaler Spezialit\u00e4ten.<\/p>\n<\/li>\n<li data-start=\"1468\" data-end=\"1542\">\n<p data-start=\"1470\" data-end=\"1542\">Landschaftlich sch\u00f6ne Fotostopps durch Arganw\u00e4lder und Berberd\u00f6rfer.<\/p>\n<\/li>\n<\/ul>\n<p data-start=\"1544\" data-end=\"1560\"><strong data-start=\"1544\" data-end=\"1556\">Inklusive<\/strong> \u2705<\/p>\n<ul data-start=\"1561\" data-end=\"1719\">\n<li data-start=\"1561\" data-end=\"1598\">\n<p data-start=\"1563\" data-end=\"1598\">Abholung und R\u00fccktransfer vom Hotel oder Riad<\/p>\n<\/li>\n<li data-start=\"1599\" data-end=\"1641\">\n<p data-start=\"1601\" data-end=\"1641\">Transport im klimatisierten Minibus<\/p>\n<\/li>\n<li data-start=\"1642\" data-end=\"1683\">\n<p data-start=\"1644\" data-end=\"1683\">Erfahrener, mehrsprachiger Fahrer\/Guide<\/p>\n<\/li>\n<li data-start=\"1684\" data-end=\"1719\">\n<p data-start=\"1686\" data-end=\"1719\">Besuch von Argan\u00f6l-Kooperativen<\/p>\n<\/li>\n<\/ul>\n<p data-start=\"1721\" data-end=\"1741\"><strong data-start=\"1721\" data-end=\"1737\">Nicht enthalten<\/strong> \u274c<\/p>\n<ul data-start=\"1742\" data-end=\"1772\">\n<li data-start=\"1742\" data-end=\"1772\">\n<p data-start=\"1744\" data-end=\"1772\">Mittagessen oder pers\u00f6nliche Ausgaben<\/p>\n<\/li>\n<\/ul>\n<p data-start=\"1774\" data-end=\"1804\"><strong data-start=\"1774\" data-end=\"1799\">Wichtige Informationen<\/strong> \ud83d\udc55<\/p>\n<ul data-start=\"1805\" data-end=\"2086\">\n<li data-start=\"1805\" data-end=\"1853\">\n<p data-start=\"1807\" data-end=\"1853\">Tragen Sie bequeme Schuhe und bringen Sie eine Sonnenbrille mit.<\/p>\n<\/li>\n<li data-start=\"1854\" data-end=\"1898\">\n<p data-start=\"1856\" data-end=\"1898\">Etwas Bargeld f\u00fcr Souvenirs oder Snacks empfohlen.<\/p>\n<\/li>\n<li data-start=\"1899\" data-end=\"1965\">\n<p data-start=\"1901\" data-end=\"1965\">Rauchen und Alkoholkonsum im Fahrzeug sind nicht gestattet.<\/p>\n<\/li>\n<li data-start=\"1966\" data-end=\"2086\">\n<p data-start=\"1968\" data-end=\"2086\">Abholpunkte werden je nach Zug\u00e4nglichkeit angepasst; Teilnehmer werden am Vorabend per WhatsApp oder E-Mail informiert.<\/p>\n<\/li>\n<\/ul>\n<\/div>","protected":false},"excerpt":{"rendered":"<p data-start=\"100\" data-end=\"400\">Discover the charm of Morocco\u2019s Atlantic coast on this <strong data-start=\"120\" data-end=\"145\">full-day tour to Essaouira<\/strong> from <strong data-start=\"150\" data-end=\"160\">Marrakesch<\/strong>. Travel in comfort with <strong data-start=\"180\" data-end=\"220\">hotel or riad pickup and drop-off<\/strong> included. Explore the historic <strong data-start=\"250\" data-end=\"270\">medina and port<\/strong>, visit local <strong data-start=\"280\" data-end=\"305\">Argan oil cooperatives<\/strong>, and enjoy free time along the beach or in the bustling souks. Experience the relaxed coastal atmosphere, sample local cuisine, and capture amazing photos along the way \u2014 all with a professional multilingual driver\/guide for a smooth, unforgettable day trip.<\/p>","protected":false},"featured_media":12359,"comment_status":"open","ping_status":"closed","template":"","meta":[],"product_brand":[],"product_cat":[],"product_tag":[],"class_list":{"0":"post-12351","1":"product","2":"type-product","3":"status-publish","4":"has-post-thumbnail","6":"tour_phys-river-cruise","7":"pa_destination-essaouira","9":"first","10":"instock","11":"featured","12":"shipping-taxable","13":"purchasable","14":"product-type-tour_phys"},"_links":{"self":[{"href":"https:\/\/moroccodreamvoyage.com\/deutsh\/wp-json\/wp\/v2\/product\/12351","targetHints":{"allow":["GET"]}}],"collection":[{"href":"https:\/\/moroccodreamvoyage.com\/deutsh\/wp-json\/wp\/v2\/product"}],"about":[{"href":"https:\/\/moroccodreamvoyage.com\/deutsh\/wp-json\/wp\/v2\/types\/product"}],"replies":[{"embeddable":true,"href":"https:\/\/moroccodreamvoyage.com\/deutsh\/wp-json\/wp\/v2\/comments?post=12351"}],"wp:featuredmedia":[{"embeddable":true,"href":"https:\/\/moroccodreamvoyage.com\/deutsh\/wp-json\/wp\/v2\/media\/12359"}],"wp:attachment":[{"href":"https:\/\/moroccodreamvoyage.com\/deutsh\/wp-json\/wp\/v2\/media?parent=12351"}],"wp:term":[{"taxonomy":"product_brand","embeddable":true,"href":"https:\/\/moroccodreamvoyage.com\/deutsh\/wp-json\/wp\/v2\/product_brand?post=12351"},{"taxonomy":"product_cat","embeddable":true,"href":"https:\/\/moroccodreamvoyage.com\/deutsh\/wp-json\/wp\/v2\/product_cat?post=12351"},{"taxonomy":"product_tag","embeddable":true,"href":"https:\/\/moroccodreamvoyage.com\/deutsh\/wp-json\/wp\/v2\/product_tag?post=12351"}],"curies":[{"name":"wp","href":"https:\/\/api.w.org\/{rel}","templated":true}]}}