{"id":12318,"date":"2025-11-06T15:36:36","date_gmt":"2025-11-06T15:36:36","guid":{"rendered":"https:\/\/moroccodreamvoyage.com\/?post_type=product&#038;p=12318"},"modified":"2025-11-08T10:34:36","modified_gmt":"2025-11-08T10:34:36","slug":"agadir-or-taghazout-guided-city-tour-souk-experience","status":"publish","type":"product","link":"https:\/\/moroccodreamvoyage.com\/tours\/agadir-or-taghazout-guided-city-tour-souk-experience","title":{"rendered":"Agadir oder Taghazout: Gef\u00fchrte Stadttour &amp; Souk-Erlebnis"},"content":{"rendered":"<div id=\"short-description-adp-container\" class=\"z-layout\" data-v-0b7c83c8=\"\">\n<p data-start=\"396\" data-end=\"664\">Entdecken Sie die wahre Essenz von <strong data-start=\"425\" data-end=\"435\">Agadir<\/strong> auf dieser intensiven <strong data-start=\"487\" data-end=\"523\">Halbtages-Stadttour, die Geschichte, Kultur und lokales Leben vereint.<\/strong>Von alten Festungen \u00fcber lebhafte M\u00e4rkte bis hin zu \u00f6kologischen Handwerksst\u00e4tten \u2013 entdecken Sie Agadir wie ein Einheimischer mit einem professionellen, mehrsprachigen Guide.<\/p>\n<p data-start=\"666\" data-end=\"815\">Erfahren Sie, wie die Stadt nach dem Erdbeben von 1960 ihre Seele neu aufgebaut hat, und erleben Sie Marokkos Mischung aus Moderne und Tradition auf einer unvergesslichen Reise.<\/p>\n<h4 data-start=\"817\" data-end=\"847\"><strong data-start=\"822\" data-end=\"847\">\u00dcber dieses Erlebnis<\/strong><\/h4>\n<p data-start=\"848\" data-end=\"1243\">\ud83d\udd50 <strong data-start=\"851\" data-end=\"864\">Dauer:<\/strong> 3,5 \u2013 4 Stunden<br data-start=\"878\" data-end=\"881\" \/>\ud83d\udcb3 <strong data-start=\"884\" data-end=\"907\">Jetzt buchen, sp\u00e4ter zahlen<\/strong> \u2014 Heute reservieren und erst bei der Tour bezahlen.<br data-start=\"956\" data-end=\"959\" \/>\u274c <strong data-start=\"961\" data-end=\"983\">Kostenlose Stornierung:<\/strong> Bis zu 24 Stunden im Voraus f\u00fcr eine vollst\u00e4ndige R\u00fcckerstattung.<br data-start=\"1035\" data-end=\"1038\" \/>\ud83d\ude90 <strong data-start=\"1041\" data-end=\"1061\">Abholung inklusive:<\/strong> Verf\u00fcgbar von Ihrem Hotel oder Hafen in Agadir.<br data-start=\"1103\" data-end=\"1106\" \/>\ud83d\udde3\ufe0f <strong data-start=\"1110\" data-end=\"1134\">Verf\u00fcgbare Sprachen:<\/strong> Arabisch, Englisch, Franz\u00f6sisch, Spanisch, Deutsch.<br data-start=\"1176\" data-end=\"1179\" \/>\u2b50 <strong data-start=\"1181\" data-end=\"1198\">Sehr gut bewertet:<\/strong> 4,3 \/ 5 Sterne \u2014 basierend auf verifizierten Bewertungen.<\/p>\n<h4 data-start=\"1245\" data-end=\"1264\"><strong data-start=\"1250\" data-end=\"1264\">H\u00f6hepunkte<\/strong><\/h4>\n<p data-start=\"1265\" data-end=\"1770\">\u2705 Genie\u00dfen Sie den Panoramablick von der Kasbah Oufella aus dem 16. Jahrhundert.<br data-start=\"1330\" data-end=\"1333\" \/>\ud83c\udfd9\ufe0f Erkunden Sie Talborjt, Agadirs historisches Viertel mit zwei bedeutenden Moscheen.<br data-start=\"1407\" data-end=\"1410\" \/>\ud83d\udecd\ufe0f Schlendern Sie durch den lebhaften Souk El Had mit \u00fcber 6.000 St\u00e4nden (montags geschlossen).<br data-start=\"1496\" data-end=\"1499\" \/>\ud83c\udf3f Besuchen Sie den Kunsthandwerksmarkt Kasbah du Souss \u2013 wo recycelte Materialien zu \u00d6ko-M\u00f6beln werden.<br data-start=\"1589\" data-end=\"1592\" \/>\ud83e\uddf4 Halt bei einer von Frauen gef\u00fchrten Argan\u00f6l-Kooperative und Kennenlernen traditioneller Herstellungsmethoden.<br data-start=\"1678\" data-end=\"1681\" \/>\ud83d\ude90 Genie\u00dfen Sie komfortablen Transport in einem klimatisierten Fahrzeug mit einem lokalen Experten-Guide.<\/p>\n<h4 data-start=\"1772\" data-end=\"1789\"><strong data-start=\"1777\" data-end=\"1789\">Inklusive<\/strong><\/h4>\n<p data-start=\"1790\" data-end=\"1972\">\u2705 Abholung und R\u00fccktransfer von Hotels oder Hafen in Agadir<br data-start=\"1838\" data-end=\"1841\" \/>\u2705 Transport im klimatisierten Fahrzeug<br data-start=\"1876\" data-end=\"1879\" \/>\u2705 Professioneller, mehrsprachiger Guide<br data-start=\"1912\" data-end=\"1915\" \/>\u2705 Alle Besichtigungen gem\u00e4\u00df Reiseverlauf<br data-start=\"1944\" data-end=\"1947\" \/>\u2705 Vollst\u00e4ndige Reiseversicherung<\/p>\n<p data-start=\"1974\" data-end=\"2023\">\u274c <strong data-start=\"1976\" data-end=\"1993\">Nicht enthalten:<\/strong> Trinkgelder und pers\u00f6nliche Ausgaben<\/p>\n<h4 data-start=\"2025\" data-end=\"2055\"><strong data-start=\"2030\" data-end=\"2055\">Wichtige Informationen<\/strong><\/h4>\n<p data-start=\"2056\" data-end=\"2301\">\ud83d\uddd3\ufe0f Der Souk El Had ist montags geschlossen.<br data-start=\"2097\" data-end=\"2100\" \/>\ud83d\udc5f Tragen Sie bequeme Schuhe \u2013 einige Abschnitte beinhalten leichte Spazierg\u00e4nge.<br data-start=\"2172\" data-end=\"2175\" \/>\ud83d\udcf8 Bringen Sie eine Kamera mit, um beeindruckende Stadt- und K\u00fcstenansichten festzuhalten.<br data-start=\"2240\" data-end=\"2243\" \/>\ud83c\udf1e Sonnenschutz und Wasser werden in den Sommermonaten empfohlen.<\/p>\n<\/div>","protected":false},"excerpt":{"rendered":"<p>Experience the heart of <strong>Agadir<\/strong> und <strong>Taghazout<\/strong> on a guided city and souk tour. Visit the historic <strong>Kasbah Oufella<\/strong> for breathtaking views, stroll through <strong>Talborjt\u2019s old quarter<\/strong>, and explore the lively <strong>Souk El Had<\/strong> with over 6,000 stalls. Discover the eco-artisanal <strong>Kasbah du Souss<\/strong> and stop by a women-run <strong>argan oil cooperative<\/strong>. A perfect blend of culture, history, and local life \u2014 all in one memorable half-day experience.<\/p>","protected":false},"featured_media":12329,"comment_status":"open","ping_status":"closed","template":"","meta":[],"product_brand":[],"product_cat":[],"product_tag":[],"class_list":{"0":"post-12318","1":"product","2":"type-product","3":"status-publish","4":"has-post-thumbnail","6":"tour_phys-river-cruise","7":"pa_destination-agadir","9":"first","10":"instock","11":"featured","12":"shipping-taxable","13":"purchasable","14":"product-type-tour_phys"},"_links":{"self":[{"href":"https:\/\/moroccodreamvoyage.com\/deutsh\/wp-json\/wp\/v2\/product\/12318","targetHints":{"allow":["GET"]}}],"collection":[{"href":"https:\/\/moroccodreamvoyage.com\/deutsh\/wp-json\/wp\/v2\/product"}],"about":[{"href":"https:\/\/moroccodreamvoyage.com\/deutsh\/wp-json\/wp\/v2\/types\/product"}],"replies":[{"embeddable":true,"href":"https:\/\/moroccodreamvoyage.com\/deutsh\/wp-json\/wp\/v2\/comments?post=12318"}],"wp:featuredmedia":[{"embeddable":true,"href":"https:\/\/moroccodreamvoyage.com\/deutsh\/wp-json\/wp\/v2\/media\/12329"}],"wp:attachment":[{"href":"https:\/\/moroccodreamvoyage.com\/deutsh\/wp-json\/wp\/v2\/media?parent=12318"}],"wp:term":[{"taxonomy":"product_brand","embeddable":true,"href":"https:\/\/moroccodreamvoyage.com\/deutsh\/wp-json\/wp\/v2\/product_brand?post=12318"},{"taxonomy":"product_cat","embeddable":true,"href":"https:\/\/moroccodreamvoyage.com\/deutsh\/wp-json\/wp\/v2\/product_cat?post=12318"},{"taxonomy":"product_tag","embeddable":true,"href":"https:\/\/moroccodreamvoyage.com\/deutsh\/wp-json\/wp\/v2\/product_tag?post=12318"}],"curies":[{"name":"wp","href":"https:\/\/api.w.org\/{rel}","templated":true}]}}