{"id":12294,"date":"2025-11-02T13:06:25","date_gmt":"2025-11-02T13:06:25","guid":{"rendered":"https:\/\/moroccodreamvoyage.com\/?post_type=product&#038;p=12294"},"modified":"2026-01-16T21:43:54","modified_gmt":"2026-01-16T21:43:54","slug":"discover-casablanca-city-tour-hassan-ii-mosque-experience","status":"publish","type":"product","link":"https:\/\/moroccodreamvoyage.com\/tours\/discover-casablanca-city-tour-hassan-ii-mosque-experience","title":{"rendered":"Entdecke Casablanca: Gef\u00fchrte Stadttour &amp; Besuch der Hassan-II.-Moschee"},"content":{"rendered":"<p data-start=\"2636\" data-end=\"2831\">Beginne deine Tour mit <strong data-start=\"2657\" data-end=\"2667\">der Abholung<\/strong> von deinem Hotel oder Kreuzfahrthafen. Beginne mit einem gef\u00fchrten Besuch der majest\u00e4tischen <strong data-start=\"2742\" data-end=\"2762\">Hassan-II.-Moschee<\/strong>Moschee und bewundere ihre Lage direkt am Meer sowie die filigrane Handwerkskunst.<\/p>\n<p data-start=\"2833\" data-end=\"3032\">Fahre entlang der <strong data-start=\"2849\" data-end=\"2861\">Corniche<\/strong> und genie\u00dfe den Blick auf den Atlantik sowie die Skyline von Casablanca. Schlendere durch die <strong data-start=\"2939\" data-end=\"2953\">Alte Medina,<\/strong>schlendere durch die engen Gassen, st\u00f6bere in den bunten Souks und entdecke versteckte Sch\u00e4tze.<\/p>\n<p data-start=\"3034\" data-end=\"3356\">Erkunden Sie <strong data-start=\"3046\" data-end=\"3064\">Habous-Viertel<\/strong>, bekannt f\u00fcr seine M\u00e4rkte, Handwerkswerkst\u00e4tten und sch\u00f6ne Architektur. Halt bei <strong data-start=\"3145\" data-end=\"3160\">Rick\u2019s Caf\u00e9<\/strong>, inspiriert vom klassischen Film, f\u00fcr ein kurzes Getr\u00e4nk oder einen Snack. Besuche <strong data-start=\"3226\" data-end=\"3258\">Kirche Notre-Dame de Lourdes<\/strong> und <strong data-start=\"3263\" data-end=\"3289\">Kathedrale Sacr\u00e9-C\u0153ur<\/strong>, beide beeindruckende Beispiele f\u00fcr Casablancas historische Architektur.<\/p>\n<p data-start=\"3358\" data-end=\"3593\">Beende deinen Tag am <strong data-start=\"3379\" data-end=\"3406\">Platz der Vereinten Nationen<\/strong>und genie\u00dfe die lebendige Stadtatmosph\u00e4re, bevor du zu deinem Abholpunkt zur\u00fcckkehrst. Diese Tour bietet eine abwechslungsreiche Mischung aus Geschichte, Kultur, Shopping und Freizeit \u2014 perfekt f\u00fcr Erstbesucher.<\/p>\n<h3 data-start=\"601\" data-end=\"630\"><strong data-start=\"605\" data-end=\"630\">\u00dcber dieses Erlebnis<\/strong><\/h3>\n<ul data-start=\"631\" data-end=\"961\">\n<li data-start=\"631\" data-end=\"661\">\n<p data-start=\"633\" data-end=\"661\">\ud83d\udd50 <strong data-start=\"636\" data-end=\"649\">Dauer:<\/strong> 4.5 hours<\/p>\n<\/li>\n<li data-start=\"662\" data-end=\"732\">\n<p data-start=\"664\" data-end=\"732\">\ud83d\udcb3 <strong data-start=\"667\" data-end=\"690\">Jetzt buchen, sp\u00e4ter zahlen<\/strong> \u2014 Sichere dir noch heute deinen Platz und zahle sp\u00e4ter.<\/p>\n<\/li>\n<li data-start=\"733\" data-end=\"788\">\n<p data-start=\"735\" data-end=\"788\">\u274c <strong data-start=\"737\" data-end=\"759\">Kostenlose Stornierung:<\/strong> Bis zu 24 Stunden im Voraus.<\/p>\n<\/li>\n<li data-start=\"789\" data-end=\"854\">\n<p data-start=\"791\" data-end=\"854\">\ud83d\ude90 <strong data-start=\"794\" data-end=\"816\">Abholung &amp; R\u00fcckgabe:<\/strong> Abholung vom Kreuzfahrthafen Casablanca oder deinem Hotel.<\/p>\n<\/li>\n<li data-start=\"855\" data-end=\"919\">\n<p data-start=\"857\" data-end=\"919\">\ud83d\udcac <strong data-start=\"860\" data-end=\"884\">Verf\u00fcgbare Sprachen:<\/strong> Arabic, French, English, Italian<\/p>\n<\/li>\n<li data-start=\"920\" data-end=\"961\">\n<p data-start=\"922\" data-end=\"961\">\ud83d\udc65 <strong data-start=\"925\" data-end=\"959\">Option f\u00fcr private Gruppen verf\u00fcgbar<\/strong><\/p>\n<\/li>\n<\/ul>\n<h3 data-start=\"2245\" data-end=\"2263\"><strong data-start=\"2249\" data-end=\"2263\">H\u00f6hepunkte<\/strong><\/h3>\n<ul data-start=\"2264\" data-end=\"2604\">\n<li data-start=\"2264\" data-end=\"2361\">\n<p data-start=\"2266\" data-end=\"2361\">Entdecken <strong data-start=\"2275\" data-end=\"2318\">Casablanca\u2019s cultural and historic gems<\/strong>von Moscheen \u00fcber M\u00e4rkte bis hin zu Kathedralen.<\/p>\n<\/li>\n<li data-start=\"2362\" data-end=\"2444\">\n<p data-start=\"2364\" data-end=\"2444\">Tauche ein in <strong data-start=\"2384\" data-end=\"2398\">das lokale Leben<\/strong> mit gef\u00fchrten Touren durch lebendige Stadtviertel.<\/p>\n<\/li>\n<li data-start=\"2445\" data-end=\"2522\">\n<p data-start=\"2447\" data-end=\"2522\">Hassle-free transfers from your cruise or hotel with professional guides.<\/p>\n<\/li>\n<li data-start=\"2523\" data-end=\"2604\">\n<p data-start=\"2525\" data-end=\"2604\">See the <strong data-start=\"2533\" data-end=\"2558\">Art-d\u00e9co-Architektur<\/strong>, historische Pl\u00e4tze und versteckte Ecken der Stadt.<\/p>\n<\/li>\n<\/ul>\n<h3 data-start=\"3600\" data-end=\"3616\"><strong data-start=\"3604\" data-end=\"3616\">Inklusive<\/strong><\/h3>\n<ul data-start=\"3617\" data-end=\"3916\">\n<li data-start=\"3617\" data-end=\"3659\">\n<p data-start=\"3619\" data-end=\"3659\">Abholung &amp; R\u00fcckfahrt vom Hotel oder Kreuzfahrthafen<\/p>\n<\/li>\n<li data-start=\"3660\" data-end=\"3698\">\n<p data-start=\"3662\" data-end=\"3698\">Klimatisiertes Fahrzeug mit WLAN<\/p>\n<\/li>\n<li data-start=\"3699\" data-end=\"3721\">\n<p data-start=\"3701\" data-end=\"3721\">Professioneller Guide<\/p>\n<\/li>\n<li data-start=\"3722\" data-end=\"3751\">\n<p data-start=\"3724\" data-end=\"3751\">Mineralwasser in Flaschen &amp; Feuchtt\u00fccher<\/p>\n<\/li>\n<li data-start=\"3752\" data-end=\"3830\">\n<p data-start=\"3754\" data-end=\"3830\">Eintritt zur Hassan-II.-Moschee, La Corniche, Habous-Viertel und Zentralmarkt<\/p>\n<\/li>\n<li data-start=\"3831\" data-end=\"3867\">\n<p data-start=\"3833\" data-end=\"3867\">Panoramablicke auf wichtige Sehensw\u00fcrdigkeiten<\/p>\n<\/li>\n<li data-start=\"3868\" data-end=\"3916\">\n<p data-start=\"3870\" data-end=\"3916\">Reiseversicherung f\u00fcr ein sorgenfreies Erlebnis<\/p>\n<\/li>\n<\/ul>\n<p data-start=\"3918\" data-end=\"3961\"><strong data-start=\"3918\" data-end=\"3935\">Nicht inbegriffen:<\/strong> Trinkgelder, Mahlzeiten und Getr\u00e4nke<\/p>","protected":false},"excerpt":{"rendered":"<p data-start=\"291\" data-end=\"594\">Explore the best of <strong data-start=\"311\" data-end=\"325\">Casablanca<\/strong> on this guided half-day tour. Visit the iconic <strong data-start=\"373\" data-end=\"393\">Hassan-II.-Moschee<\/strong>, wander through the historic Old Medina, stroll along the scenic Corniche, and enjoy vibrant local markets \u2014 all with <strong data-start=\"512\" data-end=\"531\">expert guidance<\/strong> und <strong data-start=\"536\" data-end=\"560\">round-trip transfers<\/strong> from your cruise port or hotel.<\/p>","protected":false},"featured_media":12147,"comment_status":"open","ping_status":"closed","template":"","meta":[],"product_brand":[],"product_cat":[],"product_tag":[],"class_list":{"0":"post-12294","1":"product","2":"type-product","3":"status-publish","4":"has-post-thumbnail","6":"tour_phys-cultural-city-tours","7":"tour_phys-river-cruise","8":"pa_destination-casablanca","10":"first","11":"instock","12":"featured","13":"shipping-taxable","14":"purchasable","15":"product-type-tour_phys"},"_links":{"self":[{"href":"https:\/\/moroccodreamvoyage.com\/deutsh\/wp-json\/wp\/v2\/product\/12294","targetHints":{"allow":["GET"]}}],"collection":[{"href":"https:\/\/moroccodreamvoyage.com\/deutsh\/wp-json\/wp\/v2\/product"}],"about":[{"href":"https:\/\/moroccodreamvoyage.com\/deutsh\/wp-json\/wp\/v2\/types\/product"}],"replies":[{"embeddable":true,"href":"https:\/\/moroccodreamvoyage.com\/deutsh\/wp-json\/wp\/v2\/comments?post=12294"}],"wp:featuredmedia":[{"embeddable":true,"href":"https:\/\/moroccodreamvoyage.com\/deutsh\/wp-json\/wp\/v2\/media\/12147"}],"wp:attachment":[{"href":"https:\/\/moroccodreamvoyage.com\/deutsh\/wp-json\/wp\/v2\/media?parent=12294"}],"wp:term":[{"taxonomy":"product_brand","embeddable":true,"href":"https:\/\/moroccodreamvoyage.com\/deutsh\/wp-json\/wp\/v2\/product_brand?post=12294"},{"taxonomy":"product_cat","embeddable":true,"href":"https:\/\/moroccodreamvoyage.com\/deutsh\/wp-json\/wp\/v2\/product_cat?post=12294"},{"taxonomy":"product_tag","embeddable":true,"href":"https:\/\/moroccodreamvoyage.com\/deutsh\/wp-json\/wp\/v2\/product_tag?post=12294"}],"curies":[{"name":"wp","href":"https:\/\/api.w.org\/{rel}","templated":true}]}}