{"id":12275,"date":"2025-11-01T17:33:58","date_gmt":"2025-11-01T17:33:58","guid":{"rendered":"https:\/\/moroccodreamvoyage.com\/?post_type=product&#038;p=12275"},"modified":"2026-01-15T21:00:49","modified_gmt":"2026-01-15T21:00:49","slug":"tetouan-rif-mountains-cultural-discovery-small-group-tour","status":"publish","type":"product","link":"https:\/\/moroccodreamvoyage.com\/tours\/tetouan-rif-mountains-cultural-discovery-small-group-tour","title":{"rendered":"Ganztagesf\u00fchrung Tetouan \u2013 Die wei\u00dfe Taube des Nordens"},"content":{"rendered":"<p data-start=\"334\" data-end=\"731\" class=\"translation-block\">Mit maximal 13 Personen f\u00fchrt Sie dieses Abenteuer in einer Kleingruppe durch die charmante Stadt T\u00e9touan, ein UNESCO-Weltkulturerbe, das f\u00fcr sein andalusisches Erbe, die wei\u00df get\u00fcnchten Gassen der Medina und die nahegelegenen Rif-Berge bekannt ist. Reisen Sie bequem mit einem klimatisierten Minivan und entdecken Sie die lebendige Mischung aus arabischen, berberischen und spanischen Einfl\u00fcssen, die T\u00e9touan zu einem der einzigartigsten Reiseziele Marokkos machen<\/p>\n<p data-start=\"733\" data-end=\"911\">Erkunden Sie die historische Medina, erleben Sie die Kunsthandwerkswerkst\u00e4tten vor Ort und genie\u00dfen Sie beeindruckende Panoramen des Rif-Gebirges. Lassen Sie sich von authentischen marokkanischen Gerichten, aromatischem Minztee und der warmherzigen Gastfreundschaft im Norden verw\u00f6hnen.<\/p>\n<hr data-start=\"913\" data-end=\"916\" \/>\n<h3 data-start=\"918\" data-end=\"936\"><strong data-start=\"922\" data-end=\"936\">H\u00f6hepunkte<\/strong><\/h3>\n<ul data-start=\"938\" data-end=\"1290\">\n<li data-start=\"938\" data-end=\"985\">\n<p data-start=\"940\" data-end=\"985\">Erkunden Sie die zum UNESCO-Weltkulturerbe geh\u00f6rende Medina von T\u00e9touan.<\/p>\n<\/li>\n<li data-start=\"986\" data-end=\"1036\">\n<p data-start=\"988\" data-end=\"1036\">Besuch des K\u00f6niglichen Palastes und des Ethnografischen Museums.<\/p>\n<\/li>\n<li data-start=\"1037\" data-end=\"1085\">\n<p data-start=\"1039\" data-end=\"1085\">Entdecken Sie die andalusische und maurische Architektur.<\/p>\n<\/li>\n<li data-start=\"1086\" data-end=\"1128\">\n<p data-start=\"1088\" data-end=\"1128\">Drive through the scenic Rif Mountains<\/p>\n<\/li>\n<li data-start=\"1129\" data-end=\"1174\">\n<p data-start=\"1131\" data-end=\"1174\">Genie\u00dfen Sie ein traditionelles Mittagessen in einem lokalen Riad.<\/p>\n<\/li>\n<li data-start=\"1175\" data-end=\"1242\">\n<p data-start=\"1177\" data-end=\"1242\">Komfortable Fahrt im klimatisierten Minivan in kleiner Gruppe<\/p>\n<\/li>\n<li data-start=\"1243\" data-end=\"1290\">\n<p data-start=\"1245\" data-end=\"1290\">Mineralwasser, Minztee und Mittagessen inklusive<\/p>\n<\/li>\n<\/ul>\n<hr data-start=\"1292\" data-end=\"1295\" \/>\n<h3 data-start=\"1297\" data-end=\"1320\"><strong data-start=\"1301\" data-end=\"1320\">Inklusive<\/strong><\/h3>\n<ul data-start=\"1322\" data-end=\"1567\">\n<li data-start=\"1322\" data-end=\"1352\">\n<p data-start=\"1324\" data-end=\"1352\">Abholung und R\u00fccktransfer vom\/zum Hotel<\/p>\n<\/li>\n<li data-start=\"1353\" data-end=\"1392\">\n<p data-start=\"1355\" data-end=\"1392\">Lokaler Fahrer und professioneller Guide<\/p>\n<\/li>\n<li data-start=\"1393\" data-end=\"1427\">\n<p data-start=\"1395\" data-end=\"1427\">Klimatisierter Transport<\/p>\n<\/li>\n<li data-start=\"1428\" data-end=\"1471\">\n<p data-start=\"1430\" data-end=\"1471\">Gef\u00fchrte Wanderung durch die Medina von T\u00e9touan.<\/p>\n<\/li>\n<li data-start=\"1472\" data-end=\"1515\">\n<p data-start=\"1474\" data-end=\"1515\">Traditionelles marokkanisches Mittagessen und Minztee.<\/p>\n<\/li>\n<li data-start=\"1516\" data-end=\"1544\">\n<p data-start=\"1518\" data-end=\"1544\">Mineralwasser und Snacks<\/p>\n<\/li>\n<li data-start=\"1545\" data-end=\"1567\">\n<p data-start=\"1547\" data-end=\"1567\">Alle Geb\u00fchren und Steuern<\/p>\n<\/li>\n<\/ul>\n<hr data-start=\"1569\" data-end=\"1572\" \/>\n<h3 data-start=\"1574\" data-end=\"1604\"><strong data-start=\"1578\" data-end=\"1604\">Zus\u00e4tzliche Informationen<\/strong><\/h3>\n<ul data-start=\"1606\" data-end=\"1971\">\n<li data-start=\"1606\" data-end=\"1658\">\n<p data-start=\"1608\" data-end=\"1658\">Die Best\u00e4tigung erhalten Sie zum Zeitpunkt der Buchung<\/p>\n<\/li>\n<li data-start=\"1659\" data-end=\"1713\">\n<p data-start=\"1661\" data-end=\"1713\">Tragen Sie bequeme Schuhe zum Gehen und angemessene Kleidung.<\/p>\n<\/li>\n<li data-start=\"1714\" data-end=\"1791\">\n<p data-start=\"1716\" data-end=\"1791\" class=\"translation-block\">Die Tour beginnt gegen 8:00 Uhr; Abholung am Hotel zwischen 7:30 und 8:00 Uhr.<\/p>\n<\/li>\n<li data-start=\"1792\" data-end=\"1836\">\n<p data-start=\"1794\" data-end=\"1836\">Es ist eine moderate Menge an Gehstrecken erforderlich<\/p>\n<\/li>\n<li data-start=\"1837\" data-end=\"1910\">\n<p data-start=\"1839\" data-end=\"1910\">Mehrsprachiger Guide auf Anfrage verf\u00fcgbar (Englisch, Franz\u00f6sisch, Spanisch)<\/p>\n<\/li>\n<li data-start=\"1911\" data-end=\"1971\">\n<p data-start=\"1913\" data-end=\"1971\">Vegetarische und vegane Mahlzeiten auf Anfrage verf\u00fcgbar<\/p>\n<\/li>\n<\/ul>\n<hr data-start=\"1973\" data-end=\"1976\" \/>\n<h3 data-start=\"1978\" data-end=\"2005\"><strong data-start=\"1982\" data-end=\"2005\">Stornierungsbedingungen<\/strong><\/h3>\n<ul data-start=\"2007\" data-end=\"2498\">\n<li data-start=\"2007\" data-end=\"2093\">\n<p data-start=\"2009\" data-end=\"2093\">F\u00fcr eine vollst\u00e4ndige R\u00fcckerstattung stornieren Sie bitte mindestens <strong data-start=\"2044\" data-end=\"2063\">24 Stunden vor<\/strong> Beginn der Aktivit\u00e4t<\/p>\n<\/li>\n<li data-start=\"2094\" data-end=\"2172\">\n<p data-start=\"2096\" data-end=\"2172\">Bei einer Stornierung weniger als 24 Stunden vor der Tour erfolgt keine R\u00fcckerstattung<\/p>\n<\/li>\n<li data-start=\"2173\" data-end=\"2255\">\n<p data-start=\"2175\" data-end=\"2255\">\u00c4nderungen weniger als 24 Stunden vor Beginn werden nicht akzeptiert<\/p>\n<\/li>\n<li data-start=\"2256\" data-end=\"2391\">\n<p data-start=\"2258\" data-end=\"2391\">Diese Aktivit\u00e4t ist <strong data-start=\"2283\" data-end=\"2299\">wetterabh\u00e4ngig<\/strong> \u2013 bei Absage aufgrund schlechter Wetterbedingungen wird Ihnen ein alternatives Datum oder eine vollst\u00e4ndige R\u00fcckerstattung angeboten<\/p>\n<\/li>\n<li data-start=\"2392\" data-end=\"2498\">\n<p data-start=\"2394\" data-end=\"2498\">Mindestanzahl an Teilnehmern erforderlich \u2013 wird diese nicht erreicht, erhalten Sie entweder ein alternatives Datum oder eine vollst\u00e4ndige R\u00fcckerstattung.<\/p>\n<\/li>\n<\/ul>","protected":false},"excerpt":{"rendered":"<p>With a maximum of 13 people, this small-group adventure takes you through the charming city of T\u00e9touan, a UNESCO World Heritage Site known for its Andalusian heritage, white-walled medina, and <\/p>","protected":false},"featured_media":12401,"comment_status":"open","ping_status":"closed","template":"","meta":[],"product_brand":[],"product_cat":[],"product_tag":[],"class_list":{"0":"post-12275","1":"product","2":"type-product","3":"status-publish","4":"has-post-thumbnail","6":"tour_phys-river-cruise","7":"pa_destination-tetouan","8":"pa_month-august","9":"pa_month-september","11":"first","12":"instock","13":"featured","14":"shipping-taxable","15":"purchasable","16":"product-type-tour_phys"},"_links":{"self":[{"href":"https:\/\/moroccodreamvoyage.com\/deutsh\/wp-json\/wp\/v2\/product\/12275","targetHints":{"allow":["GET"]}}],"collection":[{"href":"https:\/\/moroccodreamvoyage.com\/deutsh\/wp-json\/wp\/v2\/product"}],"about":[{"href":"https:\/\/moroccodreamvoyage.com\/deutsh\/wp-json\/wp\/v2\/types\/product"}],"replies":[{"embeddable":true,"href":"https:\/\/moroccodreamvoyage.com\/deutsh\/wp-json\/wp\/v2\/comments?post=12275"}],"wp:featuredmedia":[{"embeddable":true,"href":"https:\/\/moroccodreamvoyage.com\/deutsh\/wp-json\/wp\/v2\/media\/12401"}],"wp:attachment":[{"href":"https:\/\/moroccodreamvoyage.com\/deutsh\/wp-json\/wp\/v2\/media?parent=12275"}],"wp:term":[{"taxonomy":"product_brand","embeddable":true,"href":"https:\/\/moroccodreamvoyage.com\/deutsh\/wp-json\/wp\/v2\/product_brand?post=12275"},{"taxonomy":"product_cat","embeddable":true,"href":"https:\/\/moroccodreamvoyage.com\/deutsh\/wp-json\/wp\/v2\/product_cat?post=12275"},{"taxonomy":"product_tag","embeddable":true,"href":"https:\/\/moroccodreamvoyage.com\/deutsh\/wp-json\/wp\/v2\/product_tag?post=12275"}],"curies":[{"name":"wp","href":"https:\/\/api.w.org\/{rel}","templated":true}]}}