{"id":12241,"date":"2025-10-31T21:03:17","date_gmt":"2025-10-31T21:03:17","guid":{"rendered":"https:\/\/moroccodreamvoyage.com\/?post_type=product&#038;p=12241"},"modified":"2025-10-31T21:14:50","modified_gmt":"2025-10-31T21:14:50","slug":"oujda-oriental-morocco-discovery-small-group-tour","status":"publish","type":"product","link":"https:\/\/moroccodreamvoyage.com\/tours\/oujda-oriental-morocco-discovery-small-group-tour","title":{"rendered":"Oujda &amp; Entdeckungsreise durch den Orientalischen Osten Marokkos \u2013 Kleingruppentour"},"content":{"rendered":"<p data-start=\"297\" data-end=\"666\">Mit maximal 13 Personen f\u00fchrt Sie diese Kleingruppenreise nach <strong data-start=\"364\" data-end=\"373\">Oujda<\/strong>, dem kulturellen Herzen der orientalischen Region Marokkos. Entdecken Sie in dieser historischen Grenzstadt die einzigartige Mischung aus marokkanischen, berberischen und andalusischen Einfl\u00fcssen. Schlendern Sie durch die Medina, besuchen Sie traditionelle Souks und genie\u00dfen Sie panoramische Ausblicke auf die Berge und die W\u00fcstenlandschaften, die Oujda umgeben.<\/p>\n<p data-start=\"668\" data-end=\"846\">Experience a lesser-known side of Morocco \u2014 rich in hospitality, tradition, and untouched beauty \u2014 while traveling comfortably in an air-conditioned minivan with a local guide.<\/p>\n<hr data-start=\"848\" data-end=\"851\" \/>\n<h3 data-start=\"853\" data-end=\"871\"><strong data-start=\"857\" data-end=\"871\">H\u00f6hepunkte<\/strong><\/h3>\n<ul data-start=\"873\" data-end=\"1265\">\n<li data-start=\"873\" data-end=\"927\">\n<p data-start=\"875\" data-end=\"927\">Erkunden Sie die lebendige Medina von Oujda und die historische Kasbah<\/p>\n<\/li>\n<li data-start=\"928\" data-end=\"975\">\n<p data-start=\"930\" data-end=\"975\">Besuch der Sidi-Yahya-Oase und der Gro\u00dfen Moschee<\/p>\n<\/li>\n<li data-start=\"976\" data-end=\"1030\">\n<p data-start=\"978\" data-end=\"1030\">Entdecken Sie lokale M\u00e4rkte und die andalusische Architektur<\/p>\n<\/li>\n<li data-start=\"1031\" data-end=\"1084\">\n<p data-start=\"1033\" data-end=\"1084\">Genie\u00dfen Sie authentische marokkanische K\u00fcche in einem Familienhaus<\/p>\n<\/li>\n<li data-start=\"1085\" data-end=\"1149\">\n<p data-start=\"1087\" data-end=\"1149\">Malerische Fahrt zu den H\u00f6hlen von Tafoughalt und ins Beni-Snassen-Gebirge<\/p>\n<\/li>\n<li data-start=\"1150\" data-end=\"1217\">\n<p data-start=\"1152\" data-end=\"1217\">Komfortable Fahrt im klimatisierten Minivan in kleiner Gruppe<\/p>\n<\/li>\n<li data-start=\"1218\" data-end=\"1265\">\n<p data-start=\"1220\" data-end=\"1265\">Mineralwasser, Minztee und Mittagessen inklusive<\/p>\n<\/li>\n<\/ul>\n<hr data-start=\"1267\" data-end=\"1270\" \/>\n<h3 data-start=\"1272\" data-end=\"1295\"><strong data-start=\"1276\" data-end=\"1295\">Inklusive<\/strong><\/h3>\n<ul data-start=\"1297\" data-end=\"1545\">\n<li data-start=\"1297\" data-end=\"1336\">\n<p data-start=\"1299\" data-end=\"1336\">Abholung und R\u00fccktransfer zum Hotel in Oujda<\/p>\n<\/li>\n<li data-start=\"1337\" data-end=\"1376\">\n<p data-start=\"1339\" data-end=\"1376\">Lokaler Fahrer und professioneller Guide<\/p>\n<\/li>\n<li data-start=\"1377\" data-end=\"1411\">\n<p data-start=\"1379\" data-end=\"1411\">Klimatisierter Transport<\/p>\n<\/li>\n<li data-start=\"1412\" data-end=\"1462\">\n<p data-start=\"1414\" data-end=\"1462\">Gef\u00fchrte Tour durch die Medina und Umgebung von Oujda<\/p>\n<\/li>\n<li data-start=\"1463\" data-end=\"1493\">\n<p data-start=\"1465\" data-end=\"1493\">Traditionelles marokkanisches Mittagessen<\/p>\n<\/li>\n<li data-start=\"1494\" data-end=\"1522\">\n<p data-start=\"1496\" data-end=\"1522\">Mineralwasser und Snacks<\/p>\n<\/li>\n<li data-start=\"1523\" data-end=\"1545\">\n<p data-start=\"1525\" data-end=\"1545\">Alle Geb\u00fchren und Steuern<\/p>\n<\/li>\n<\/ul>\n<hr data-start=\"1547\" data-end=\"1550\" \/>\n<h3 data-start=\"1552\" data-end=\"1582\"><strong data-start=\"1556\" data-end=\"1582\">Zus\u00e4tzliche Informationen<\/strong><\/h3>\n<ul data-start=\"1584\" data-end=\"1945\">\n<li data-start=\"1584\" data-end=\"1636\">\n<p data-start=\"1586\" data-end=\"1636\">Die Best\u00e4tigung erhalten Sie zum Zeitpunkt der Buchung<\/p>\n<\/li>\n<li data-start=\"1637\" data-end=\"1692\">\n<p data-start=\"1639\" data-end=\"1692\">Tragen Sie bequeme Kleidung, feste Schuhe zum Gehen und einen Hut.<\/p>\n<\/li>\n<li data-start=\"1693\" data-end=\"1770\">\n<p data-start=\"1695\" data-end=\"1770\" class=\"translation-block\">Die Tour beginnt gegen 8:00 Uhr; Abholung am Hotel zwischen 7:30 und 8:00 Uhr.<\/p>\n<\/li>\n<li data-start=\"1771\" data-end=\"1810\">\n<p data-start=\"1773\" data-end=\"1810\">Es ist eine moderate Gehstrecke erforderlich.<\/p>\n<\/li>\n<li data-start=\"1811\" data-end=\"1884\">\n<p data-start=\"1813\" data-end=\"1884\">Mehrsprachiger Guide auf Anfrage verf\u00fcgbar (Englisch, Franz\u00f6sisch, Spanisch)<\/p>\n<\/li>\n<li data-start=\"1885\" data-end=\"1945\">\n<p data-start=\"1887\" data-end=\"1945\">Vegetarische und vegane Mahlzeiten auf Anfrage verf\u00fcgbar<\/p>\n<\/li>\n<\/ul>\n<hr data-start=\"1947\" data-end=\"1950\" \/>\n<h3 data-start=\"1952\" data-end=\"1979\"><strong data-start=\"1956\" data-end=\"1979\">Stornierungsbedingungen<\/strong><\/h3>\n<ul data-start=\"1981\" data-end=\"2472\">\n<li data-start=\"1981\" data-end=\"2067\">\n<p data-start=\"1983\" data-end=\"2067\">F\u00fcr eine vollst\u00e4ndige R\u00fcckerstattung stornieren Sie bitte mindestens <strong data-start=\"2018\" data-end=\"2037\">24 Stunden vor<\/strong> Beginn der Aktivit\u00e4t<\/p>\n<\/li>\n<li data-start=\"2068\" data-end=\"2146\">\n<p data-start=\"2070\" data-end=\"2146\">Bei einer Stornierung weniger als 24 Stunden vor der Tour erfolgt keine R\u00fcckerstattung<\/p>\n<\/li>\n<li data-start=\"2147\" data-end=\"2229\">\n<p data-start=\"2149\" data-end=\"2229\">\u00c4nderungen weniger als 24 Stunden vor Beginn werden nicht akzeptiert<\/p>\n<\/li>\n<li data-start=\"2230\" data-end=\"2365\">\n<p data-start=\"2232\" data-end=\"2365\">Diese Aktivit\u00e4t ist <strong data-start=\"2257\" data-end=\"2273\">wetterabh\u00e4ngig<\/strong> \u2013 bei Absage aufgrund schlechter Wetterbedingungen wird Ihnen ein alternatives Datum oder eine vollst\u00e4ndige R\u00fcckerstattung angeboten<\/p>\n<\/li>\n<li data-start=\"2366\" data-end=\"2472\">\n<p data-start=\"2368\" data-end=\"2472\">Mindestanzahl an Teilnehmern erforderlich \u2013 wird diese nicht erreicht, erhalten Sie entweder ein alternatives Datum oder eine vollst\u00e4ndige R\u00fcckerstattung.<\/p>\n<\/li>\n<\/ul>","protected":false},"excerpt":{"rendered":"<p>Mit maximal 13 Personen f\u00fchrt Sie diese Kleingruppenreise nach Oujda, dem kulturellen Herzen der orientalischen Region Marokkos. Entdecken Sie die einzigartige Mischung aus marokkanischen, berberischen und andalusischen Einfl\u00fcssen. <\/p>","protected":false},"featured_media":12242,"comment_status":"open","ping_status":"closed","template":"","meta":[],"product_brand":[],"product_cat":[],"product_tag":[],"class_list":{"0":"post-12241","1":"product","2":"type-product","3":"status-publish","4":"has-post-thumbnail","6":"tour_phys-river-cruise","7":"pa_destination-oujda","8":"pa_month-january","9":"pa_month-february","11":"first","12":"instock","13":"shipping-taxable","14":"purchasable","15":"product-type-tour_phys"},"_links":{"self":[{"href":"https:\/\/moroccodreamvoyage.com\/deutsh\/wp-json\/wp\/v2\/product\/12241","targetHints":{"allow":["GET"]}}],"collection":[{"href":"https:\/\/moroccodreamvoyage.com\/deutsh\/wp-json\/wp\/v2\/product"}],"about":[{"href":"https:\/\/moroccodreamvoyage.com\/deutsh\/wp-json\/wp\/v2\/types\/product"}],"replies":[{"embeddable":true,"href":"https:\/\/moroccodreamvoyage.com\/deutsh\/wp-json\/wp\/v2\/comments?post=12241"}],"wp:featuredmedia":[{"embeddable":true,"href":"https:\/\/moroccodreamvoyage.com\/deutsh\/wp-json\/wp\/v2\/media\/12242"}],"wp:attachment":[{"href":"https:\/\/moroccodreamvoyage.com\/deutsh\/wp-json\/wp\/v2\/media?parent=12241"}],"wp:term":[{"taxonomy":"product_brand","embeddable":true,"href":"https:\/\/moroccodreamvoyage.com\/deutsh\/wp-json\/wp\/v2\/product_brand?post=12241"},{"taxonomy":"product_cat","embeddable":true,"href":"https:\/\/moroccodreamvoyage.com\/deutsh\/wp-json\/wp\/v2\/product_cat?post=12241"},{"taxonomy":"product_tag","embeddable":true,"href":"https:\/\/moroccodreamvoyage.com\/deutsh\/wp-json\/wp\/v2\/product_tag?post=12241"}],"curies":[{"name":"wp","href":"https:\/\/api.w.org\/{rel}","templated":true}]}}