{"id":12234,"date":"2025-10-31T20:55:11","date_gmt":"2025-10-31T20:55:11","guid":{"rendered":"https:\/\/moroccodreamvoyage.com\/?post_type=product&#038;p=12234"},"modified":"2025-11-09T13:42:12","modified_gmt":"2025-11-09T13:42:12","slug":"el-jadida-coastal-heritage-medina-discovery-small-group-tour","status":"publish","type":"product","link":"https:\/\/moroccodreamvoyage.com\/tours\/el-jadida-coastal-heritage-medina-discovery-small-group-tour","title":{"rendered":"El Jadida Coastal Heritage &#038; Medina Discovery Small-Group Tour"},"content":{"rendered":"<p data-start=\"320\" data-end=\"672\">Explore <strong data-start=\"454\" data-end=\"467\">El Jadida<\/strong>, a coastal gem just 100 km from Casablanca, where <strong data-start=\"518\" data-end=\"564\">Moroccan culture meets Portuguese heritage<\/strong>.<br data-start=\"565\" data-end=\"568\" \/>This full-day guided tour from your hotel takes you through the city\u2019s most beautiful landmarks \u2014 from the <strong data-start=\"675\" data-end=\"718\">UNESCO-listed Portuguese City (Mazagan)<\/strong> to the <strong data-start=\"726\" data-end=\"752\">Sidi Bouafi Lighthouse<\/strong> und <strong data-start=\"757\" data-end=\"777\">El Haouzia Beach<\/strong>.<br data-start=\"778\" data-end=\"781\" \/>Enjoy a mix of history, sea breeze, and local lifestyle in one unforgettable experience.<\/p>\n<hr data-start=\"842\" data-end=\"845\" \/>\n<h3 data-start=\"847\" data-end=\"865\"><strong data-start=\"851\" data-end=\"865\">H\u00f6hepunkte<\/strong><\/h3>\n<ul data-start=\"867\" data-end=\"1262\">\n<li data-start=\"867\" data-end=\"923\">\n<p data-start=\"869\" data-end=\"923\">Explore the UNESCO-listed Portuguese City of Mazagan<\/p>\n<\/li>\n<li data-start=\"924\" data-end=\"985\">\n<p data-start=\"926\" data-end=\"985\">Visit the legendary Portuguese Cistern and fortress walls<\/p>\n<\/li>\n<li data-start=\"986\" data-end=\"1046\">\n<p data-start=\"988\" data-end=\"1046\">Walk along the seaside promenade and El Jadida\u2019s beaches<\/p>\n<\/li>\n<li data-start=\"1047\" data-end=\"1095\">\n<p data-start=\"1049\" data-end=\"1095\">Discover the lively souks and medina streets<\/p>\n<\/li>\n<li data-start=\"1096\" data-end=\"1146\">\n<p data-start=\"1098\" data-end=\"1146\">Enjoy a traditional seafood lunch by the ocean<\/p>\n<\/li>\n<li data-start=\"1147\" data-end=\"1214\">\n<p data-start=\"1149\" data-end=\"1214\">Komfortable Fahrt im klimatisierten Minivan in kleiner Gruppe<\/p>\n<\/li>\n<li data-start=\"1215\" data-end=\"1262\">\n<p data-start=\"1217\" data-end=\"1262\">Mineralwasser, Minztee und Mittagessen inklusive<\/p>\n<\/li>\n<\/ul>\n<hr data-start=\"1264\" data-end=\"1267\" \/>\n<h3 data-start=\"1269\" data-end=\"1292\"><strong data-start=\"1273\" data-end=\"1292\">Inklusive<\/strong><\/h3>\n<ul data-start=\"1294\" data-end=\"1549\">\n<li data-start=\"1294\" data-end=\"1324\">\n<p data-start=\"1296\" data-end=\"1324\">Abholung und R\u00fccktransfer vom\/zum Hotel<\/p>\n<\/li>\n<li data-start=\"1325\" data-end=\"1364\">\n<p data-start=\"1327\" data-end=\"1364\">Lokaler Fahrer und professioneller Guide<\/p>\n<\/li>\n<li data-start=\"1365\" data-end=\"1399\">\n<p data-start=\"1367\" data-end=\"1399\">Klimatisierter Transport<\/p>\n<\/li>\n<li data-start=\"1400\" data-end=\"1458\">\n<p data-start=\"1402\" data-end=\"1458\">Guided walking tour of El Jadida\u2019s medina and fortress<\/p>\n<\/li>\n<li data-start=\"1459\" data-end=\"1497\">\n<p data-start=\"1461\" data-end=\"1497\">Traditionelles marokkanisches Fisch-Mittagessen.<\/p>\n<\/li>\n<li data-start=\"1498\" data-end=\"1526\">\n<p data-start=\"1500\" data-end=\"1526\">Mineralwasser und Snacks<\/p>\n<\/li>\n<li data-start=\"1527\" data-end=\"1549\">\n<p data-start=\"1529\" data-end=\"1549\">Alle Geb\u00fchren und Steuern<\/p>\n<\/li>\n<\/ul>\n<hr data-start=\"1551\" data-end=\"1554\" \/>\n<h3 data-start=\"1556\" data-end=\"1586\"><strong data-start=\"1560\" data-end=\"1586\">Zus\u00e4tzliche Informationen<\/strong><\/h3>\n<ul data-start=\"1588\" data-end=\"1950\">\n<li data-start=\"1588\" data-end=\"1640\">\n<p data-start=\"1590\" data-end=\"1640\">Die Best\u00e4tigung erhalten Sie zum Zeitpunkt der Buchung<\/p>\n<\/li>\n<li data-start=\"1641\" data-end=\"1697\">\n<p data-start=\"1643\" data-end=\"1697\">Wear comfortable shoes and bring a hat and sunscreen<\/p>\n<\/li>\n<li data-start=\"1698\" data-end=\"1775\">\n<p data-start=\"1700\" data-end=\"1775\" class=\"translation-block\">Die Tour beginnt gegen 8:00 Uhr; Abholung am Hotel zwischen 7:30 und 8:00 Uhr.<\/p>\n<\/li>\n<li data-start=\"1776\" data-end=\"1820\">\n<p data-start=\"1778\" data-end=\"1820\">Es ist eine moderate Menge an Gehstrecken erforderlich<\/p>\n<\/li>\n<li data-start=\"1821\" data-end=\"1894\">\n<p data-start=\"1823\" data-end=\"1894\">Mehrsprachiger Guide auf Anfrage verf\u00fcgbar (Englisch, Franz\u00f6sisch, Spanisch)<\/p>\n<\/li>\n<li data-start=\"1895\" data-end=\"1950\">\n<p data-start=\"1897\" data-end=\"1950\">Vegetarian and vegan options available upon request<\/p>\n<\/li>\n<\/ul>\n<hr data-start=\"1952\" data-end=\"1955\" \/>\n<h3 data-start=\"1957\" data-end=\"1984\"><strong data-start=\"1961\" data-end=\"1984\">Stornierungsbedingungen<\/strong><\/h3>\n<ul data-start=\"1986\" data-end=\"2477\">\n<li data-start=\"1986\" data-end=\"2072\">\n<p data-start=\"1988\" data-end=\"2072\">F\u00fcr eine vollst\u00e4ndige R\u00fcckerstattung stornieren Sie bitte mindestens <strong data-start=\"2023\" data-end=\"2042\">24 Stunden vor<\/strong> Beginn der Aktivit\u00e4t<\/p>\n<\/li>\n<li data-start=\"2073\" data-end=\"2151\">\n<p data-start=\"2075\" data-end=\"2151\">Bei einer Stornierung weniger als 24 Stunden vor der Tour erfolgt keine R\u00fcckerstattung<\/p>\n<\/li>\n<li data-start=\"2152\" data-end=\"2234\">\n<p data-start=\"2154\" data-end=\"2234\">\u00c4nderungen weniger als 24 Stunden vor Beginn werden nicht akzeptiert<\/p>\n<\/li>\n<li data-start=\"2235\" data-end=\"2370\">\n<p data-start=\"2237\" data-end=\"2370\">Diese Aktivit\u00e4t ist <strong data-start=\"2262\" data-end=\"2278\">wetterabh\u00e4ngig<\/strong> \u2013 bei Absage aufgrund schlechter Wetterbedingungen wird Ihnen ein alternatives Datum oder eine vollst\u00e4ndige R\u00fcckerstattung angeboten<\/p>\n<\/li>\n<li data-start=\"2371\" data-end=\"2477\">\n<p data-start=\"2373\" data-end=\"2477\">Mindestanzahl an Teilnehmern erforderlich \u2013 wird diese nicht erreicht, erhalten Sie entweder ein alternatives Datum oder eine vollst\u00e4ndige R\u00fcckerstattung.<\/p>\n<\/li>\n<\/ul>","protected":false},"excerpt":{"rendered":"<p>Explore El Jadida, a coastal gem just 100 km from Casablanca, where Moroccan culture meets Portuguese heritage.This full-day guided tour from your hotel takes you through the city\u2019s most beautiful <\/p>","protected":false},"featured_media":12235,"comment_status":"open","ping_status":"closed","template":"","meta":[],"product_brand":[],"product_cat":[],"product_tag":[],"class_list":{"0":"post-12234","1":"product","2":"type-product","3":"status-publish","4":"has-post-thumbnail","6":"tour_phys-river-cruise","7":"pa_destination-el-jadida","8":"pa_month-november","9":"pa_month-december","11":"first","12":"instock","13":"shipping-taxable","14":"purchasable","15":"product-type-tour_phys"},"_links":{"self":[{"href":"https:\/\/moroccodreamvoyage.com\/deutsh\/wp-json\/wp\/v2\/product\/12234","targetHints":{"allow":["GET"]}}],"collection":[{"href":"https:\/\/moroccodreamvoyage.com\/deutsh\/wp-json\/wp\/v2\/product"}],"about":[{"href":"https:\/\/moroccodreamvoyage.com\/deutsh\/wp-json\/wp\/v2\/types\/product"}],"replies":[{"embeddable":true,"href":"https:\/\/moroccodreamvoyage.com\/deutsh\/wp-json\/wp\/v2\/comments?post=12234"}],"wp:featuredmedia":[{"embeddable":true,"href":"https:\/\/moroccodreamvoyage.com\/deutsh\/wp-json\/wp\/v2\/media\/12235"}],"wp:attachment":[{"href":"https:\/\/moroccodreamvoyage.com\/deutsh\/wp-json\/wp\/v2\/media?parent=12234"}],"wp:term":[{"taxonomy":"product_brand","embeddable":true,"href":"https:\/\/moroccodreamvoyage.com\/deutsh\/wp-json\/wp\/v2\/product_brand?post=12234"},{"taxonomy":"product_cat","embeddable":true,"href":"https:\/\/moroccodreamvoyage.com\/deutsh\/wp-json\/wp\/v2\/product_cat?post=12234"},{"taxonomy":"product_tag","embeddable":true,"href":"https:\/\/moroccodreamvoyage.com\/deutsh\/wp-json\/wp\/v2\/product_tag?post=12234"}],"curies":[{"name":"wp","href":"https:\/\/api.w.org\/{rel}","templated":true}]}}