{"id":12227,"date":"2025-10-29T19:50:12","date_gmt":"2025-10-29T19:50:12","guid":{"rendered":"https:\/\/moroccodreamvoyage.com\/?post_type=product&#038;p=12227"},"modified":"2025-10-29T19:56:15","modified_gmt":"2025-10-29T19:56:15","slug":"essaouira-coastal-escape-medina-discovery-small-group-tour","status":"publish","type":"product","link":"https:\/\/moroccodreamvoyage.com\/tours\/essaouira-coastal-escape-medina-discovery-small-group-tour","title":{"rendered":"Essaouira: K\u00fcstenausflug &amp; Medina-Entdeckung \u2013 Kleingruppen-Tour"},"content":{"rendered":"<p data-start=\"303\" data-end=\"698\">Mit maximal 13 Personen f\u00fchrt Sie diese Kleingruppenreise von Marrakesch (oder nahegelegenen St\u00e4dten) in die charmante K\u00fcstenstadt <strong data-start=\"433\" data-end=\"446\">Essaouira<\/strong>, ein UNESCO-Weltkulturerbe, bekannt f\u00fcr ihre entspannte Atmosph\u00e4re, die Stadtmauern am Meer und die blau-wei\u00dfe Medina. Reisen Sie komfortabel im klimatisierten Minivan, spazieren Sie am Strand entlang, erkunden Sie den Fischereihafen und entdecken Sie lokale Kunstgalerien und Handwerksbetriebe.<\/p>\n<p data-start=\"700\" data-end=\"815\">Erleben Sie die frische Meeresbrise, den kulturellen Charme und die k\u00fcnstlerische Seele Essaouiras bei diesem ganzt\u00e4gigen gef\u00fchrten Erlebnis.<\/p>\n<hr data-start=\"817\" data-end=\"820\" \/>\n<h3 data-start=\"822\" data-end=\"840\"><strong data-start=\"826\" data-end=\"840\">H\u00f6hepunkte<\/strong><\/h3>\n<ul data-start=\"842\" data-end=\"1242\">\n<li data-start=\"842\" data-end=\"905\">\n<p data-start=\"844\" data-end=\"905\">Erkunden Sie die UNESCO-gesch\u00fctzte Medina von Essaouira mit einem lokalen Guide.<\/p>\n<\/li>\n<li data-start=\"906\" data-end=\"963\">\n<p data-start=\"908\" data-end=\"963\">Besuchen Sie die Skala-Festung und den traditionellen Fischereihafen.<\/p>\n<\/li>\n<li data-start=\"964\" data-end=\"1015\">\n<p data-start=\"966\" data-end=\"1015\">Entdecken Sie lokale Kunstgalerien und Holzwerkst\u00e4tten.<\/p>\n<\/li>\n<li data-start=\"1016\" data-end=\"1069\">\n<p data-start=\"1018\" data-end=\"1069\">Spazieren Sie entlang des goldenen Strandes und genie\u00dfen Sie den Meerblick.<\/p>\n<\/li>\n<li data-start=\"1070\" data-end=\"1126\">\n<p data-start=\"1072\" data-end=\"1126\">Genie\u00dfen Sie frisch gefangene Meeresfr\u00fcchte in einem Restaurant am Meer.<\/p>\n<\/li>\n<li data-start=\"1127\" data-end=\"1194\">\n<p data-start=\"1129\" data-end=\"1194\">Komfortable Fahrt im klimatisierten Minivan in kleiner Gruppe<\/p>\n<\/li>\n<li data-start=\"1195\" data-end=\"1242\">\n<p data-start=\"1197\" data-end=\"1242\">Mineralwasser, Minztee und Mittagessen inklusive<\/p>\n<\/li>\n<\/ul>\n<hr data-start=\"1244\" data-end=\"1247\" \/>\n<h3 data-start=\"1249\" data-end=\"1272\"><strong data-start=\"1253\" data-end=\"1272\">Inklusive<\/strong><\/h3>\n<ul data-start=\"1274\" data-end=\"1521\">\n<li data-start=\"1274\" data-end=\"1304\">\n<p data-start=\"1276\" data-end=\"1304\">Abholung und R\u00fccktransfer vom\/zum Hotel<\/p>\n<\/li>\n<li data-start=\"1305\" data-end=\"1344\">\n<p data-start=\"1307\" data-end=\"1344\">Lokaler Fahrer und professioneller Guide<\/p>\n<\/li>\n<li data-start=\"1345\" data-end=\"1379\">\n<p data-start=\"1347\" data-end=\"1379\">Klimatisierter Transport<\/p>\n<\/li>\n<li data-start=\"1380\" data-end=\"1430\">\n<p data-start=\"1382\" data-end=\"1430\">Gef\u00fchrte Tour durch die Medina und die Stadtmauern von Essaouira.<\/p>\n<\/li>\n<li data-start=\"1431\" data-end=\"1469\">\n<p data-start=\"1433\" data-end=\"1469\">Traditionelles marokkanisches Fisch-Mittagessen.<\/p>\n<\/li>\n<li data-start=\"1470\" data-end=\"1498\">\n<p data-start=\"1472\" data-end=\"1498\">Mineralwasser und Snacks<\/p>\n<\/li>\n<li data-start=\"1499\" data-end=\"1521\">\n<p data-start=\"1501\" data-end=\"1521\">Alle Geb\u00fchren und Steuern<\/p>\n<\/li>\n<\/ul>\n<hr data-start=\"1523\" data-end=\"1526\" \/>\n<h3 data-start=\"1528\" data-end=\"1558\"><strong data-start=\"1532\" data-end=\"1558\">Zus\u00e4tzliche Informationen<\/strong><\/h3>\n<ul data-start=\"1560\" data-end=\"1948\">\n<li data-start=\"1560\" data-end=\"1612\">\n<p data-start=\"1562\" data-end=\"1612\">Die Best\u00e4tigung erhalten Sie zum Zeitpunkt der Buchung<\/p>\n<\/li>\n<li data-start=\"1613\" data-end=\"1666\">\n<p data-start=\"1615\" data-end=\"1666\">Tragen Sie bequeme Wanderschuhe und leichte Kleidung.<\/p>\n<\/li>\n<li data-start=\"1667\" data-end=\"1703\">\n<p data-start=\"1669\" data-end=\"1703\">Bringen Sie Hut, Sonnenschutz und Kamera mit.<\/p>\n<\/li>\n<li data-start=\"1704\" data-end=\"1771\">\n<p data-start=\"1706\" data-end=\"1771\">Tourbeginn gegen <strong data-start=\"1725\" data-end=\"1736\">8:00 Uhr<\/strong>Tourbeginn gegen <strong data-start=\"1753\" data-end=\"1769\">7:30 und 8:00 Uhr<\/strong><\/p>\n<\/li>\n<li data-start=\"1772\" data-end=\"1813\">\n<p data-start=\"1774\" data-end=\"1813\">Ein moderates Ma\u00df an Gehstrecken ist erforderlich.<\/p>\n<\/li>\n<li data-start=\"1814\" data-end=\"1887\">\n<p data-start=\"1816\" data-end=\"1887\">Mehrsprachiger Guide auf Anfrage verf\u00fcgbar (Englisch, Franz\u00f6sisch, Spanisch)<\/p>\n<\/li>\n<li data-start=\"1888\" data-end=\"1948\">\n<p data-start=\"1890\" data-end=\"1948\">Vegetarische und vegane Mahlzeiten auf Anfrage verf\u00fcgbar<\/p>\n<\/li>\n<\/ul>\n<hr data-start=\"1950\" data-end=\"1953\" \/>\n<h3 data-start=\"1955\" data-end=\"1982\"><strong data-start=\"1959\" data-end=\"1982\">Stornierungsbedingungen<\/strong><\/h3>\n<ul data-start=\"1984\" data-end=\"2475\">\n<li data-start=\"1984\" data-end=\"2070\">\n<p data-start=\"1986\" data-end=\"2070\">F\u00fcr eine vollst\u00e4ndige R\u00fcckerstattung stornieren Sie bitte mindestens <strong data-start=\"2021\" data-end=\"2040\">24 Stunden vor<\/strong> Beginn der Aktivit\u00e4t<\/p>\n<\/li>\n<li data-start=\"2071\" data-end=\"2149\">\n<p data-start=\"2073\" data-end=\"2149\">Bei einer Stornierung weniger als 24 Stunden vor der Tour erfolgt keine R\u00fcckerstattung<\/p>\n<\/li>\n<li data-start=\"2150\" data-end=\"2232\">\n<p data-start=\"2152\" data-end=\"2232\">\u00c4nderungen weniger als 24 Stunden vor Beginn werden nicht akzeptiert<\/p>\n<\/li>\n<li data-start=\"2233\" data-end=\"2368\">\n<p data-start=\"2235\" data-end=\"2368\">Diese Aktivit\u00e4t ist <strong data-start=\"2260\" data-end=\"2276\">wetterabh\u00e4ngig<\/strong> \u2013 bei Absage aufgrund schlechter Wetterbedingungen wird Ihnen ein alternatives Datum oder eine vollst\u00e4ndige R\u00fcckerstattung angeboten<\/p>\n<\/li>\n<li data-start=\"2369\" data-end=\"2475\">\n<p data-start=\"2371\" data-end=\"2475\">Mindestanzahl an Teilnehmern erforderlich \u2013 wird diese nicht erreicht, erhalten Sie entweder ein alternatives Datum oder eine vollst\u00e4ndige R\u00fcckerstattung.<\/p>\n<\/li>\n<\/ul>","protected":false},"excerpt":{"rendered":"<p>Mit maximal 13 Personen f\u00fchrt Sie diese Kleingruppenreise von Marrakesch (oder nahegelegenen St\u00e4dten) in die charmante K\u00fcstenstadt Essaouira, ein UNESCO-Weltkulturerbe, bekannt f\u00fcr ihre entspannte Atmosph\u00e4re, die historischen Stadtmauern am Meer und die blau-wei\u00dfe Medina. <\/p>","protected":false},"featured_media":12233,"comment_status":"open","ping_status":"closed","template":"","meta":[],"product_brand":[],"product_cat":[],"product_tag":[],"class_list":{"0":"post-12227","1":"product","2":"type-product","3":"status-publish","4":"has-post-thumbnail","6":"tour_phys-river-cruise","7":"pa_destination-essaouira","8":"pa_month-september","9":"pa_month-october","11":"first","12":"instock","13":"shipping-taxable","14":"purchasable","15":"product-type-tour_phys"},"_links":{"self":[{"href":"https:\/\/moroccodreamvoyage.com\/deutsh\/wp-json\/wp\/v2\/product\/12227","targetHints":{"allow":["GET"]}}],"collection":[{"href":"https:\/\/moroccodreamvoyage.com\/deutsh\/wp-json\/wp\/v2\/product"}],"about":[{"href":"https:\/\/moroccodreamvoyage.com\/deutsh\/wp-json\/wp\/v2\/types\/product"}],"replies":[{"embeddable":true,"href":"https:\/\/moroccodreamvoyage.com\/deutsh\/wp-json\/wp\/v2\/comments?post=12227"}],"wp:featuredmedia":[{"embeddable":true,"href":"https:\/\/moroccodreamvoyage.com\/deutsh\/wp-json\/wp\/v2\/media\/12233"}],"wp:attachment":[{"href":"https:\/\/moroccodreamvoyage.com\/deutsh\/wp-json\/wp\/v2\/media?parent=12227"}],"wp:term":[{"taxonomy":"product_brand","embeddable":true,"href":"https:\/\/moroccodreamvoyage.com\/deutsh\/wp-json\/wp\/v2\/product_brand?post=12227"},{"taxonomy":"product_cat","embeddable":true,"href":"https:\/\/moroccodreamvoyage.com\/deutsh\/wp-json\/wp\/v2\/product_cat?post=12227"},{"taxonomy":"product_tag","embeddable":true,"href":"https:\/\/moroccodreamvoyage.com\/deutsh\/wp-json\/wp\/v2\/product_tag?post=12227"}],"curies":[{"name":"wp","href":"https:\/\/api.w.org\/{rel}","templated":true}]}}