{"id":12220,"date":"2025-10-29T19:40:36","date_gmt":"2025-10-29T19:40:36","guid":{"rendered":"https:\/\/moroccodreamvoyage.com\/?post_type=product&#038;p=12220"},"modified":"2025-10-29T19:49:58","modified_gmt":"2025-10-29T19:49:58","slug":"chefchaouen-blue-city-rif-mountains-small-group-tour","status":"publish","type":"product","link":"https:\/\/moroccodreamvoyage.com\/tours\/chefchaouen-blue-city-rif-mountains-small-group-tour","title":{"rendered":"Kleingruppentour Chefchaouen \u2013 Blaue Stadt &amp; Rif-Gebirge"},"content":{"rendered":"<p data-start=\"339\" data-end=\"778\">With a maximum of 13 travelers, this small-group journey takes you to <strong data-start=\"409\" data-end=\"424\">Chefchaouen<\/strong>, Morocco\u2019s iconic \u201cBlue Pearl\u201d nestled in the <strong data-start=\"471\" data-end=\"488\">Rif Mountains<\/strong>. Travel in comfort from your hotel by air-conditioned minivan, and discover the charm of blue-washed alleys, traditional markets, and mountain vistas. Visit the medina, enjoy authentic Moroccan meals, and immerse yourself in the peaceful rhythm of one of Morocco\u2019s most photogenic towns.<\/p>\n<p data-start=\"780\" data-end=\"917\">Experience the magic of Chefchaouen\u2019s blue streets, mountain air, and warm hospitality on a guided adventure away from the city crowds.<\/p>\n<hr data-start=\"919\" data-end=\"922\" \/>\n<h3 data-start=\"924\" data-end=\"942\"><strong data-start=\"928\" data-end=\"942\">H\u00f6hepunkte<\/strong><\/h3>\n<ul data-start=\"944\" data-end=\"1370\">\n<li data-start=\"944\" data-end=\"1007\">\n<p data-start=\"946\" data-end=\"1007\">Explore the blue-washed streets of Chefchaouen\u2019s old medina<\/p>\n<\/li>\n<li data-start=\"1008\" data-end=\"1073\">\n<p data-start=\"1010\" data-end=\"1073\">Visit the Kasbah, central square, and local artisan workshops<\/p>\n<\/li>\n<li data-start=\"1074\" data-end=\"1120\">\n<p data-start=\"1076\" data-end=\"1120\">Enjoy panoramic views of the Rif Mountains<\/p>\n<\/li>\n<li data-start=\"1121\" data-end=\"1180\">\n<p data-start=\"1123\" data-end=\"1180\">Taste traditional Moroccan dishes in a local restaurant<\/p>\n<\/li>\n<li data-start=\"1181\" data-end=\"1254\">\n<p data-start=\"1183\" data-end=\"1254\">Visit waterfalls, olive groves, and local villages around Chefchaouen<\/p>\n<\/li>\n<li data-start=\"1255\" data-end=\"1322\">\n<p data-start=\"1257\" data-end=\"1322\">Komfortable Fahrt im klimatisierten Minivan in kleiner Gruppe<\/p>\n<\/li>\n<li data-start=\"1323\" data-end=\"1370\">\n<p data-start=\"1325\" data-end=\"1370\">Mineralwasser, Minztee und Mittagessen inklusive<\/p>\n<\/li>\n<\/ul>\n<hr data-start=\"1372\" data-end=\"1375\" \/>\n<h3 data-start=\"1377\" data-end=\"1400\"><strong data-start=\"1381\" data-end=\"1400\">Inklusive<\/strong><\/h3>\n<ul data-start=\"1402\" data-end=\"1660\">\n<li data-start=\"1402\" data-end=\"1440\">\n<p data-start=\"1404\" data-end=\"1440\">Hotel or riad pick-up and drop-off<\/p>\n<\/li>\n<li data-start=\"1441\" data-end=\"1480\">\n<p data-start=\"1443\" data-end=\"1480\">Lokaler Fahrer und professioneller Guide<\/p>\n<\/li>\n<li data-start=\"1481\" data-end=\"1515\">\n<p data-start=\"1483\" data-end=\"1515\">Klimatisierter Transport<\/p>\n<\/li>\n<li data-start=\"1516\" data-end=\"1563\">\n<p data-start=\"1518\" data-end=\"1563\">Guided walking tour of Chefchaouen\u2019s medina<\/p>\n<\/li>\n<li data-start=\"1564\" data-end=\"1608\">\n<p data-start=\"1566\" data-end=\"1608\">Traditionelles marokkanisches Mittagessen mit Minztee<\/p>\n<\/li>\n<li data-start=\"1609\" data-end=\"1637\">\n<p data-start=\"1611\" data-end=\"1637\">Mineralwasser und Snacks<\/p>\n<\/li>\n<li data-start=\"1638\" data-end=\"1660\">\n<p data-start=\"1640\" data-end=\"1660\">Alle Geb\u00fchren und Steuern<\/p>\n<\/li>\n<\/ul>\n<hr data-start=\"1662\" data-end=\"1665\" \/>\n<h3 data-start=\"1667\" data-end=\"1697\"><strong data-start=\"1671\" data-end=\"1697\">Zus\u00e4tzliche Informationen<\/strong><\/h3>\n<ul data-start=\"1699\" data-end=\"2090\">\n<li data-start=\"1699\" data-end=\"1751\">\n<p data-start=\"1701\" data-end=\"1751\">Die Best\u00e4tigung erhalten Sie zum Zeitpunkt der Buchung<\/p>\n<\/li>\n<li data-start=\"1752\" data-end=\"1807\">\n<p data-start=\"1754\" data-end=\"1807\">Wear comfortable walking shoes \u2014 some uphill alleys<\/p>\n<\/li>\n<li data-start=\"1808\" data-end=\"1845\">\n<p data-start=\"1810\" data-end=\"1845\">Bring hat, sunglasses, and camera<\/p>\n<\/li>\n<li data-start=\"1846\" data-end=\"1913\">\n<p data-start=\"1848\" data-end=\"1913\">Tourbeginn gegen <strong data-start=\"1867\" data-end=\"1878\">8:00 Uhr<\/strong>Tourbeginn gegen <strong data-start=\"1895\" data-end=\"1911\">7:30 und 8:00 Uhr<\/strong><\/p>\n<\/li>\n<li data-start=\"1914\" data-end=\"1955\">\n<p data-start=\"1916\" data-end=\"1955\">Ein moderates Ma\u00df an Gehstrecken ist erforderlich.<\/p>\n<\/li>\n<li data-start=\"1956\" data-end=\"2029\">\n<p data-start=\"1958\" data-end=\"2029\">Mehrsprachiger Guide auf Anfrage verf\u00fcgbar (Englisch, Franz\u00f6sisch, Spanisch)<\/p>\n<\/li>\n<li data-start=\"2030\" data-end=\"2090\">\n<p data-start=\"2032\" data-end=\"2090\">Vegetarische und vegane Mahlzeiten auf Anfrage verf\u00fcgbar<\/p>\n<\/li>\n<\/ul>\n<hr data-start=\"2092\" data-end=\"2095\" \/>\n<h3 data-start=\"2097\" data-end=\"2124\"><strong data-start=\"2101\" data-end=\"2124\">Stornierungsbedingungen<\/strong><\/h3>\n<ul data-start=\"2126\" data-end=\"2617\">\n<li data-start=\"2126\" data-end=\"2212\">\n<p data-start=\"2128\" data-end=\"2212\">F\u00fcr eine vollst\u00e4ndige R\u00fcckerstattung stornieren Sie bitte mindestens <strong data-start=\"2163\" data-end=\"2182\">24 Stunden vor<\/strong> Beginn der Aktivit\u00e4t<\/p>\n<\/li>\n<li data-start=\"2213\" data-end=\"2291\">\n<p data-start=\"2215\" data-end=\"2291\">Bei einer Stornierung weniger als 24 Stunden vor der Tour erfolgt keine R\u00fcckerstattung<\/p>\n<\/li>\n<li data-start=\"2292\" data-end=\"2374\">\n<p data-start=\"2294\" data-end=\"2374\">\u00c4nderungen weniger als 24 Stunden vor Beginn werden nicht akzeptiert<\/p>\n<\/li>\n<li data-start=\"2375\" data-end=\"2510\">\n<p data-start=\"2377\" data-end=\"2510\">Diese Aktivit\u00e4t ist <strong data-start=\"2402\" data-end=\"2418\">wetterabh\u00e4ngig<\/strong> \u2013 bei Absage aufgrund schlechter Wetterbedingungen wird Ihnen ein alternatives Datum oder eine vollst\u00e4ndige R\u00fcckerstattung angeboten<\/p>\n<\/li>\n<li data-start=\"2511\" data-end=\"2617\">\n<p data-start=\"2513\" data-end=\"2617\">Mindestanzahl an Teilnehmern erforderlich \u2013 wird diese nicht erreicht, erhalten Sie entweder ein alternatives Datum oder eine vollst\u00e4ndige R\u00fcckerstattung.<\/p>\n<\/li>\n<\/ul>","protected":false},"excerpt":{"rendered":"<p>With a maximum of 13 travelers, this small-group journey takes you to Chefchaouen, Morocco\u2019s iconic \u201cBlue Pearl\u201d nestled in the Rif Mountains. Travel in comfort from your hotel by air-conditioned <\/p>","protected":false},"featured_media":12226,"comment_status":"open","ping_status":"closed","template":"","meta":[],"product_brand":[],"product_cat":[],"product_tag":[],"class_list":{"0":"post-12220","1":"product","2":"type-product","3":"status-publish","4":"has-post-thumbnail","6":"tour_phys-river-cruise","7":"pa_destination-chefchaouen","8":"pa_month-july","9":"pa_month-august","11":"first","12":"instock","13":"shipping-taxable","14":"purchasable","15":"product-type-tour_phys"},"_links":{"self":[{"href":"https:\/\/moroccodreamvoyage.com\/deutsh\/wp-json\/wp\/v2\/product\/12220","targetHints":{"allow":["GET"]}}],"collection":[{"href":"https:\/\/moroccodreamvoyage.com\/deutsh\/wp-json\/wp\/v2\/product"}],"about":[{"href":"https:\/\/moroccodreamvoyage.com\/deutsh\/wp-json\/wp\/v2\/types\/product"}],"replies":[{"embeddable":true,"href":"https:\/\/moroccodreamvoyage.com\/deutsh\/wp-json\/wp\/v2\/comments?post=12220"}],"wp:featuredmedia":[{"embeddable":true,"href":"https:\/\/moroccodreamvoyage.com\/deutsh\/wp-json\/wp\/v2\/media\/12226"}],"wp:attachment":[{"href":"https:\/\/moroccodreamvoyage.com\/deutsh\/wp-json\/wp\/v2\/media?parent=12220"}],"wp:term":[{"taxonomy":"product_brand","embeddable":true,"href":"https:\/\/moroccodreamvoyage.com\/deutsh\/wp-json\/wp\/v2\/product_brand?post=12220"},{"taxonomy":"product_cat","embeddable":true,"href":"https:\/\/moroccodreamvoyage.com\/deutsh\/wp-json\/wp\/v2\/product_cat?post=12220"},{"taxonomy":"product_tag","embeddable":true,"href":"https:\/\/moroccodreamvoyage.com\/deutsh\/wp-json\/wp\/v2\/product_tag?post=12220"}],"curies":[{"name":"wp","href":"https:\/\/api.w.org\/{rel}","templated":true}]}}