{"id":12210,"date":"2025-10-28T20:18:16","date_gmt":"2025-10-28T20:18:16","guid":{"rendered":"https:\/\/moroccodreamvoyage.com\/?post_type=product&#038;p=12210"},"modified":"2025-11-16T09:34:57","modified_gmt":"2025-11-16T09:34:57","slug":"dakhla-desert-lagoon-adventure-small-group-tour","status":"publish","type":"product","link":"https:\/\/moroccodreamvoyage.com\/tours\/dakhla-desert-lagoon-adventure-small-group-tour","title":{"rendered":"Dakhla: Tagesausflug Stadt &amp; Lagune"},"content":{"rendered":"<p data-start=\"266\" data-end=\"637\">With a maximum of 13 people, this small-group adventure takes you through the stunning landscapes of Dakhla \u2014 where the desert meets the ocean. Travel round-trip by air-conditioned vehicle from your hotel and explore golden dunes, turquoise lagoons, and authentic Saharan culture. Enjoy a camel ride at sunset, sandboarding, and a traditional Sahrawi meal by the water.<\/p>\n<p data-start=\"639\" data-end=\"821\">Experience the wild beauty and calm of southern Morocco on a multi-day guided tour.<br data-start=\"722\" data-end=\"725\" \/>Discover Dakhla\u2019s magical blend of desert, ocean, and adventure \u2014 a true paradise for explorers.<\/p>\n<hr data-start=\"823\" data-end=\"826\" \/>\n<h3 data-start=\"828\" data-end=\"846\"><strong data-start=\"832\" data-end=\"846\">H\u00f6hepunkte<\/strong><\/h3>\n<ul data-start=\"848\" data-end=\"1254\">\n<li data-start=\"848\" data-end=\"907\">\n<p data-start=\"850\" data-end=\"907\">Explore Dakhla Lagoon and White Dune with a local guide<\/p>\n<\/li>\n<li data-start=\"908\" data-end=\"960\">\n<p data-start=\"910\" data-end=\"960\">Visit Oyster Farms and enjoy fresh seafood lunch<\/p>\n<\/li>\n<li data-start=\"961\" data-end=\"1013\">\n<p data-start=\"963\" data-end=\"1013\">Ride camels and try sandboarding on desert dunes<\/p>\n<\/li>\n<li data-start=\"1014\" data-end=\"1083\">\n<p data-start=\"1016\" data-end=\"1083\">Visit the Dragon Island and see flamingos and dolphins (seasonal)<\/p>\n<\/li>\n<li data-start=\"1084\" data-end=\"1134\">\n<p data-start=\"1086\" data-end=\"1134\">Enjoy a Sahrawi tea ceremony with local nomads<\/p>\n<\/li>\n<li data-start=\"1135\" data-end=\"1206\">\n<p data-start=\"1137\" data-end=\"1206\">Travel in comfort by air-conditioned 4&#215;4 vehicle with a small group<\/p>\n<\/li>\n<li data-start=\"1207\" data-end=\"1254\">\n<p data-start=\"1209\" data-end=\"1254\">Bottled water, mint tea, and meals included<\/p>\n<\/li>\n<\/ul>\n<hr data-start=\"1256\" data-end=\"1259\" \/>\n<h3 data-start=\"1261\" data-end=\"1284\"><strong data-start=\"1265\" data-end=\"1284\">Inklusive<\/strong><\/h3>\n<ul data-start=\"1286\" data-end=\"1590\">\n<li data-start=\"1286\" data-end=\"1337\">\n<p data-start=\"1288\" data-end=\"1337\">Hotel or airport pick-up and drop-off in Dakhla<\/p>\n<\/li>\n<li data-start=\"1338\" data-end=\"1384\">\n<p data-start=\"1340\" data-end=\"1384\">Local driver and professional desert guide<\/p>\n<\/li>\n<li data-start=\"1385\" data-end=\"1434\">\n<p data-start=\"1387\" data-end=\"1434\">Air-conditioned 4&#215;4 or minivan transportation<\/p>\n<\/li>\n<li data-start=\"1435\" data-end=\"1475\">\n<p data-start=\"1437\" data-end=\"1475\">Traditional Sahrawi lunch and dinner<\/p>\n<\/li>\n<li data-start=\"1476\" data-end=\"1515\">\n<p data-start=\"1478\" data-end=\"1515\">Bottled water, mint tea, and snacks<\/p>\n<\/li>\n<li data-start=\"1516\" data-end=\"1567\">\n<p data-start=\"1518\" data-end=\"1567\">Camel ride, sandboarding, and guided excursions<\/p>\n<\/li>\n<li data-start=\"1568\" data-end=\"1590\">\n<p data-start=\"1570\" data-end=\"1590\">Alle Geb\u00fchren und Steuern<\/p>\n<\/li>\n<\/ul>\n<hr data-start=\"1592\" data-end=\"1595\" \/>\n<h3 data-start=\"1597\" data-end=\"1627\"><strong data-start=\"1601\" data-end=\"1627\">Zus\u00e4tzliche Informationen<\/strong><\/h3>\n<ul data-start=\"1629\" data-end=\"2080\">\n<li data-start=\"1629\" data-end=\"1681\">\n<p data-start=\"1631\" data-end=\"1681\">Die Best\u00e4tigung erhalten Sie zum Zeitpunkt der Buchung<\/p>\n<\/li>\n<li data-start=\"1682\" data-end=\"1746\">\n<p data-start=\"1684\" data-end=\"1746\">Wear comfortable clothing, hat, sunglasses, and sturdy shoes<\/p>\n<\/li>\n<li data-start=\"1747\" data-end=\"1809\">\n<p data-start=\"1749\" data-end=\"1809\">Bring sunscreen, swimwear, and a light jacket for evenings<\/p>\n<\/li>\n<li data-start=\"1810\" data-end=\"1887\">\n<p data-start=\"1812\" data-end=\"1887\">Die Tour beginnt gegen <strong data-start=\"1835\" data-end=\"1846\">8:30 Uhr<\/strong>; Hotelabholung zwischen <strong data-start=\"1869\" data-end=\"1885\">8:00 und 8:30 Uhr<\/strong><\/p>\n<\/li>\n<li data-start=\"1888\" data-end=\"1945\">\n<p data-start=\"1890\" data-end=\"1945\">Moderate activity level \u2014 suitable for most travelers<\/p>\n<\/li>\n<li data-start=\"1946\" data-end=\"2019\">\n<p data-start=\"1948\" data-end=\"2019\">Mehrsprachiger Guide auf Anfrage verf\u00fcgbar (Englisch, Franz\u00f6sisch, Spanisch)<\/p>\n<\/li>\n<li data-start=\"2020\" data-end=\"2080\">\n<p data-start=\"2022\" data-end=\"2080\">Vegetarische und vegane Mahlzeiten auf Anfrage verf\u00fcgbar<\/p>\n<\/li>\n<\/ul>\n<hr data-start=\"2082\" data-end=\"2085\" \/>\n<h3 data-start=\"2087\" data-end=\"2114\"><strong data-start=\"2091\" data-end=\"2114\">Stornierungsbedingungen<\/strong><\/h3>\n<ul data-start=\"2116\" data-end=\"2643\">\n<li data-start=\"2116\" data-end=\"2202\">\n<p data-start=\"2118\" data-end=\"2202\">F\u00fcr eine vollst\u00e4ndige R\u00fcckerstattung stornieren Sie bitte mindestens <strong data-start=\"2153\" data-end=\"2172\">24 Stunden vor<\/strong> Beginn der Aktivit\u00e4t<\/p>\n<\/li>\n<li data-start=\"2203\" data-end=\"2281\">\n<p data-start=\"2205\" data-end=\"2281\">Bei einer Stornierung weniger als 24 Stunden vor der Tour erfolgt keine R\u00fcckerstattung<\/p>\n<\/li>\n<li data-start=\"2282\" data-end=\"2364\">\n<p data-start=\"2284\" data-end=\"2364\">\u00c4nderungen weniger als 24 Stunden vor Beginn werden nicht akzeptiert<\/p>\n<\/li>\n<li data-start=\"2365\" data-end=\"2500\">\n<p data-start=\"2367\" data-end=\"2500\">Diese Aktivit\u00e4t ist <strong data-start=\"2392\" data-end=\"2408\">wetterabh\u00e4ngig<\/strong> \u2013 bei Absage aufgrund schlechter Wetterbedingungen wird Ihnen ein alternatives Datum oder eine vollst\u00e4ndige R\u00fcckerstattung angeboten<\/p>\n<\/li>\n<li data-start=\"2501\" data-end=\"2643\">\n<p data-start=\"2503\" data-end=\"2643\">Diese Aktivit\u00e4t erfordert <strong data-start=\"2530\" data-end=\"2561\">eine Mindestteilnehmerzahl<\/strong> \u2013 wird diese nicht erreicht, erhalten Sie ein alternatives Datum oder eine vollst\u00e4ndige R\u00fcckerstattung<\/p>\n<\/li>\n<\/ul>","protected":false},"excerpt":{"rendered":"<p>With a maximum of 13 people, this small-group adventure takes you through the stunning landscapes of Dakhla \u2014 where the desert meets the ocean. Travel round-trip by air-conditioned vehicle from <\/p>","protected":false},"featured_media":12211,"comment_status":"open","ping_status":"closed","template":"","meta":[],"product_brand":[],"product_cat":[],"product_tag":[],"class_list":{"0":"post-12210","1":"product","2":"type-product","3":"status-publish","4":"has-post-thumbnail","6":"tour_phys-river-cruise","7":"pa_destination-dakhla","8":"pa_month-january","9":"pa_month-february","11":"first","12":"instock","13":"featured","14":"shipping-taxable","15":"purchasable","16":"product-type-tour_phys"},"_links":{"self":[{"href":"https:\/\/moroccodreamvoyage.com\/deutsh\/wp-json\/wp\/v2\/product\/12210","targetHints":{"allow":["GET"]}}],"collection":[{"href":"https:\/\/moroccodreamvoyage.com\/deutsh\/wp-json\/wp\/v2\/product"}],"about":[{"href":"https:\/\/moroccodreamvoyage.com\/deutsh\/wp-json\/wp\/v2\/types\/product"}],"replies":[{"embeddable":true,"href":"https:\/\/moroccodreamvoyage.com\/deutsh\/wp-json\/wp\/v2\/comments?post=12210"}],"wp:featuredmedia":[{"embeddable":true,"href":"https:\/\/moroccodreamvoyage.com\/deutsh\/wp-json\/wp\/v2\/media\/12211"}],"wp:attachment":[{"href":"https:\/\/moroccodreamvoyage.com\/deutsh\/wp-json\/wp\/v2\/media?parent=12210"}],"wp:term":[{"taxonomy":"product_brand","embeddable":true,"href":"https:\/\/moroccodreamvoyage.com\/deutsh\/wp-json\/wp\/v2\/product_brand?post=12210"},{"taxonomy":"product_cat","embeddable":true,"href":"https:\/\/moroccodreamvoyage.com\/deutsh\/wp-json\/wp\/v2\/product_cat?post=12210"},{"taxonomy":"product_tag","embeddable":true,"href":"https:\/\/moroccodreamvoyage.com\/deutsh\/wp-json\/wp\/v2\/product_tag?post=12210"}],"curies":[{"name":"wp","href":"https:\/\/api.w.org\/{rel}","templated":true}]}}