{"id":12201,"date":"2025-10-27T21:06:55","date_gmt":"2025-10-27T21:06:55","guid":{"rendered":"https:\/\/moroccodreamvoyage.com\/?post_type=product&#038;p=12201"},"modified":"2025-10-27T21:24:46","modified_gmt":"2025-10-27T21:24:46","slug":"tetouan-full-day-guided-tour-the-white-dove-of-the-north-copy","status":"publish","type":"product","link":"https:\/\/moroccodreamvoyage.com\/tours\/tetouan-full-day-guided-tour-the-white-dove-of-the-north-copy","title":{"rendered":"F\u00e8s Medina &amp; Mittleres-Atlas-Gebirge Kleingruppen-Tagestour"},"content":{"rendered":"<p data-start=\"272\" data-end=\"670\">Mit maximal 13 Teilnehmern erleben Sie eine komfortable Kleingruppentour durch die historischen Stra\u00dfen von F\u00e8s und die beeindruckenden Landschaften des Mittleren Atlasgebirges. Erkunden Sie die alte Medina, traditionelle Berberd\u00f6rfer, Zedernw\u00e4lder und nahegelegene K\u00f6nigsst\u00e4dte. Genie\u00dfen Sie ein traditionelles marokkanisches Mittagessen und authentische kulturelle Begegnungen.<\/p>\n<p data-start=\"672\" data-end=\"856\">Erleben Sie Geschichte, Kultur und Natur Nordmarokkos auf einer gef\u00fchrten Tour.<br data-start=\"770\" data-end=\"773\" \/>Entdecken Sie das spirituelle und kulturelle Herz Marokkos \u2013 fernab vom hektischen Stadtleben.<\/p>\n<hr data-start=\"858\" data-end=\"861\" \/>\n<h3 data-start=\"863\" data-end=\"881\"><strong data-start=\"867\" data-end=\"881\">H\u00f6hepunkte<\/strong><\/h3>\n<ul data-start=\"883\" data-end=\"1233\">\n<li data-start=\"883\" data-end=\"942\">\n<p data-start=\"885\" data-end=\"942\">Erkundung der UNESCO-gesch\u00fctzten Medina von F\u00e8s mit lokalem Guide<\/p>\n<\/li>\n<li data-start=\"943\" data-end=\"1009\">\n<p data-start=\"945\" data-end=\"1009\">Besuch der Bou-Inania-Medersa, der Gerbereien und Handwerksviertel<\/p>\n<\/li>\n<li data-start=\"1010\" data-end=\"1068\">\n<p data-start=\"1012\" data-end=\"1068\">Entdeckung von Berberd\u00f6rfern im Mittleren Atlasgebirge<\/p>\n<\/li>\n<li data-start=\"1069\" data-end=\"1117\">\n<p data-start=\"1071\" data-end=\"1117\">Beobachtung wilder Berberaffen in den Zedernw\u00e4ldern von Azrou<\/p>\n<\/li>\n<li data-start=\"1118\" data-end=\"1185\">\n<p data-start=\"1120\" data-end=\"1185\">Komfortable Fahrt im klimatisierten Minivan in kleiner Gruppe<\/p>\n<\/li>\n<li data-start=\"1186\" data-end=\"1233\">\n<p data-start=\"1188\" data-end=\"1233\">Mineralwasser, Minztee und Mittagessen inklusive<\/p>\n<\/li>\n<\/ul>\n<hr data-start=\"1235\" data-end=\"1238\" \/>\n<h3 data-start=\"1240\" data-end=\"1263\"><strong data-start=\"1244\" data-end=\"1263\">Inklusive<\/strong><\/h3>\n<ul data-start=\"1265\" data-end=\"1537\">\n<li data-start=\"1265\" data-end=\"1302\">\n<p data-start=\"1267\" data-end=\"1302\">Abholung und R\u00fccktransfer vom Hotel in F\u00e8s<\/p>\n<\/li>\n<li data-start=\"1303\" data-end=\"1342\">\n<p data-start=\"1305\" data-end=\"1342\">Lokaler Fahrer und professioneller Guide<\/p>\n<\/li>\n<li data-start=\"1343\" data-end=\"1377\">\n<p data-start=\"1345\" data-end=\"1377\">Klimatisierter Transport<\/p>\n<\/li>\n<li data-start=\"1378\" data-end=\"1422\">\n<p data-start=\"1380\" data-end=\"1422\">Traditionelles marokkanisches Mittagessen mit Minztee<\/p>\n<\/li>\n<li data-start=\"1423\" data-end=\"1451\">\n<p data-start=\"1425\" data-end=\"1451\">Mineralwasser und Snacks<\/p>\n<\/li>\n<li data-start=\"1452\" data-end=\"1514\">\n<p data-start=\"1454\" data-end=\"1514\">Gef\u00fchrter Rundgang durch die Medina von F\u00e8s und umliegende D\u00f6rfer<\/p>\n<\/li>\n<li data-start=\"1515\" data-end=\"1537\">\n<p data-start=\"1517\" data-end=\"1537\">Alle Geb\u00fchren und Steuern<\/p>\n<\/li>\n<\/ul>\n<hr data-start=\"1539\" data-end=\"1542\" \/>\n<h3 data-start=\"1544\" data-end=\"1574\"><strong data-start=\"1548\" data-end=\"1574\">Zus\u00e4tzliche Informationen<\/strong><\/h3>\n<ul data-start=\"1576\" data-end=\"2057\">\n<li data-start=\"1576\" data-end=\"1628\">\n<p data-start=\"1578\" data-end=\"1628\">Die Best\u00e4tigung erhalten Sie zum Zeitpunkt der Buchung<\/p>\n<\/li>\n<li data-start=\"1629\" data-end=\"1713\">\n<p data-start=\"1631\" data-end=\"1713\">Bequeme Schuhe und angemessene Kleidung f\u00fcr religi\u00f6se St\u00e4tten empfohlen<\/p>\n<\/li>\n<li data-start=\"1714\" data-end=\"1796\">\n<p data-start=\"1716\" data-end=\"1796\">Nicht empfohlen f\u00fcr Reisende mit R\u00fcckenproblemen oder schweren gesundheitlichen Einschr\u00e4nkungen<\/p>\n<\/li>\n<li data-start=\"1797\" data-end=\"1877\">\n<p data-start=\"1799\" data-end=\"1877\">Die Tour beginnt gegen <strong data-start=\"1822\" data-end=\"1833\">8:00 Uhr<\/strong>\u2013 Abholung zwischen <strong data-start=\"1859\" data-end=\"1875\">7:30 und 8:00 Uhr<\/strong><\/p>\n<\/li>\n<li data-start=\"1878\" data-end=\"1922\">\n<p data-start=\"1880\" data-end=\"1922\">Es ist eine moderate Menge an Gehstrecken erforderlich<\/p>\n<\/li>\n<li data-start=\"1923\" data-end=\"1996\">\n<p data-start=\"1925\" data-end=\"1996\">Mehrsprachiger Guide auf Anfrage verf\u00fcgbar (Englisch, Franz\u00f6sisch, Spanisch)<\/p>\n<\/li>\n<li data-start=\"1997\" data-end=\"2057\">\n<p data-start=\"1999\" data-end=\"2057\">Vegetarische und vegane Mahlzeiten auf Anfrage verf\u00fcgbar<\/p>\n<\/li>\n<\/ul>\n<hr data-start=\"2059\" data-end=\"2062\" \/>\n<h3 data-start=\"2064\" data-end=\"2091\"><strong data-start=\"2068\" data-end=\"2091\">Stornierungsbedingungen<\/strong><\/h3>\n<ul data-start=\"2093\" data-end=\"2620\">\n<li data-start=\"2093\" data-end=\"2179\">\n<p data-start=\"2095\" data-end=\"2179\">F\u00fcr eine vollst\u00e4ndige R\u00fcckerstattung stornieren Sie bitte mindestens <strong data-start=\"2130\" data-end=\"2149\">24 Stunden vor<\/strong> Beginn der Aktivit\u00e4t<\/p>\n<\/li>\n<li data-start=\"2180\" data-end=\"2258\">\n<p data-start=\"2182\" data-end=\"2258\">Bei einer Stornierung weniger als 24 Stunden vor der Tour erfolgt keine R\u00fcckerstattung<\/p>\n<\/li>\n<li data-start=\"2259\" data-end=\"2341\">\n<p data-start=\"2261\" data-end=\"2341\">\u00c4nderungen weniger als 24 Stunden vor Beginn werden nicht akzeptiert<\/p>\n<\/li>\n<li data-start=\"2342\" data-end=\"2477\">\n<p data-start=\"2344\" data-end=\"2477\">Diese Aktivit\u00e4t ist <strong data-start=\"2369\" data-end=\"2385\">wetterabh\u00e4ngig<\/strong> \u2013 bei Absage aufgrund schlechter Wetterbedingungen wird Ihnen ein alternatives Datum oder eine vollst\u00e4ndige R\u00fcckerstattung angeboten<\/p>\n<\/li>\n<li data-start=\"2478\" data-end=\"2620\">\n<p data-start=\"2480\" data-end=\"2620\">Diese Aktivit\u00e4t erfordert <strong data-start=\"2507\" data-end=\"2538\">eine Mindestteilnehmerzahl<\/strong> \u2013 wird diese nicht erreicht, erhalten Sie ein alternatives Datum oder eine vollst\u00e4ndige R\u00fcckerstattung<\/p>\n<\/li>\n<\/ul>","protected":false},"excerpt":{"rendered":"<p>Mit maximal 13 Teilnehmern f\u00fchrt Sie dieses Kleingruppen-Abenteuer durch die historischen Gassen von F\u00e8s und die landschaftlich reizvollen Regionen des Mittleren Atlasgebirges. Hin- und R\u00fcckfahrt erfolgen bequem im klimatisierten Minivan ab Ihrem Hotel in F\u00e8s. <\/p>","protected":false},"featured_media":12204,"comment_status":"open","ping_status":"closed","template":"","meta":[],"product_brand":[],"product_cat":[],"product_tag":[],"class_list":{"0":"post-12201","1":"product","2":"type-product","3":"status-publish","4":"has-post-thumbnail","6":"tour_phys-river-cruise","7":"pa_destination-fez","8":"pa_month-november","9":"pa_month-december","11":"first","12":"instock","13":"shipping-taxable","14":"purchasable","15":"product-type-tour_phys"},"_links":{"self":[{"href":"https:\/\/moroccodreamvoyage.com\/deutsh\/wp-json\/wp\/v2\/product\/12201","targetHints":{"allow":["GET"]}}],"collection":[{"href":"https:\/\/moroccodreamvoyage.com\/deutsh\/wp-json\/wp\/v2\/product"}],"about":[{"href":"https:\/\/moroccodreamvoyage.com\/deutsh\/wp-json\/wp\/v2\/types\/product"}],"replies":[{"embeddable":true,"href":"https:\/\/moroccodreamvoyage.com\/deutsh\/wp-json\/wp\/v2\/comments?post=12201"}],"wp:featuredmedia":[{"embeddable":true,"href":"https:\/\/moroccodreamvoyage.com\/deutsh\/wp-json\/wp\/v2\/media\/12204"}],"wp:attachment":[{"href":"https:\/\/moroccodreamvoyage.com\/deutsh\/wp-json\/wp\/v2\/media?parent=12201"}],"wp:term":[{"taxonomy":"product_brand","embeddable":true,"href":"https:\/\/moroccodreamvoyage.com\/deutsh\/wp-json\/wp\/v2\/product_brand?post=12201"},{"taxonomy":"product_cat","embeddable":true,"href":"https:\/\/moroccodreamvoyage.com\/deutsh\/wp-json\/wp\/v2\/product_cat?post=12201"},{"taxonomy":"product_tag","embeddable":true,"href":"https:\/\/moroccodreamvoyage.com\/deutsh\/wp-json\/wp\/v2\/product_tag?post=12201"}],"curies":[{"name":"wp","href":"https:\/\/api.w.org\/{rel}","templated":true}]}}