{"id":12193,"date":"2025-10-27T20:51:47","date_gmt":"2025-10-27T20:51:47","guid":{"rendered":"https:\/\/moroccodreamvoyage.com\/?post_type=product&#038;p=12193"},"modified":"2025-10-27T21:25:25","modified_gmt":"2025-10-27T21:25:25","slug":"agadir-paradise-valley-atlas-foothills-small-group-day-tour","status":"publish","type":"product","link":"https:\/\/moroccodreamvoyage.com\/tours\/agadir-paradise-valley-atlas-foothills-small-group-day-tour","title":{"rendered":"Agadir: Kleingruppentour Paradise Valley &amp; Atlas-Ausl\u00e4ufer"},"content":{"rendered":"<p data-start=\"344\" data-end=\"750\">Mit maximal 13 Personen f\u00fchrt Sie dieses Kleingruppen-Abenteuer von den wundersch\u00f6nen Str\u00e4nden Agadirs zur gr\u00fcnen Oase des Paradies-Tals.Sie reisen hin und zur\u00fcck im klimatisierten Minivan ab Ihrem Hotel und erkunden Berberd\u00f6rfer, palmenges\u00e4umte Schluchten und nat\u00fcrliche Felsenbecken.Schwimmen Sie in erfrischendem Wasser, genie\u00dfen Sie ein traditionelles marokkanisches Mittagessen und erleben Sie das authentische Landleben im S\u00fcden Marokkos.<\/p>\n<p data-start=\"752\" data-end=\"923\">Erleben Sie die nat\u00fcrliche und kulturelle Sch\u00f6nheit der Umgebung von Agadir auf einer ganzt\u00e4gigen gef\u00fchrten Tour.<br data-start=\"846\" data-end=\"849\" \/>Entdecken Sie die verborgenen Sch\u00e4tze des Atlas-Vorlands, weit entfernt vom Trubel der Stadt.<\/p>\n<hr data-start=\"925\" data-end=\"928\" \/>\n<h3 data-start=\"930\" data-end=\"948\"><strong data-start=\"934\" data-end=\"948\">H\u00f6hepunkte<\/strong><\/h3>\n<ul data-start=\"950\" data-end=\"1290\">\n<li data-start=\"950\" data-end=\"1008\">\n<p data-start=\"952\" data-end=\"1008\">Erkunden Sie das Paradies-Tal und schwimmen Sie in nat\u00fcrlichen Felsenbecken<\/p>\n<\/li>\n<li data-start=\"1009\" data-end=\"1058\">\n<p data-start=\"1011\" data-end=\"1058\">Besuch von Berberd\u00f6rfern und Begegnung mit lokalen Familien<\/p>\n<\/li>\n<li data-start=\"1059\" data-end=\"1113\">\n<p data-start=\"1061\" data-end=\"1113\">Genie\u00dfen Sie ein traditionelles marokkanisches Mittagessen in einem lokalen Zuhause<\/p>\n<\/li>\n<li data-start=\"1114\" data-end=\"1174\">\n<p data-start=\"1116\" data-end=\"1174\">Entdecken Sie das Atlas-Vorland und atemberaubende Landschaften<\/p>\n<\/li>\n<li data-start=\"1175\" data-end=\"1242\">\n<p data-start=\"1177\" data-end=\"1242\">Komfortable Fahrt im klimatisierten Minivan in kleiner Gruppe<\/p>\n<\/li>\n<li data-start=\"1243\" data-end=\"1290\">\n<p data-start=\"1245\" data-end=\"1290\">Mineralwasser, Minztee und Mittagessen inklusive<\/p>\n<\/li>\n<\/ul>\n<hr data-start=\"1292\" data-end=\"1295\" \/>\n<h3 data-start=\"1297\" data-end=\"1320\"><strong data-start=\"1301\" data-end=\"1320\">Inklusive<\/strong><\/h3>\n<ul data-start=\"1322\" data-end=\"1580\">\n<li data-start=\"1322\" data-end=\"1362\">\n<p data-start=\"1324\" data-end=\"1362\">Abholung und R\u00fccktransfer vom Hotel in Agadir<\/p>\n<\/li>\n<li data-start=\"1363\" data-end=\"1402\">\n<p data-start=\"1365\" data-end=\"1402\">Lokaler Fahrer und professioneller Guide<\/p>\n<\/li>\n<li data-start=\"1403\" data-end=\"1437\">\n<p data-start=\"1405\" data-end=\"1437\">Klimatisierter Transport<\/p>\n<\/li>\n<li data-start=\"1438\" data-end=\"1482\">\n<p data-start=\"1440\" data-end=\"1482\">Traditionelles marokkanisches Mittagessen mit Minztee<\/p>\n<\/li>\n<li data-start=\"1483\" data-end=\"1511\">\n<p data-start=\"1485\" data-end=\"1511\">Mineralwasser und Snacks<\/p>\n<\/li>\n<li data-start=\"1512\" data-end=\"1557\">\n<p data-start=\"1514\" data-end=\"1557\">Freizeit zum Schwimmen im Paradies-Tal<\/p>\n<\/li>\n<li data-start=\"1558\" data-end=\"1580\">\n<p data-start=\"1560\" data-end=\"1580\">Alle Geb\u00fchren und Steuern<\/p>\n<\/li>\n<\/ul>\n<hr data-start=\"1582\" data-end=\"1585\" \/>\n<h3 data-start=\"1587\" data-end=\"1617\"><strong data-start=\"1591\" data-end=\"1617\">Zus\u00e4tzliche Informationen<\/strong><\/h3>\n<ul data-start=\"1619\" data-end=\"2080\">\n<li data-start=\"1619\" data-end=\"1671\">\n<p data-start=\"1621\" data-end=\"1671\">Die Best\u00e4tigung erhalten Sie zum Zeitpunkt der Buchung<\/p>\n<\/li>\n<li data-start=\"1672\" data-end=\"1747\">\n<p data-start=\"1674\" data-end=\"1747\">Tragen Sie bequeme Kleidung, Badebekleidung, einen Hut, eine Sonnenbrille und bequeme Wanderschuhe<\/p>\n<\/li>\n<li data-start=\"1748\" data-end=\"1819\">\n<p data-start=\"1750\" data-end=\"1819\">Nicht empfohlen f\u00fcr Reisende mit R\u00fcckenproblemen oder eingeschr\u00e4nkter Mobilit\u00e4t<\/p>\n<\/li>\n<li data-start=\"1820\" data-end=\"1900\">\n<p data-start=\"1822\" data-end=\"1900\">Die Tour beginnt gegen <strong data-start=\"1845\" data-end=\"1856\">8:30 Uhr<\/strong>\u2013 Abholung zwischen <strong data-start=\"1882\" data-end=\"1898\">8:00 und 8:30 Uhr<\/strong><\/p>\n<\/li>\n<li data-start=\"1901\" data-end=\"1945\">\n<p data-start=\"1903\" data-end=\"1945\">Es ist eine moderate Menge an Gehstrecken erforderlich<\/p>\n<\/li>\n<li data-start=\"1946\" data-end=\"2019\">\n<p data-start=\"1948\" data-end=\"2019\">Mehrsprachiger Guide auf Anfrage verf\u00fcgbar (Englisch, Franz\u00f6sisch, Spanisch)<\/p>\n<\/li>\n<li data-start=\"2020\" data-end=\"2080\">\n<p data-start=\"2022\" data-end=\"2080\">Vegetarische und vegane Mahlzeiten auf Anfrage verf\u00fcgbar<\/p>\n<\/li>\n<\/ul>\n<hr data-start=\"2082\" data-end=\"2085\" \/>\n<h3 data-start=\"2087\" data-end=\"2114\"><strong data-start=\"2091\" data-end=\"2114\">Stornierungsbedingungen<\/strong><\/h3>\n<ul data-start=\"2116\" data-end=\"2643\">\n<li data-start=\"2116\" data-end=\"2202\">\n<p data-start=\"2118\" data-end=\"2202\">F\u00fcr eine vollst\u00e4ndige R\u00fcckerstattung stornieren Sie bitte mindestens <strong data-start=\"2153\" data-end=\"2172\">24 Stunden vor<\/strong> Beginn der Aktivit\u00e4t<\/p>\n<\/li>\n<li data-start=\"2203\" data-end=\"2281\">\n<p data-start=\"2205\" data-end=\"2281\">Bei einer Stornierung weniger als 24 Stunden vor der Tour erfolgt keine R\u00fcckerstattung<\/p>\n<\/li>\n<li data-start=\"2282\" data-end=\"2364\">\n<p data-start=\"2284\" data-end=\"2364\">\u00c4nderungen weniger als 24 Stunden vor Beginn werden nicht akzeptiert<\/p>\n<\/li>\n<li data-start=\"2365\" data-end=\"2500\">\n<p data-start=\"2367\" data-end=\"2500\">Diese Aktivit\u00e4t ist <strong data-start=\"2392\" data-end=\"2408\">wetterabh\u00e4ngig<\/strong> \u2013 bei Absage aufgrund schlechter Wetterbedingungen wird Ihnen ein alternatives Datum oder eine vollst\u00e4ndige R\u00fcckerstattung angeboten<\/p>\n<\/li>\n<li data-start=\"2501\" data-end=\"2643\">\n<p data-start=\"2503\" data-end=\"2643\">Diese Aktivit\u00e4t erfordert <strong data-start=\"2530\" data-end=\"2561\">eine Mindestteilnehmerzahl<\/strong> \u2013 wird diese nicht erreicht, erhalten Sie ein alternatives Datum oder eine vollst\u00e4ndige R\u00fcckerstattung<\/p>\n<\/li>\n<\/ul>","protected":false},"excerpt":{"rendered":"<p>Mit maximal 13 Personen f\u00fchrt Sie dieses Kleingruppen-Abenteuer von den wundersch\u00f6nen Str\u00e4nden Agadirs zur gr\u00fcnen Oase des Paradies-Tals. <\/p>","protected":false},"featured_media":12194,"comment_status":"open","ping_status":"closed","template":"","meta":[],"product_brand":[],"product_cat":[],"product_tag":[],"class_list":{"0":"post-12193","1":"product","2":"type-product","3":"status-publish","4":"has-post-thumbnail","6":"tour_phys-river-cruise","7":"pa_destination-agadir","9":"first","10":"instock","11":"shipping-taxable","12":"purchasable","13":"product-type-tour_phys"},"_links":{"self":[{"href":"https:\/\/moroccodreamvoyage.com\/deutsh\/wp-json\/wp\/v2\/product\/12193","targetHints":{"allow":["GET"]}}],"collection":[{"href":"https:\/\/moroccodreamvoyage.com\/deutsh\/wp-json\/wp\/v2\/product"}],"about":[{"href":"https:\/\/moroccodreamvoyage.com\/deutsh\/wp-json\/wp\/v2\/types\/product"}],"replies":[{"embeddable":true,"href":"https:\/\/moroccodreamvoyage.com\/deutsh\/wp-json\/wp\/v2\/comments?post=12193"}],"wp:featuredmedia":[{"embeddable":true,"href":"https:\/\/moroccodreamvoyage.com\/deutsh\/wp-json\/wp\/v2\/media\/12194"}],"wp:attachment":[{"href":"https:\/\/moroccodreamvoyage.com\/deutsh\/wp-json\/wp\/v2\/media?parent=12193"}],"wp:term":[{"taxonomy":"product_brand","embeddable":true,"href":"https:\/\/moroccodreamvoyage.com\/deutsh\/wp-json\/wp\/v2\/product_brand?post=12193"},{"taxonomy":"product_cat","embeddable":true,"href":"https:\/\/moroccodreamvoyage.com\/deutsh\/wp-json\/wp\/v2\/product_cat?post=12193"},{"taxonomy":"product_tag","embeddable":true,"href":"https:\/\/moroccodreamvoyage.com\/deutsh\/wp-json\/wp\/v2\/product_tag?post=12193"}],"curies":[{"name":"wp","href":"https:\/\/api.w.org\/{rel}","templated":true}]}}