{"id":12187,"date":"2025-10-27T20:41:37","date_gmt":"2025-10-27T20:41:37","guid":{"rendered":"https:\/\/moroccodreamvoyage.com\/?post_type=product&#038;p=12187"},"modified":"2025-10-27T21:25:58","modified_gmt":"2025-10-27T21:25:58","slug":"marrakech-desert-atlas-mountains-small-group-day-tour","status":"publish","type":"product","link":"https:\/\/moroccodreamvoyage.com\/tours\/marrakech-desert-atlas-mountains-small-group-day-tour","title":{"rendered":"Marrakesch W\u00fcste &amp; Atlasgebirge \u2013 Kleingruppen-Mehrt\u00e4gige Tour"},"content":{"rendered":"<p data-start=\"436\" data-end=\"810\">Mit maximal 13 Teilnehmern erleben Sie eine komfortable Kleingruppentour durch das Atlasgebirge und die Agafay-W\u00fcste. Erkunden Sie traditionelle Berberd\u00f6rfer, malerische T\u00e4ler und W\u00fcstenlandschaften. Genie\u00dfen Sie einen Kamelritt bei Sonnenuntergang sowie ein traditionelles marokkanisches Mittagessen in einem Berberhaus.<\/p>\n<p data-start=\"812\" data-end=\"986\"><strong data-start=\"812\" data-end=\"914\">Erleben Sie die nat\u00fcrlichen und kulturellen Highlights rund um Marrakesch auf einer gef\u00fchrten Mehrtagestour.<\/strong><br data-start=\"914\" data-end=\"917\" \/>Entdecken Sie das authentische marokkanische Landleben \u2013 fernab vom Trubel der Stadt.<\/p>\n<hr data-start=\"988\" data-end=\"991\" \/>\n<h3 data-start=\"993\" data-end=\"1011\"><strong data-start=\"997\" data-end=\"1011\">H\u00f6hepunkte<\/strong><\/h3>\n<ul data-start=\"1012\" data-end=\"1356\">\n<li data-start=\"1012\" data-end=\"1080\">\n<p data-start=\"1014\" data-end=\"1080\">Erkundung des Atlasgebirges und der Agafay-W\u00fcste mit lokalem Guide<\/p>\n<\/li>\n<li data-start=\"1081\" data-end=\"1130\">\n<p data-start=\"1083\" data-end=\"1130\">Besuch von Berberd\u00f6rfern und Begegnung mit lokalen Familien<\/p>\n<\/li>\n<li data-start=\"1131\" data-end=\"1187\">\n<p data-start=\"1133\" data-end=\"1187\">Besuch von Berberd\u00f6rfern und Begegnung mit einheimischen Familien<\/p>\n<\/li>\n<li data-start=\"1188\" data-end=\"1240\">\n<p data-start=\"1190\" data-end=\"1240\">Traditionelles marokkanisches Mittagessen in einem Berberhaus<\/p>\n<\/li>\n<li data-start=\"1241\" data-end=\"1308\">\n<p data-start=\"1243\" data-end=\"1308\">Komfortable Fahrt im klimatisierten Minivan in kleiner Gruppe<\/p>\n<\/li>\n<li data-start=\"1309\" data-end=\"1356\">\n<p data-start=\"1311\" data-end=\"1356\">Mineralwasser, Minztee und Mittagessen inklusive<\/p>\n<\/li>\n<\/ul>\n<hr data-start=\"1358\" data-end=\"1361\" \/>\n<h3 data-start=\"1363\" data-end=\"1386\"><strong data-start=\"1367\" data-end=\"1386\">Inklusive<\/strong><\/h3>\n<ul data-start=\"1387\" data-end=\"1638\">\n<li data-start=\"1387\" data-end=\"1430\">\n<p data-start=\"1389\" data-end=\"1430\">Abholung und R\u00fccktransfer vom Hotel in Marrakesch<\/p>\n<\/li>\n<li data-start=\"1431\" data-end=\"1470\">\n<p data-start=\"1433\" data-end=\"1470\">Lokaler Fahrer und professioneller Guide<\/p>\n<\/li>\n<li data-start=\"1471\" data-end=\"1505\">\n<p data-start=\"1473\" data-end=\"1505\">Klimatisierter Transport<\/p>\n<\/li>\n<li data-start=\"1506\" data-end=\"1550\">\n<p data-start=\"1508\" data-end=\"1550\">Traditionelles marokkanisches Mittagessen mit Minztee<\/p>\n<\/li>\n<li data-start=\"1551\" data-end=\"1579\">\n<p data-start=\"1553\" data-end=\"1579\">Mineralwasser und Snacks<\/p>\n<\/li>\n<li data-start=\"1580\" data-end=\"1615\">\n<p data-start=\"1582\" data-end=\"1615\">Alle Geb\u00fchren und Steuern<\/p>\n<\/li>\n<li data-start=\"1616\" data-end=\"1638\">\n<p data-start=\"1618\" data-end=\"1638\">Alle Geb\u00fchren und Steuern<\/p>\n<\/li>\n<\/ul>\n<hr data-start=\"1640\" data-end=\"1643\" \/>\n<h3 data-start=\"1645\" data-end=\"1675\"><strong data-start=\"1649\" data-end=\"1675\">Zus\u00e4tzliche Informationen<\/strong><\/h3>\n<ul data-start=\"1676\" data-end=\"2140\">\n<li data-start=\"1676\" data-end=\"1728\">\n<p data-start=\"1678\" data-end=\"1728\">Die Best\u00e4tigung erhalten Sie zum Zeitpunkt der Buchung<\/p>\n<\/li>\n<li data-start=\"1729\" data-end=\"1796\">\n<p data-start=\"1731\" data-end=\"1796\">Bequeme Kleidung, Hut, Sonnenbrille und feste Schuhe empfohlen<\/p>\n<\/li>\n<li data-start=\"1797\" data-end=\"1879\">\n<p data-start=\"1799\" data-end=\"1879\">Nicht empfohlen f\u00fcr Reisende mit R\u00fcckenproblemen oder schweren gesundheitlichen Einschr\u00e4nkungen<\/p>\n<\/li>\n<li data-start=\"1880\" data-end=\"1960\">\n<p data-start=\"1882\" data-end=\"1960\">Die Tour beginnt gegen <strong data-start=\"1905\" data-end=\"1916\">8:00 Uhr<\/strong>\u2013 Abholung zwischen <strong data-start=\"1942\" data-end=\"1958\">7:00\u20138:00 AM<\/strong><\/p>\n<\/li>\n<li data-start=\"1961\" data-end=\"2005\">\n<p data-start=\"1963\" data-end=\"2005\">Es ist eine moderate Menge an Gehstrecken erforderlich<\/p>\n<\/li>\n<li data-start=\"2006\" data-end=\"2079\">\n<p data-start=\"2008\" data-end=\"2079\">Mehrsprachiger Guide auf Anfrage verf\u00fcgbar (Englisch, Franz\u00f6sisch, Spanisch)<\/p>\n<\/li>\n<li data-start=\"2080\" data-end=\"2140\">\n<p data-start=\"2082\" data-end=\"2140\">Vegetarische und vegane Mahlzeiten auf Anfrage verf\u00fcgbar<\/p>\n<\/li>\n<\/ul>\n<hr data-start=\"2142\" data-end=\"2145\" \/>\n<h3 data-start=\"2147\" data-end=\"2174\"><strong data-start=\"2151\" data-end=\"2174\">Stornierungsbedingungen<\/strong><\/h3>\n<ul data-start=\"2175\" data-end=\"2680\">\n<li data-start=\"2175\" data-end=\"2261\">\n<p data-start=\"2177\" data-end=\"2261\">F\u00fcr eine vollst\u00e4ndige R\u00fcckerstattung stornieren Sie bitte mindestens <strong data-start=\"2212\" data-end=\"2231\">24 Stunden vor<\/strong> Beginn der Aktivit\u00e4t<\/p>\n<\/li>\n<li data-start=\"2262\" data-end=\"2340\">\n<p data-start=\"2264\" data-end=\"2340\">Bei einer Stornierung weniger als 24 Stunden vor der Tour erfolgt keine R\u00fcckerstattung<\/p>\n<\/li>\n<li data-start=\"2341\" data-end=\"2423\">\n<p data-start=\"2343\" data-end=\"2423\">\u00c4nderungen weniger als 24 Stunden vor Beginn werden nicht akzeptiert<\/p>\n<\/li>\n<li data-start=\"2424\" data-end=\"2559\">\n<p data-start=\"2426\" data-end=\"2559\">Diese Aktivit\u00e4t ist <strong data-start=\"2451\" data-end=\"2467\">wetterabh\u00e4ngig<\/strong> \u2013 bei Absage aufgrund schlechter Wetterbedingungen wird Ihnen ein alternatives Datum oder eine vollst\u00e4ndige R\u00fcckerstattung angeboten<\/p>\n<\/li>\n<li data-start=\"2560\" data-end=\"2680\">\n<p data-start=\"2562\" data-end=\"2680\">Mindestteilnehmerzahl erforderlich \u2013 bei Nichterreichen wird ein alternatives Datum oder eine vollst\u00e4ndige R\u00fcckerstattung angeboten<\/p>\n<\/li>\n<\/ul>","protected":false},"excerpt":{"rendered":"<p>Mit maximal 13 Teilnehmern f\u00fchrt Sie dieses Kleingruppen-Abenteuer durch die atemberaubende Sch\u00f6nheit des Atlasgebirges und der Agafay-W\u00fcste. Hin- und R\u00fcckfahrt im klimatisierten Minivan ab Marrakesch. <\/p>","protected":false},"featured_media":12188,"comment_status":"open","ping_status":"closed","template":"","meta":[],"product_brand":[],"product_cat":[],"product_tag":[],"class_list":{"0":"post-12187","1":"product","2":"type-product","3":"status-publish","4":"has-post-thumbnail","6":"tour_phys-river-cruise","7":"pa_destination-marrakech","9":"first","10":"instock","11":"shipping-taxable","12":"purchasable","13":"product-type-tour_phys"},"_links":{"self":[{"href":"https:\/\/moroccodreamvoyage.com\/deutsh\/wp-json\/wp\/v2\/product\/12187","targetHints":{"allow":["GET"]}}],"collection":[{"href":"https:\/\/moroccodreamvoyage.com\/deutsh\/wp-json\/wp\/v2\/product"}],"about":[{"href":"https:\/\/moroccodreamvoyage.com\/deutsh\/wp-json\/wp\/v2\/types\/product"}],"replies":[{"embeddable":true,"href":"https:\/\/moroccodreamvoyage.com\/deutsh\/wp-json\/wp\/v2\/comments?post=12187"}],"wp:featuredmedia":[{"embeddable":true,"href":"https:\/\/moroccodreamvoyage.com\/deutsh\/wp-json\/wp\/v2\/media\/12188"}],"wp:attachment":[{"href":"https:\/\/moroccodreamvoyage.com\/deutsh\/wp-json\/wp\/v2\/media?parent=12187"}],"wp:term":[{"taxonomy":"product_brand","embeddable":true,"href":"https:\/\/moroccodreamvoyage.com\/deutsh\/wp-json\/wp\/v2\/product_brand?post=12187"},{"taxonomy":"product_cat","embeddable":true,"href":"https:\/\/moroccodreamvoyage.com\/deutsh\/wp-json\/wp\/v2\/product_cat?post=12187"},{"taxonomy":"product_tag","embeddable":true,"href":"https:\/\/moroccodreamvoyage.com\/deutsh\/wp-json\/wp\/v2\/product_tag?post=12187"}],"curies":[{"name":"wp","href":"https:\/\/api.w.org\/{rel}","templated":true}]}}