{"id":12144,"date":"2025-10-26T12:28:52","date_gmt":"2025-10-26T12:28:52","guid":{"rendered":"https:\/\/moroccodreamvoyage.com\/?post_type=product&#038;p=12144"},"modified":"2026-01-14T12:01:50","modified_gmt":"2026-01-14T12:01:50","slug":"casablanca-shore-excursion-city-highlights-hassan-ii-mosque-guided-tour","status":"publish","type":"product","link":"https:\/\/moroccodreamvoyage.com\/tours\/casablanca-shore-excursion-city-highlights-hassan-ii-mosque-guided-tour","title":{"rendered":"Casablanca Landausflug: Stadthighlights &amp; Hassan-II.-Moschee Gef\u00fchrte Tour"},"content":{"rendered":"<div id=\"short-description-adp-container\" class=\"z-layout\" data-v-0b7c83c8=\"\">\n<p data-start=\"2757\" data-end=\"3003\">Entdecken Sie den wahren Geist Casablancas auf einer gef\u00fchrten <strong data-start=\"2803\" data-end=\"2825\">half-day city tour<\/strong> halbt\u00e4gigen Stadttour, speziell f\u00fcr Kreuzfahrtpassagiere.\nGenie\u00dfen Sie eine bequeme Abholung vom Hafen, einen professionellen Fahrer und einen engagierten lokalen Reisef\u00fchrer, der faszinierende Geschichten und Einblicke teilt.<\/p>\n<p data-start=\"3005\" data-end=\"3321\">Besuchen Sie Casablancas bekannteste Sehensw\u00fcrdigkeiten, einschlie\u00dflich der <strong data-start=\"3061\" data-end=\"3081\">Hassan-II.-Moschee<\/strong>, der <strong data-start=\"3087\" data-end=\"3101\">Alte Medina,<\/strong>und <strong data-start=\"3107\" data-end=\"3126\">Habbous Viertel<\/strong> \u2014 jedes zeigt eine einzigartige Seite der marokkanischen Kultur.<br data-start=\"3178\" data-end=\"3181\" \/>Schlendern Sie durch lebhafte M\u00e4rkte, bewundern Sie die Mischung aus moderner und traditioneller Architektur der Stadt und genie\u00dfen Sie freie Zeit zum Einkaufen oder f\u00fcr einen Kaffee.<\/p>\n<p data-start=\"3323\" data-end=\"3474\">Unterwegs wird Ihr Reisef\u00fchrer lokale Ausdr\u00fccke, Traditionen und interessante Fakten teilen, sodass Ihr kurzer Aufenthalt in Casablanca bereichernd und unvergesslich wird.<\/p>\n<h3 data-start=\"829\" data-end=\"858\"><strong data-start=\"833\" data-end=\"858\">\u00dcber dieses Erlebnis<\/strong><\/h3>\n<ul data-start=\"859\" data-end=\"1251\">\n<li data-start=\"859\" data-end=\"887\">\n<p data-start=\"861\" data-end=\"887\">\ud83d\udd50 <strong data-start=\"864\" data-end=\"877\">Dauer:<\/strong> 4 Stunden<\/p>\n<\/li>\n<li data-start=\"888\" data-end=\"977\">\n<p data-start=\"890\" data-end=\"977\">\ud83d\udcb3 <strong data-start=\"893\" data-end=\"916\">Jetzt buchen, sp\u00e4ter zahlen<\/strong> \u2014 Reservieren Sie noch heute Ihren Platz und zahlen Sie erst bei Ihrer Tour.<\/p>\n<\/li>\n<li data-start=\"978\" data-end=\"1058\">\n<p data-start=\"980\" data-end=\"1058\">\u274c <strong data-start=\"982\" data-end=\"1004\">Kostenlose Stornierung:<\/strong> Bis zu 24 Stunden im Voraus f\u00fcr eine vollst\u00e4ndige R\u00fcckerstattung.<\/p>\n<\/li>\n<li data-start=\"1059\" data-end=\"1125\">\n<p data-start=\"1061\" data-end=\"1125\">\ud83d\ude90 <strong data-start=\"1064\" data-end=\"1086\">Abholung &amp; R\u00fcckgabe:<\/strong> Direkt vom <strong data-start=\"1101\" data-end=\"1123\">Hafen von Casablanca<\/strong><\/p>\n<\/li>\n<li data-start=\"1126\" data-end=\"1173\">\n<p data-start=\"1128\" data-end=\"1173\">\ud83d\udcac <strong data-start=\"1131\" data-end=\"1155\">Verf\u00fcgbare Sprachen:<\/strong> Arabisch, Englisch<\/p>\n<\/li>\n<li data-start=\"1174\" data-end=\"1251\">\n<p data-start=\"1176\" data-end=\"1251\">\u23e9 <strong data-start=\"1178\" data-end=\"1202\">\u23e9 Eintritt ohne Anstehen:<\/strong> Beinhaltet Schnellzugang zur Hassan-II.-Moschee<\/p>\n<\/li>\n<\/ul>\n<h3 data-start=\"2325\" data-end=\"2343\"><strong data-start=\"2329\" data-end=\"2343\">H\u00f6hepunkte<\/strong><\/h3>\n<ul data-start=\"2344\" data-end=\"2725\">\n<li data-start=\"2344\" data-end=\"2421\">\n<p data-start=\"2346\" data-end=\"2421\">\u2705 Garantierte p\u00fcnktliche R\u00fcckkehr zu Ihrem Kreuzfahrtschiff \u2014 stressfreies Erlebnis.<\/p>\n<\/li>\n<li data-start=\"2422\" data-end=\"2500\">\n<p data-start=\"2424\" data-end=\"2500\">\ud83d\udd4c Gef\u00fchrter Besuch der <strong data-start=\"2443\" data-end=\"2463\">Hassan-II.-Moschee<\/strong>, der spektakul\u00e4rsten Moschee Afrikas.<\/p>\n<\/li>\n<li data-start=\"2501\" data-end=\"2572\">\n<p data-start=\"2503\" data-end=\"2572\">\ud83d\udecd\ufe0f Erkunden Sie <strong data-start=\"2515\" data-end=\"2537\">Casablancas Souks<\/strong>, M\u00e4rkte und Handwerkswerkst\u00e4tten.<\/p>\n<\/li>\n<li data-start=\"2573\" data-end=\"2641\">\n<p data-start=\"2575\" data-end=\"2641\">\ud83d\ude97 Komfortabler klimatisierter Transport mit WLAN und professionellem Fahrer.<\/p>\n<\/li>\n<li data-start=\"2642\" data-end=\"2725\">\n<p data-start=\"2644\" data-end=\"2725\">\ud83c\udf3f Lernen Sie von Ihrem lokalen Reisef\u00fchrer \u00fcber die marokkanische Kultur, Geschichte und das t\u00e4gliche Leben<\/p>\n<\/li>\n<\/ul>\n<h3 data-start=\"3481\" data-end=\"3497\"><strong data-start=\"3485\" data-end=\"3497\">Inklusive<\/strong><\/h3>\n<ul data-start=\"3498\" data-end=\"3738\">\n<li data-start=\"3498\" data-end=\"3546\">\n<p data-start=\"3500\" data-end=\"3546\">Ticket ohne Anstehen f\u00fcr die <strong data-start=\"3524\" data-end=\"3544\">Hassan-II.-Moschee<\/strong><\/p>\n<\/li>\n<li data-start=\"3547\" data-end=\"3575\">\n<p data-start=\"3549\" data-end=\"3575\">Erfahrener lokaler Guide<\/p>\n<\/li>\n<li data-start=\"3576\" data-end=\"3618\">\n<p data-start=\"3578\" data-end=\"3618\">Komfortables klimatisiertes Fahrzeug mit <strong data-start=\"3607\" data-end=\"3616\">WLAN<\/strong><\/p>\n<\/li>\n<li data-start=\"3619\" data-end=\"3647\">\n<p data-start=\"3621\" data-end=\"3647\">Abholung und R\u00fcckgabe am Hafen<\/p>\n<\/li>\n<li data-start=\"3648\" data-end=\"3665\">\n<p data-start=\"3650\" data-end=\"3665\">Flaschenwasser<\/p>\n<\/li>\n<li data-start=\"3666\" data-end=\"3692\">\n<p data-start=\"3668\" data-end=\"3692\">Steuern und Servicegeb\u00fchren<\/p>\n<\/li>\n<li data-start=\"3693\" data-end=\"3738\">\n<p data-start=\"3695\" data-end=\"3738\"><strong data-start=\"3695\" data-end=\"3736\">Garantierte R\u00fcckkehr zu Ihrem Kreuzfahrtschiff<\/strong><\/p>\n<\/li>\n<\/ul>\n<p data-start=\"3740\" data-end=\"3789\"><strong data-start=\"3740\" data-end=\"3757\">Nicht enthalten:<\/strong> Mahlzeiten, Getr\u00e4nke und Trinkgelder<\/p>\n<h3 data-start=\"3796\" data-end=\"3817\"><strong data-start=\"3800\" data-end=\"3817\">Treffpunkt<\/strong><\/h3>\n<p data-start=\"3818\" data-end=\"4072\">Unser Team wird Sie direkt <strong data-start=\"3850\" data-end=\"3870\">am Hafentor treffen<\/strong>, schwarze <strong data-start=\"3880\" data-end=\"3895\">Westen tragen<\/strong> und ein Schild mit <strong data-start=\"3910\" data-end=\"3933\">Ihrem Namen halten.<\/strong>.<br data-start=\"3934\" data-end=\"3937\" \/>Wenn Sie Hilfe ben\u00f6tigen, k\u00f6nnen Sie sich gerne an sie wenden \u2014 wir sind da, um zu helfen!<\/p>\n<h3 data-start=\"4079\" data-end=\"4108\"><span style=\"color: #ff0000;\"><strong data-start=\"4083\" data-end=\"4108\">Wichtige Informationen<\/strong><\/span><\/h3>\n<p data-start=\"4109\" data-end=\"4314\">Beim Besuch der Moschee werden Frauen gebeten, <strong data-start=\"4135\" data-end=\"4195\">Haare und Schultern zu bedecken und lange R\u00f6cke oder Hosen zu tragen.<\/strong> und lange R\u00f6cke oder Hosen zu tragen.<br data-start=\"4229\" data-end=\"4232\" \/>Dies dient dem Respekt gegen\u00fcber lokalen Traditionen und sorgt f\u00fcr ein angenehmes Erlebnis f\u00fcr alle.<\/p>\n<\/div>","protected":false},"excerpt":{"rendered":"<p data-start=\"474\" data-end=\"822\">Enjoy a guided sightseeing tour of <strong data-start=\"509\" data-end=\"523\">Casablanca<\/strong>, Morocco\u2019s vibrant coastal city. This experience includes <strong data-start=\"582\" data-end=\"623\">pickup directly from your cruise ship<\/strong> and a guaranteed on-time return \u2014 no risk of missing your departure! Visit the magnificent <strong data-start=\"715\" data-end=\"735\">Hassan-II.-Moschee<\/strong> and discover Casablanca\u2019s most iconic cultural landmarks with an expert local guide.<\/p>","protected":false},"featured_media":12290,"comment_status":"open","ping_status":"closed","template":"","meta":[],"product_brand":[],"product_cat":[],"product_tag":[],"class_list":{"0":"post-12144","1":"product","2":"type-product","3":"status-publish","4":"has-post-thumbnail","6":"tour_phys-river-cruise","7":"pa_destination-casablanca","9":"first","10":"instock","11":"shipping-taxable","12":"purchasable","13":"product-type-tour_phys"},"_links":{"self":[{"href":"https:\/\/moroccodreamvoyage.com\/deutsh\/wp-json\/wp\/v2\/product\/12144","targetHints":{"allow":["GET"]}}],"collection":[{"href":"https:\/\/moroccodreamvoyage.com\/deutsh\/wp-json\/wp\/v2\/product"}],"about":[{"href":"https:\/\/moroccodreamvoyage.com\/deutsh\/wp-json\/wp\/v2\/types\/product"}],"replies":[{"embeddable":true,"href":"https:\/\/moroccodreamvoyage.com\/deutsh\/wp-json\/wp\/v2\/comments?post=12144"}],"wp:featuredmedia":[{"embeddable":true,"href":"https:\/\/moroccodreamvoyage.com\/deutsh\/wp-json\/wp\/v2\/media\/12290"}],"wp:attachment":[{"href":"https:\/\/moroccodreamvoyage.com\/deutsh\/wp-json\/wp\/v2\/media?parent=12144"}],"wp:term":[{"taxonomy":"product_brand","embeddable":true,"href":"https:\/\/moroccodreamvoyage.com\/deutsh\/wp-json\/wp\/v2\/product_brand?post=12144"},{"taxonomy":"product_cat","embeddable":true,"href":"https:\/\/moroccodreamvoyage.com\/deutsh\/wp-json\/wp\/v2\/product_cat?post=12144"},{"taxonomy":"product_tag","embeddable":true,"href":"https:\/\/moroccodreamvoyage.com\/deutsh\/wp-json\/wp\/v2\/product_tag?post=12144"}],"curies":[{"name":"wp","href":"https:\/\/api.w.org\/{rel}","templated":true}]}}