{"id":7,"date":"2025-10-25T12:52:23","date_gmt":"2025-10-25T12:52:23","guid":{"rendered":"https:\/\/moroccodreamvoyage.com\/?page_id=7"},"modified":"2025-11-01T09:56:16","modified_gmt":"2025-11-01T09:56:16","slug":"cart","status":"publish","type":"page","link":"https:\/\/moroccodreamvoyage.com\/deutsh\/cart\/","title":{"rendered":"Cart"},"content":{"rendered":"<div data-block-name=\"woocommerce\/cart\" class=\"wp-block-woocommerce-cart alignwide is-loading\">\n<div data-block-name=\"woocommerce\/filled-cart-block\" class=\"wp-block-woocommerce-filled-cart-block\">\n<div data-block-name=\"woocommerce\/cart-items-block\" class=\"wp-block-woocommerce-cart-items-block\">\n<div data-block-name=\"woocommerce\/cart-line-items-block\" class=\"wp-block-woocommerce-cart-line-items-block\"><\/div>\n\n\n<\/div>\n\n\n\n\n<div data-block-name=\"woocommerce\/cart-totals-block\" class=\"wp-block-woocommerce-cart-totals-block\">\n<div data-block-name=\"woocommerce\/cart-order-summary-block\" class=\"wp-block-woocommerce-cart-order-summary-block\">\n<div data-block-name=\"woocommerce\/cart-order-summary-heading-block\" class=\"wp-block-woocommerce-cart-order-summary-heading-block\"><\/div><div data-block-name=\"woocommerce\/cart-order-summary-coupon-form-block\" class=\"wp-block-woocommerce-cart-order-summary-coupon-form-block\"><\/div><div data-block-name=\"woocommerce\/cart-order-summary-totals-block\" class=\"wp-block-woocommerce-cart-order-summary-totals-block\">\n<div data-block-name=\"woocommerce\/cart-order-summary-subtotal-block\" class=\"wp-block-woocommerce-cart-order-summary-subtotal-block\"><\/div>\n<div data-block-name=\"woocommerce\/cart-order-summary-discount-block\" class=\"wp-block-woocommerce-cart-order-summary-discount-block\"><\/div>\n<div data-block-name=\"woocommerce\/cart-order-summary-fee-block\" class=\"wp-block-woocommerce-cart-order-summary-fee-block\"><\/div>\n<div data-block-name=\"woocommerce\/cart-order-summary-shipping-block\" class=\"wp-block-woocommerce-cart-order-summary-shipping-block\"><\/div>\n<div data-block-name=\"woocommerce\/cart-order-summary-taxes-block\" class=\"wp-block-woocommerce-cart-order-summary-taxes-block\"><\/div><\/div>\n<\/div>\n\n\n\n<div data-block-name=\"woocommerce-paypal-payments\/cart-paylater-messages\" data-pp-placement=\"cart\" data-pp-style-layout=\"text\" data-pp-style-logo-position=\"\" data-pp-style-logo-type=\"\" data-pp-style-text-color=\"\" data-pp-style-text-size=\"\" id=\"ppcp-cart-paylater-messages\" class=\"ppcp-messages\" data-partner-attribution-id=\"WooPPCP_Ecom_PS_CoreProfiler\"><\/div><div data-block-name=\"woocommerce\/cart-express-payment-block\" class=\"wp-block-woocommerce-cart-express-payment-block\"><\/div>\n\n\n\n<div data-block-name=\"woocommerce\/proceed-to-checkout-block\" class=\"wp-block-woocommerce-proceed-to-checkout-block\"><\/div>\n<div id=\"ppcp-recaptcha-v2-container\" style=\"margin:20px 0;\"><\/div>\n\n\n<div data-block-name=\"woocommerce\/cart-accepted-payment-methods-block\" class=\"wp-block-woocommerce-cart-accepted-payment-methods-block\"><\/div>\n<\/div>\n<\/div>\n\n\n\n<div data-block-name=\"woocommerce\/empty-cart-block\" class=\"wp-block-woocommerce-empty-cart-block\">\n<h2 class=\"wp-block-heading has-text-align-center with-empty-cart-icon wc-block-cart__empty-cart__title\">Your cart is currently empty!<\/h2>\n\n\n\n<hr class=\"wp-block-separator has-alpha-channel-opacity is-style-dots\"\/>\n\n\n\n<h2 class=\"wp-block-heading has-text-align-center\">New in store<\/h2>\n\n\n<div data-block-name=\"woocommerce\/product-new\" data-columns=\"4\" data-rows=\"1\" class=\"wc-block-grid wp-block-product-new wp-block-woocommerce-product-new wc-block-product-new has-4-columns\"><ul class=\"wc-block-grid__products\"><li class=\"wc-block-grid__product\">\n\t\t\t\t<a href=\"https:\/\/moroccodreamvoyage.com\/deutsh\/tours\/14-days-imperial-cities-desert-tour-morocco\/\" class=\"wc-block-grid__product-link\">\n\t\t\t\t\t\n\t\t\t\t\t<div class=\"wc-block-grid__product-image\"><img fetchpriority=\"high\" decoding=\"async\" width=\"320\" height=\"320\" src=\"https:\/\/moroccodreamvoyage.com\/wp-content\/uploads\/2026\/03\/Fez_Morocco-320x320.jpg\" class=\"attachment-woocommerce_thumbnail size-woocommerce_thumbnail\" alt=\"14 Days Imperial Cities &amp; Desert Tour \u2013 Morocco\" srcset=\"https:\/\/moroccodreamvoyage.com\/wp-content\/uploads\/2026\/03\/Fez_Morocco-320x320.jpg 320w, https:\/\/moroccodreamvoyage.com\/wp-content\/uploads\/2026\/03\/Fez_Morocco-150x150.jpg 150w, https:\/\/moroccodreamvoyage.com\/wp-content\/uploads\/2026\/03\/Fez_Morocco-100x100.jpg 100w\" sizes=\"(max-width: 320px) 100vw, 320px\" \/><\/div>\n\t\t\t\t\t<div class=\"wc-block-grid__product-title\">14 Days Imperial Cities &amp; Desert Tour \u2013 Morocco<\/div>\n\t\t\t\t<\/a>\n\t\t\t\t<div class=\"wc-block-grid__product-price price\"><span class=\"woocommerce-Price-amount amount\"><span class=\"woocommerce-Price-currencySymbol\">&#036;<\/span>200.00<\/span><\/div>\n\t\t\t\t\n\t\t\t\t<div class=\"wp-block-button wc-block-grid__product-add-to-cart\"><a href=\"https:\/\/moroccodreamvoyage.com\/deutsh\/tours\/14-days-imperial-cities-desert-tour-morocco\/\" aria-label=\"Lese mehr \u00fcber \u201e14 Days Imperial Cities &amp; Desert Tour \u2013 Morocco\u201c\" data-quantity=\"1\" data-product_id=\"12840\" data-product_sku=\"\" data-price=\"200\" rel=\"nofollow\" class=\"wp-block-button__link  add_to_cart_button\" data-no-translation=\"\" data-trp-gettext=\"\" data-no-translation-aria-label=\"\">Weiterlesen<\/a><\/div>\n\t\t\t<\/li><li class=\"wc-block-grid__product\">\n\t\t\t\t<a href=\"https:\/\/moroccodreamvoyage.com\/deutsh\/tours\/moroccos-imperial-cities-8-day-cultural-journey\/\" class=\"wc-block-grid__product-link\">\n\t\t\t\t\t\n\t\t\t\t\t<div class=\"wc-block-grid__product-image\"><img decoding=\"async\" width=\"320\" height=\"320\" src=\"https:\/\/moroccodreamvoyage.com\/wp-content\/uploads\/2025\/11\/hot-air-balloon-in-Marrakech-3-320x320.webp\" class=\"attachment-woocommerce_thumbnail size-woocommerce_thumbnail\" alt=\"Morocco\u2019s Imperial Cities: 8-Day Cultural Journey\" srcset=\"https:\/\/moroccodreamvoyage.com\/wp-content\/uploads\/2025\/11\/hot-air-balloon-in-Marrakech-3-320x320.webp 320w, https:\/\/moroccodreamvoyage.com\/wp-content\/uploads\/2025\/11\/hot-air-balloon-in-Marrakech-3-150x150.webp 150w, https:\/\/moroccodreamvoyage.com\/wp-content\/uploads\/2025\/11\/hot-air-balloon-in-Marrakech-3-100x100.webp 100w, https:\/\/moroccodreamvoyage.com\/wp-content\/uploads\/2025\/11\/hot-air-balloon-in-Marrakech-3-80x80.webp 80w\" sizes=\"(max-width: 320px) 100vw, 320px\" \/><\/div>\n\t\t\t\t\t<div class=\"wc-block-grid__product-title\">Marokkos K\u00f6nigsst\u00e4dte: 8-t\u00e4gige Kulturreise<\/div>\n\t\t\t\t<\/a>\n\t\t\t\t<div class=\"wc-block-grid__product-price price\"><span class=\"woocommerce-Price-amount amount\"><span class=\"woocommerce-Price-currencySymbol\">&#036;<\/span>200.00<\/span><\/div>\n\t\t\t\t\n\t\t\t\t<div class=\"wp-block-button wc-block-grid__product-add-to-cart\"><a href=\"https:\/\/moroccodreamvoyage.com\/deutsh\/tours\/moroccos-imperial-cities-8-day-cultural-journey\/\" aria-label=\"Lese mehr \u00fcber \u201eMorocco\u2019s Imperial Cities: 8-Day Cultural Journey\u201c\" data-quantity=\"1\" data-product_id=\"12838\" data-product_sku=\"\" data-price=\"200\" rel=\"nofollow\" class=\"wp-block-button__link  add_to_cart_button\" data-no-translation=\"\" data-trp-gettext=\"\" data-no-translation-aria-label=\"\">Weiterlesen<\/a><\/div>\n\t\t\t<\/li><li class=\"wc-block-grid__product\">\n\t\t\t\t<a href=\"https:\/\/moroccodreamvoyage.com\/deutsh\/tours\/marrakech-atlas-mountains-day-trip-with-camel-ride\/\" class=\"wc-block-grid__product-link\">\n\t\t\t\t\t\n\t\t\t\t\t<div class=\"wc-block-grid__product-image\"><img decoding=\"async\" width=\"320\" height=\"320\" src=\"https:\/\/moroccodreamvoyage.com\/wp-content\/uploads\/2025\/11\/caption-18-320x320.jpg\" class=\"attachment-woocommerce_thumbnail size-woocommerce_thumbnail\" alt=\"Atlas Mountains Day Trip from Marrakech with Camel Ride\" srcset=\"https:\/\/moroccodreamvoyage.com\/wp-content\/uploads\/2025\/11\/caption-18-320x320.jpg 320w, https:\/\/moroccodreamvoyage.com\/wp-content\/uploads\/2025\/11\/caption-18-150x150.jpg 150w, https:\/\/moroccodreamvoyage.com\/wp-content\/uploads\/2025\/11\/caption-18-100x100.jpg 100w, https:\/\/moroccodreamvoyage.com\/wp-content\/uploads\/2025\/11\/caption-18-80x80.jpg 80w, https:\/\/moroccodreamvoyage.com\/wp-content\/uploads\/2025\/11\/caption-18-624x624.jpg 624w\" sizes=\"(max-width: 320px) 100vw, 320px\" \/><\/div>\n\t\t\t\t\t<div class=\"wc-block-grid__product-title\">Atlasgebirge Tagesausflug ab Marrakesch mit Kamelritt<\/div>\n\t\t\t\t<\/a>\n\t\t\t\t<div class=\"wc-block-grid__product-price price\"><span class=\"woocommerce-Price-amount amount\"><span class=\"woocommerce-Price-currencySymbol\">&#036;<\/span>25.00<\/span><\/div>\n\t\t\t\t\n\t\t\t\t<div class=\"wp-block-button wc-block-grid__product-add-to-cart\"><a href=\"https:\/\/moroccodreamvoyage.com\/deutsh\/tours\/marrakech-atlas-mountains-day-trip-with-camel-ride\/\" aria-label=\"Lese mehr \u00fcber \u201eAtlas Mountains Day Trip from Marrakech with Camel Ride\u201c\" data-quantity=\"1\" data-product_id=\"12463\" data-product_sku=\"\" data-price=\"25\" rel=\"nofollow\" class=\"wp-block-button__link  add_to_cart_button\" data-no-translation=\"\" data-trp-gettext=\"\" data-no-translation-aria-label=\"\">Weiterlesen<\/a><\/div>\n\t\t\t<\/li><li class=\"wc-block-grid__product\">\n\t\t\t\t<a href=\"https:\/\/moroccodreamvoyage.com\/deutsh\/tours\/marrakech-day-trip-to-essaouira-with-argan-oil-cooperative-visit\/\" class=\"wc-block-grid__product-link\">\n\t\t\t\t\t\n\t\t\t\t\t<div class=\"wc-block-grid__product-image\"><img loading=\"lazy\" decoding=\"async\" width=\"320\" height=\"320\" src=\"https:\/\/moroccodreamvoyage.com\/wp-content\/uploads\/2025\/11\/from-marrakesh-essaouira-full-day-trip-2891821-1-320x320.jpg\" class=\"attachment-woocommerce_thumbnail size-woocommerce_thumbnail\" alt=\"Essaouira Day Trip from Marrakech with Argan Oil Visit\" srcset=\"https:\/\/moroccodreamvoyage.com\/wp-content\/uploads\/2025\/11\/from-marrakesh-essaouira-full-day-trip-2891821-1-320x320.jpg 320w, https:\/\/moroccodreamvoyage.com\/wp-content\/uploads\/2025\/11\/from-marrakesh-essaouira-full-day-trip-2891821-1-150x150.jpg 150w, https:\/\/moroccodreamvoyage.com\/wp-content\/uploads\/2025\/11\/from-marrakesh-essaouira-full-day-trip-2891821-1-100x100.jpg 100w, https:\/\/moroccodreamvoyage.com\/wp-content\/uploads\/2025\/11\/from-marrakesh-essaouira-full-day-trip-2891821-1-80x80.jpg 80w, https:\/\/moroccodreamvoyage.com\/wp-content\/uploads\/2025\/11\/from-marrakesh-essaouira-full-day-trip-2891821-1-624x624.jpg 624w\" sizes=\"(max-width: 320px) 100vw, 320px\" \/><\/div>\n\t\t\t\t\t<div class=\"wc-block-grid__product-title\">Essaouira: Tagesausflug von Marrakesch mit Argan\u00f6l-Besuch<\/div>\n\t\t\t\t<\/a>\n\t\t\t\t<div class=\"wc-block-grid__product-price price\"><span class=\"woocommerce-Price-amount amount\"><span class=\"woocommerce-Price-currencySymbol\">&#036;<\/span>45.00<\/span><\/div>\n\t\t\t\t\n\t\t\t\t<div class=\"wp-block-button wc-block-grid__product-add-to-cart\"><a href=\"https:\/\/moroccodreamvoyage.com\/deutsh\/tours\/marrakech-day-trip-to-essaouira-with-argan-oil-cooperative-visit\/\" aria-label=\"Lese mehr \u00fcber \u201eEssaouira Day Trip from Marrakech with Argan Oil Visit\u201c\" data-quantity=\"1\" data-product_id=\"12453\" data-product_sku=\"\" data-price=\"45\" rel=\"nofollow\" class=\"wp-block-button__link  add_to_cart_button\" data-no-translation=\"\" data-trp-gettext=\"\" data-no-translation-aria-label=\"\">Weiterlesen<\/a><\/div>\n\t\t\t<\/li><\/ul><\/div><\/div>\n<\/div>","protected":false},"excerpt":{"rendered":"<p>\n<br \n<\/p>","protected":false},"author":1,"featured_media":0,"parent":0,"menu_order":0,"comment_status":"closed","ping_status":"closed","template":"","meta":{"footnotes":""},"class_list":["post-7","page","type-page","status-publish","hentry"],"_links":{"self":[{"href":"https:\/\/moroccodreamvoyage.com\/deutsh\/wp-json\/wp\/v2\/pages\/7","targetHints":{"allow":["GET"]}}],"collection":[{"href":"https:\/\/moroccodreamvoyage.com\/deutsh\/wp-json\/wp\/v2\/pages"}],"about":[{"href":"https:\/\/moroccodreamvoyage.com\/deutsh\/wp-json\/wp\/v2\/types\/page"}],"author":[{"embeddable":true,"href":"https:\/\/moroccodreamvoyage.com\/deutsh\/wp-json\/wp\/v2\/users\/1"}],"replies":[{"embeddable":true,"href":"https:\/\/moroccodreamvoyage.com\/deutsh\/wp-json\/wp\/v2\/comments?post=7"}],"version-history":[{"count":1,"href":"https:\/\/moroccodreamvoyage.com\/deutsh\/wp-json\/wp\/v2\/pages\/7\/revisions"}],"predecessor-version":[{"id":12262,"href":"https:\/\/moroccodreamvoyage.com\/deutsh\/wp-json\/wp\/v2\/pages\/7\/revisions\/12262"}],"wp:attachment":[{"href":"https:\/\/moroccodreamvoyage.com\/deutsh\/wp-json\/wp\/v2\/media?parent=7"}],"curies":[{"name":"wp","href":"https:\/\/api.w.org\/{rel}","templated":true}]}}