{"id":11127,"date":"2024-09-19T06:08:56","date_gmt":"2024-09-19T02:08:56","guid":{"rendered":"https:\/\/travelwp.physcode.com\/main-demo\/?page_id=11127"},"modified":"2025-12-28T20:10:40","modified_gmt":"2025-12-28T20:10:40","slug":"contact-us","status":"publish","type":"page","link":"https:\/\/moroccodreamvoyage.com\/deutsh\/contact-us\/","title":{"rendered":"Kontakt"},"content":{"rendered":"<div data-elementor-type=\"wp-page\" data-elementor-id=\"11127\" class=\"elementor elementor-11127\">\n\t\t\t\t<div class=\"elementor-element elementor-element-697229d e-flex e-con-boxed e-con e-parent\" data-id=\"697229d\" data-element_type=\"container\">\n\t\t\t\t\t<div class=\"e-con-inner\">\n\t\t\t\t<div class=\"elementor-element elementor-element-b9d17b9 elementor-widget elementor-widget-thim-ekits-breadcrumb\" data-id=\"b9d17b9\" data-element_type=\"widget\" data-widget_type=\"thim-ekits-breadcrumb.default\">\n\t\t\t\t<div class=\"elementor-widget-container\">\n\t\t\t\t\t\n\t\t\t<div class=\"thim-ekit-breadcrumb\">\n\n\t\t\t\tStartseite\n\t\t\t<\/div>\n\n\t\t\t\t\t\t\t<\/div>\n\t\t\t\t<\/div>\n\t\t\t\t<div class=\"elementor-element elementor-element-6df3877 elementor-widget__width-initial elementor-widget elementor-widget-thim-ekits-heading\" data-id=\"6df3877\" data-element_type=\"widget\" data-widget_type=\"thim-ekits-heading.default\">\n\t\t\t\t<div class=\"elementor-widget-container\">\n\t\t\t\t\t<div class=\"thim-ekits-heading thim-ekit__heading\"><h1 class=\"title\">Kontakt<\/h1><\/div>\t\t\t\t<\/div>\n\t\t\t\t<\/div>\n\t\t\t\t\t<\/div>\n\t\t\t\t<\/div>\n\t\t<div class=\"elementor-element elementor-element-596726c e-flex e-con-boxed e-con e-parent\" data-id=\"596726c\" data-element_type=\"container\">\n\t\t\t\t\t<div class=\"e-con-inner\">\n\t\t<div class=\"elementor-element elementor-element-d4fdcab e-con-full e-flex e-con e-child\" data-id=\"d4fdcab\" data-element_type=\"container\" data-settings=\"{&quot;background_background&quot;:&quot;classic&quot;}\">\n\t\t<div class=\"elementor-element elementor-element-1bd8d61 e-con-full e-flex e-con e-child\" data-id=\"1bd8d61\" data-element_type=\"container\">\n\t\t\t\t<div class=\"elementor-element elementor-element-a08143a elementor-widget__width-initial elementor-widget elementor-widget-thim-ekits-heading\" data-id=\"a08143a\" data-element_type=\"widget\" data-widget_type=\"thim-ekits-heading.default\">\n\t\t\t\t<div class=\"elementor-widget-container\">\n\t\t\t\t\t<div class=\"thim-ekits-heading thim-ekit__heading\"><h3 class=\"title\">Lassen Sie uns verbinden und \u00fcber Ihre Reisetr\u00e4ume sprechen<\/h3>\t\t\t<div class='desc'>\n\t\t\t\t<p>Sprechen Sie \u00fcber Ihre Reisetr\u00e4ume in diesem Jahr, und wir helfen Ihnen, diese Tr\u00e4ume Wirklichkeit werden zu lassen<\/p>\t\t\t<\/div>\n\t\t<\/div>\t\t\t\t<\/div>\n\t\t\t\t<\/div>\n\t\t\t\t<\/div>\n\t\t<div class=\"elementor-element elementor-element-62de8ba e-con-full e-flex e-con e-child\" data-id=\"62de8ba\" data-element_type=\"container\">\n\t\t\t\t<div class=\"elementor-element elementor-element-48abbf2 elementor-widget elementor-widget-thim-ekits-contact-form-7\" data-id=\"48abbf2\" data-element_type=\"widget\" data-widget_type=\"thim-ekits-contact-form-7.default\">\n\t\t\t\t<div class=\"elementor-widget-container\">\n\t\t\t\t\t\t\t\t<div class=\"thim-ekit-wpcf7\">\n\t\t\t\t\n<div class=\"wpcf7 no-js\" id=\"wpcf7-f2988-o1\" lang=\"en-US\" dir=\"ltr\" data-wpcf7-id=\"2988\">\n<div class=\"screen-reader-response\"><p role=\"status\" aria-live=\"polite\" aria-atomic=\"true\"><\/p> <ul><\/ul><\/div>\n<form action=\"\/deutsh\/wp-json\/wp\/v2\/pages\/11127#wpcf7-f2988-o1\" method=\"post\" class=\"wpcf7-form init\" aria-label=\"Contact form\" novalidate=\"novalidate\" data-status=\"init\" data-trp-original-action=\"\/deutsh\/wp-json\/wp\/v2\/pages\/11127#wpcf7-f2988-o1\">\n<fieldset class=\"hidden-fields-container\"><input type=\"hidden\" name=\"_wpcf7\" value=\"2988\" \/><input type=\"hidden\" name=\"_wpcf7_version\" value=\"6.1.2\" \/><input type=\"hidden\" name=\"_wpcf7_locale\" value=\"en_US\" \/><input type=\"hidden\" name=\"_wpcf7_unit_tag\" value=\"wpcf7-f2988-o1\" \/><input type=\"hidden\" name=\"_wpcf7_container_post\" value=\"0\" \/><input type=\"hidden\" name=\"_wpcf7_posted_data_hash\" value=\"\" \/>\n<\/fieldset>\n<div class=\"form-contact-wp\">\n\t<div class=\"field-form\">\n\t\t<p><label for=\"name-cr\">Name<\/label><br \/>\n<span class=\"wpcf7-form-control-wrap\" data-name=\"name-345\"><input size=\"40\" maxlength=\"400\" class=\"wpcf7-form-control wpcf7-text wpcf7-validates-as-required\" id=\"name-cr\" aria-required=\"true\" aria-invalid=\"false\" placeholder=\"Your name\" value=\"\" type=\"text\" name=\"name-345\" \/><\/span>\n\t\t<\/p>\n\t<\/div>\n\t<div class=\"field-form\">\n\t\t<p><label for=\"email-cr\">E-Mail<\/label><br \/>\n<span class=\"wpcf7-form-control-wrap\" data-name=\"email-567\"><input size=\"40\" maxlength=\"400\" class=\"wpcf7-form-control wpcf7-email wpcf7-validates-as-required wpcf7-text wpcf7-validates-as-email\" id=\"email-cr\" aria-required=\"true\" aria-invalid=\"false\" placeholder=\"hello@email.com\" value=\"\" type=\"email\" name=\"email-567\" \/><\/span>\n\t\t<\/p>\n\t<\/div>\n\t<div class=\"field-form\">\n\t\t<p><label for=\"textarea-cr\">Wie k\u00f6nnen wir Ihnen helfen<\/label><br \/>\n<span class=\"wpcf7-form-control-wrap\" data-name=\"textarea-886\"><textarea cols=\"40\" rows=\"10\" maxlength=\"2000\" class=\"wpcf7-form-control wpcf7-textarea wpcf7-validates-as-required\" id=\"textarea-cr\" aria-required=\"true\" aria-invalid=\"false\" placeholder=\"Erz\u00e4hlen Sie uns ein wenig von Ihrem Reisezieltraum\" name=\"textarea-886\"><\/textarea><\/span>\n\t\t<\/p>\n\t<\/div>\n\t<p><input class=\"wpcf7-form-control wpcf7-submit has-spinner bt-send-contact\" type=\"submit\" value=\"Absenden\" \/>\n\t<\/p>\n<\/div><div class=\"wpcf7-response-output\" aria-hidden=\"true\"><\/div>\n<input type=\"hidden\" name=\"trp-form-language\" value=\"deutsh\"\/><\/form>\n<\/div>\n\t\t\t<\/div>\n\t\t\t\t\t\t<\/div>\n\t\t\t\t<\/div>\n\t\t\t\t<\/div>\n\t\t\t\t<\/div>\n\t\t\t\t\t<\/div>\n\t\t\t\t<\/div>\n\t\t<div class=\"elementor-element elementor-element-2a841a2 e-flex e-con-boxed e-con e-parent\" data-id=\"2a841a2\" data-element_type=\"container\">\n\t\t\t\t\t<div class=\"e-con-inner\">\n\t\t<div class=\"elementor-element elementor-element-fdbb200 e-con-full e-flex e-con e-child\" data-id=\"fdbb200\" data-element_type=\"container\">\n\t\t\t\t<div class=\"elementor-element elementor-element-a9f33cf elementor-widget elementor-widget-google_maps\" data-id=\"a9f33cf\" data-element_type=\"widget\" data-widget_type=\"google_maps.default\">\n\t\t\t\t\t\t\t<div class=\"elementor-custom-embed\">\n\t\t\t<iframe loading=\"lazy\"\n\t\t\t\t\tsrc=\"https:\/\/maps.google.com\/maps?q=Ansprechpartner%20Hassan%20Sayed%20Colmdorfstr.%2031%2081249%20M%C3%BCnchn%20Deutschland&#038;t=m&#038;z=10&#038;output=embed&#038;iwloc=near\"\n\t\t\t\t\ttitle=\"Ansprechpartner Hassan Sayed Colmdorfstr. 31 81249 M\u00fcnchn Deutschland\"\n\t\t\t\t\taria-label=\"Ansprechpartner Hassan Sayed Colmdorfstr. 31 81249 M\u00fcnchn Deutschland\"\n\t\t\t><\/iframe>\n\t\t<\/div>\n\t\t\t\t\t\t<\/div>\n\t\t\t\t<\/div>\n\t\t<div class=\"elementor-element elementor-element-db788a1 e-con-full e-flex e-con e-child\" data-id=\"db788a1\" data-element_type=\"container\">\n\t\t\t\t<div class=\"elementor-element elementor-element-645329d elementor-widget elementor-widget-thim-ekits-heading\" data-id=\"645329d\" data-element_type=\"widget\" data-widget_type=\"thim-ekits-heading.default\">\n\t\t\t\t<div class=\"elementor-widget-container\">\n\t\t\t\t\t<div class=\"thim-ekits-heading thim-ekit__heading\"><h4 class=\"title\">Travel Company<\/h4>\t\t\t<div class='desc'>\n\t\t\t\t<ul><li><strong>Phone:\u00a0 <\/strong>(123)4567890<\/li><li><strong>Email:<\/strong>\u00a0 Demo@domain.com<\/li><\/ul>\t\t\t<\/div>\n\t\t<\/div>\t\t\t\t<\/div>\n\t\t\t\t<\/div>\n\t\t\t\t<div class=\"elementor-element elementor-element-8925888 e-grid-align-left elementor-shape-rounded elementor-grid-0 elementor-widget elementor-widget-social-icons\" data-id=\"8925888\" data-element_type=\"widget\" data-widget_type=\"social-icons.default\">\n\t\t\t\t\t\t\t<div class=\"elementor-social-icons-wrapper elementor-grid\" role=\"list\">\n\t\t\t\t\t\t\t<span class=\"elementor-grid-item\" role=\"listitem\">\n\t\t\t\t\t<a class=\"elementor-icon elementor-social-icon elementor-social-icon-facebook elementor-repeater-item-08cf00c\" target=\"_blank\">\n\t\t\t\t\t\t<span class=\"elementor-screen-only\">Facebook<\/span>\n\t\t\t\t\t\t<i aria-hidden=\"true\" class=\"fab fa-facebook\"><\/i>\t\t\t\t\t<\/a>\n\t\t\t\t<\/span>\n\t\t\t\t\t\t\t<span class=\"elementor-grid-item\" role=\"listitem\">\n\t\t\t\t\t<a class=\"elementor-icon elementor-social-icon elementor-social-icon-instagram elementor-repeater-item-a390102\" target=\"_blank\">\n\t\t\t\t\t\t<span class=\"elementor-screen-only\">Instagram<\/span>\n\t\t\t\t\t\t<i aria-hidden=\"true\" class=\"fab fa-instagram\"><\/i>\t\t\t\t\t<\/a>\n\t\t\t\t<\/span>\n\t\t\t\t\t\t\t<span class=\"elementor-grid-item\" role=\"listitem\">\n\t\t\t\t\t<a class=\"elementor-icon elementor-social-icon elementor-social-icon-x-twitter elementor-repeater-item-4169bb8\" target=\"_blank\">\n\t\t\t\t\t\t<span class=\"elementor-screen-only\">X-twitter<\/span>\n\t\t\t\t\t\t<i aria-hidden=\"true\" class=\"fab fa-x-twitter\"><\/i>\t\t\t\t\t<\/a>\n\t\t\t\t<\/span>\n\t\t\t\t\t<\/div>\n\t\t\t\t\t\t<\/div>\n\t\t\t\t<\/div>\n\t\t\t\t\t<\/div>\n\t\t\t\t<\/div>\n\t\t\t\t<\/div>","protected":false},"excerpt":{"rendered":"<p>Startseite<br \/>\nKontakt<br \/>\nLassen Sie uns verbinden und \u00fcber Ihre Reisetr\u00e4ume sprechen<br \/>\nTalk about and plan what your travel dreams are this year, and we will help you to make your <\/p>","protected":false},"author":1,"featured_media":0,"parent":0,"menu_order":0,"comment_status":"closed","ping_status":"closed","template":"elementor_header_footer","meta":{"footnotes":""},"class_list":["post-11127","page","type-page","status-publish","hentry"],"_links":{"self":[{"href":"https:\/\/moroccodreamvoyage.com\/deutsh\/wp-json\/wp\/v2\/pages\/11127","targetHints":{"allow":["GET"]}}],"collection":[{"href":"https:\/\/moroccodreamvoyage.com\/deutsh\/wp-json\/wp\/v2\/pages"}],"about":[{"href":"https:\/\/moroccodreamvoyage.com\/deutsh\/wp-json\/wp\/v2\/types\/page"}],"author":[{"embeddable":true,"href":"https:\/\/moroccodreamvoyage.com\/deutsh\/wp-json\/wp\/v2\/users\/1"}],"replies":[{"embeddable":true,"href":"https:\/\/moroccodreamvoyage.com\/deutsh\/wp-json\/wp\/v2\/comments?post=11127"}],"version-history":[{"count":3,"href":"https:\/\/moroccodreamvoyage.com\/deutsh\/wp-json\/wp\/v2\/pages\/11127\/revisions"}],"predecessor-version":[{"id":12648,"href":"https:\/\/moroccodreamvoyage.com\/deutsh\/wp-json\/wp\/v2\/pages\/11127\/revisions\/12648"}],"wp:attachment":[{"href":"https:\/\/moroccodreamvoyage.com\/deutsh\/wp-json\/wp\/v2\/media?parent=11127"}],"curies":[{"name":"wp","href":"https:\/\/api.w.org\/{rel}","templated":true}]}}